{"id":3733,"date":"2025-01-24T12:44:06","date_gmt":"2025-01-24T12:44:06","guid":{"rendered":"https:\/\/schirmacher-hf.de\/travel-destinations-with-scroll-accordion\/"},"modified":"2025-01-24T12:44:06","modified_gmt":"2025-01-24T12:44:06","slug":"destinations-de-voyage-avec-laccordeon-de-defilement","status":"publish","type":"page","link":"https:\/\/schirmacher-hf.de\/fr\/travel-destinations-with-scroll-accordion\/","title":{"rendered":"Destinations de voyage avec l'accord\u00e9on d\u00e9roulant"},"content":{"rendered":"<div data-elementor-type=\"wp-post\" data-elementor-id=\"3733\" class=\"elementor elementor-3733\" data-elementor-post-type=\"page\">\n\t\t\t\t<div class=\"elementor-element elementor-element-43e0f85 e-flex e-con-boxed e-con e-parent\" data-id=\"43e0f85\" data-element_type=\"container\" data-e-type=\"container\">\n\t\t\t\t\t<div class=\"e-con-inner\">\n\t\t\t\t<div class=\"elementor-element elementor-element-2ae546b elementor-widget elementor-widget-text-editor\" data-id=\"2ae546b\" data-element_type=\"widget\" data-e-type=\"widget\" data-widget_type=\"text-editor.default\">\n\t\t\t\t\t\t\t\t\t<p>Faites d\u00e9filer la page pour voir l'accord\u00e9on en action ! Regardez le contenu se d\u00e9rouler avec un effet de parallaxe lisse, cr\u00e9ant une sensation dynamique de profondeur et d'interaction.<\/p>\t\t\t\t\t\t\t\t<\/div>\n\t\t\t\t\t<\/div>\n\t\t\t\t<\/div>\n\t\t<div class=\"elementor-element elementor-element-8cb7eab e-flex e-con-boxed e-con e-parent\" data-id=\"8cb7eab\" data-element_type=\"container\" data-e-type=\"container\" data-settings=\"{&quot;background_background&quot;:&quot;classic&quot;}\">\n\t\t\t\t\t<div class=\"e-con-inner\">\n\t\t<div class=\"elementor-element elementor-element-54fea12 e-con-full e-flex e-con e-child\" data-id=\"54fea12\" data-element_type=\"container\" data-e-type=\"container\">\n\t\t\t\t<div class=\"elementor-element elementor-element-1c90b55 elementor-widget elementor-widget-heading\" data-id=\"1c90b55\" data-element_type=\"widget\" data-e-type=\"widget\" data-widget_type=\"heading.default\">\n\t\t\t\t\t<h2 class=\"elementor-heading-title elementor-size-default\">Destinations de voyage<\/h2>\t\t\t\t<\/div>\n\t\t\t\t<div class=\"elementor-element elementor-element-3e251da elementor-widget elementor-widget-text-editor\" data-id=\"3e251da\" data-element_type=\"widget\" data-e-type=\"widget\" data-widget_type=\"text-editor.default\">\n\t\t\t\t\t\t\t\t\t<p>Explorez des villes embl\u00e9matiques et des destinations \u00e0 couper le souffle. Votre aventure inoubliable commence ici !<\/p>\t\t\t\t\t\t\t\t<\/div>\n\t\t\t\t<\/div>\n\t\t<div class=\"elementor-element elementor-element-839d10d e-con-full e-flex e-con e-child\" data-id=\"839d10d\" data-element_type=\"container\" data-e-type=\"container\">\n\t\t\t\t<div class=\"elementor-element elementor-element-82f0546 elementor-widget elementor-widget-spacer\" data-id=\"82f0546\" data-element_type=\"widget\" data-e-type=\"widget\" data-widget_type=\"spacer.default\">\n\t\t\t\t\t\t\t<div class=\"elementor-spacer\">\n\t\t\t<div class=\"elementor-spacer-inner\"><\/div>\n\t\t<\/div>\n\t\t\t\t\t\t<\/div>\n\t\t\t\t<\/div>\n\t\t\t\t\t<\/div>\n\t\t\t\t<\/div>\n\t\t<div class=\"elementor-element elementor-element-188378b e-flex e-con-boxed e-con e-parent\" data-id=\"188378b\" data-element_type=\"container\" data-e-type=\"container\">\n\t\t\t\t\t<div class=\"e-con-inner\">\n\t\t\t\t<div class=\"elementor-element elementor-element-55496c6 elementor-widget elementor-widget-text-editor\" data-id=\"55496c6\" data-element_type=\"widget\" data-e-type=\"widget\" data-widget_type=\"text-editor.default\">\n\t\t\t\t\t\t\t\t\t<p>Vous voulez revoir la d\u00e9mo ? Pas de probl\u00e8me ! Cliquez sur le bouton \u201aD\u00e9filement vers le haut\u2018 pour revenir au d\u00e9but et profiter \u00e0 nouveau de l'effet d'accord\u00e9on de d\u00e9filement tout en douceur.<\/p>\t\t\t\t\t\t\t\t<\/div>\n\t\t\t\t\t<\/div>\n\t\t\t\t<\/div>\n\t\t\t\t<\/div>","protected":false},"excerpt":{"rendered":"<p>Scroll down to experience the Scroll Accordion in action! Watch as the content unfolds with a smooth parallax effect, creating a dynamic sense of depth and interaction. Travel Destinations Explore iconic cities and breathtaking destinations. Your unforgettable adventure starts here! Sydney \u2013 Down Under\u2019s Gem \ud83c\udfd6\ufe0f Sydney, Australia Dive into the heart of Australia\u2019s iconic [&hellip;]<\/p>\n","protected":false},"author":1,"featured_media":0,"parent":0,"menu_order":0,"comment_status":"closed","ping_status":"closed","template":"","meta":{"_acf_changed":false,"footnotes":""},"class_list":["post-3733","page","type-page","status-publish","hentry"],"acf":[],"_links":{"self":[{"href":"https:\/\/schirmacher-hf.de\/fr\/wp-json\/wp\/v2\/pages\/3733","targetHints":{"allow":["GET"]}}],"collection":[{"href":"https:\/\/schirmacher-hf.de\/fr\/wp-json\/wp\/v2\/pages"}],"about":[{"href":"https:\/\/schirmacher-hf.de\/fr\/wp-json\/wp\/v2\/types\/page"}],"author":[{"embeddable":true,"href":"https:\/\/schirmacher-hf.de\/fr\/wp-json\/wp\/v2\/users\/1"}],"replies":[{"embeddable":true,"href":"https:\/\/schirmacher-hf.de\/fr\/wp-json\/wp\/v2\/comments?post=3733"}],"version-history":[{"count":0,"href":"https:\/\/schirmacher-hf.de\/fr\/wp-json\/wp\/v2\/pages\/3733\/revisions"}],"wp:attachment":[{"href":"https:\/\/schirmacher-hf.de\/fr\/wp-json\/wp\/v2\/media?parent=3733"}],"curies":[{"name":"wp","href":"https:\/\/api.w.org\/{rel}","templated":true}]}}