{"id":2893,"date":"2025-09-03T16:58:54","date_gmt":"2025-09-03T14:58:54","guid":{"rendered":"https:\/\/schirmacher-hf.de\/?page_id=2893"},"modified":"2026-02-11T10:08:18","modified_gmt":"2026-02-11T09:08:18","slug":"partenaire","status":"publish","type":"page","link":"https:\/\/schirmacher-hf.de\/fr\/partner\/","title":{"rendered":"Partenaire"},"content":{"rendered":"<div data-elementor-type=\"wp-page\" data-elementor-id=\"2893\" class=\"elementor elementor-2893\" data-elementor-post-type=\"page\">\n\t\t\t\t<div class=\"elementor-element elementor-element-3d6539d e-flex e-con-boxed e-con e-parent\" data-id=\"3d6539d\" data-element_type=\"container\" data-e-type=\"container\" data-settings=\"{&quot;background_background&quot;:&quot;classic&quot;}\">\n\t\t\t\t\t<div class=\"e-con-inner\">\n\t\t<div class=\"elementor-element elementor-element-203955a e-flex e-con-boxed e-con e-child\" data-id=\"203955a\" data-element_type=\"container\" data-e-type=\"container\" data-settings=\"{&quot;background_background&quot;:&quot;classic&quot;}\">\n\t\t\t\t\t<div class=\"e-con-inner\">\n\t\t\t\t<div class=\"elementor-element elementor-element-f8046bd elementor-widget elementor-widget-heading\" data-id=\"f8046bd\" data-element_type=\"widget\" data-e-type=\"widget\" data-widget_type=\"heading.default\">\n\t\t\t\t\t<h1 class=\"elementor-heading-title elementor-size-default\">Partenaire de vente et de service pour SCHIRMACHER<\/h1>\t\t\t\t<\/div>\n\t\t\t\t\t<\/div>\n\t\t\t\t<\/div>\n\t\t\t\t\t<\/div>\n\t\t\t\t<\/div>\n\t\t<div class=\"elementor-element elementor-element-c6c5451 e-flex e-con-boxed e-con e-parent\" data-id=\"c6c5451\" data-element_type=\"container\" data-e-type=\"container\">\n\t\t\t\t\t<div class=\"e-con-inner\">\n\t\t\t\t<div class=\"elementor-element elementor-element-f79e741 elementor-widget__width-initial elementor-widget elementor-widget-spacer\" data-id=\"f79e741\" data-element_type=\"widget\" data-e-type=\"widget\" data-widget_type=\"spacer.default\">\n\t\t\t\t\t\t\t<div class=\"elementor-spacer\">\n\t\t\t<div class=\"elementor-spacer-inner\"><\/div>\n\t\t<\/div>\n\t\t\t\t\t\t<\/div>\n\t\t\t\t<div class=\"elementor-element elementor-element-2eee6cd fwp_square elementor-invisible elementor-widget elementor-widget-heading\" data-id=\"2eee6cd\" data-element_type=\"widget\" data-e-type=\"widget\" data-settings=\"{&quot;_animation&quot;:&quot;fadeInUp&quot;}\" data-widget_type=\"heading.default\">\n\t\t\t\t\t<h2 class=\"elementor-heading-title elementor-size-default\">Notre r\u00e9seau mondial de partenaires - proximit\u00e9, confiance et comp\u00e9tence<\/h2>\t\t\t\t<\/div>\n\t\t\t\t\t<\/div>\n\t\t\t\t<\/div>\n\t\t<div class=\"elementor-element elementor-element-3c56544 e-flex e-con-boxed e-con e-parent\" data-id=\"3c56544\" data-element_type=\"container\" data-e-type=\"container\">\n\t\t\t\t\t<div class=\"e-con-inner\">\n\t\t<div class=\"elementor-element elementor-element-670d145 e-flex e-con-boxed e-con e-child\" data-id=\"670d145\" data-element_type=\"container\" data-e-type=\"container\">\n\t\t\t\t\t<div class=\"e-con-inner\">\n\t\t\t\t<div class=\"elementor-element elementor-element-9d53f46 elementor-widget-divider--view-line elementor-widget elementor-widget-divider\" data-id=\"9d53f46\" data-element_type=\"widget\" data-e-type=\"widget\" data-widget_type=\"divider.default\">\n\t\t\t\t\t\t\t<div class=\"elementor-divider\">\n\t\t\t<span class=\"elementor-divider-separator\">\n\t\t\t\t\t\t<\/span>\n\t\t<\/div>\n\t\t\t\t\t\t<\/div>\n\t\t\t\t<div class=\"elementor-element elementor-element-581f963 elementor-invisible elementor-widget elementor-widget-text-editor\" data-id=\"581f963\" data-element_type=\"widget\" data-e-type=\"widget\" data-settings=\"{&quot;_animation&quot;:&quot;fadeInUp&quot;}\" data-widget_type=\"text-editor.default\">\n\t\t\t\t\t\t\t\t\t<p>Depuis toujours, nous cultivons chez SCHIRMACHER une v\u00e9ritable culture de partenariat \u2013 avec nos clients, nos collaborateurs et, plus particuli\u00e8rement, avec nos partenaires commerciaux. Pour nous, une croissance durable ne repose pas sur des succ\u00e8s \u00e0 court terme, mais sur une coop\u00e9ration de confiance, \u00e0 long terme et d\u2019\u00e9gal \u00e0 \u00e9gal.\u00a0<\/p><p><strong><span style=\"font-family: 'Calibri',sans-serif;\">Afin de renforcer notre pr\u00e9sence internationale, nous recherchons des agents commerciaux et des entreprises de construction m\u00e9canique motiv\u00e9s, souhaitant plonger avec nous dans l\u2019univers de la technologie haute fr\u00e9quence et conqu\u00e9rir de nouveaux march\u00e9s.<\/span><\/strong><\/p><p>Si vous attachez de l\u2019importance au soutien mutuel, \u00e0 une communication ouverte et \u00e0 une coop\u00e9ration fond\u00e9e sur la confiance et des objectifs communs, nous serons ravis de faire votre connaissance \u2013 en tant que nouveau partenaire commercial ou de service.<\/p>\t\t\t\t\t\t\t\t<\/div>\n\t\t\t\t\t<\/div>\n\t\t\t\t<\/div>\n\t\t\t\t<div class=\"elementor-element elementor-element-fa5482e elementor-widget__width-initial elementor-widget elementor-widget-image\" data-id=\"fa5482e\" data-element_type=\"widget\" data-e-type=\"widget\" data-widget_type=\"image.default\">\n\t\t\t\t\t\t\t\t\t\t\t\t\t\t\t<img fetchpriority=\"high\" decoding=\"async\" width=\"800\" height=\"766\" src=\"https:\/\/schirmacher-hf.de\/wp-content\/uploads\/2025\/09\/IMG_1228-1024x980.jpg\" class=\"attachment-large size-large wp-image-2898\" alt=\"\" srcset=\"https:\/\/schirmacher-hf.de\/wp-content\/uploads\/2025\/09\/IMG_1228-1024x980.jpg 1024w, https:\/\/schirmacher-hf.de\/wp-content\/uploads\/2025\/09\/IMG_1228-300x287.jpg 300w, https:\/\/schirmacher-hf.de\/wp-content\/uploads\/2025\/09\/IMG_1228-768x735.jpg 768w, https:\/\/schirmacher-hf.de\/wp-content\/uploads\/2025\/09\/IMG_1228-1536x1470.jpg 1536w, https:\/\/schirmacher-hf.de\/wp-content\/uploads\/2025\/09\/IMG_1228-2048x1961.jpg 2048w, https:\/\/schirmacher-hf.de\/wp-content\/uploads\/2025\/09\/IMG_1228-13x12.jpg 13w\" sizes=\"(max-width: 800px) 100vw, 800px\" \/>\t\t\t\t\t\t\t\t\t\t\t\t\t\t\t<\/div>\n\t\t\t\t\t<\/div>\n\t\t\t\t<\/div>\n\t\t<div class=\"elementor-element elementor-element-4004a4a e-flex e-con-boxed e-con e-parent\" data-id=\"4004a4a\" data-element_type=\"container\" data-e-type=\"container\">\n\t\t\t\t\t<div class=\"e-con-inner\">\n\t\t\t\t<div class=\"elementor-element elementor-element-8d2cbf6 elementor-align-center elementor-widget elementor-widget-button\" data-id=\"8d2cbf6\" data-element_type=\"widget\" data-e-type=\"widget\" data-widget_type=\"button.default\">\n\t\t\t\t\t\t\t\t\t\t<a class=\"elementor-button elementor-button-link elementor-size-sm\" href=\"mailto:sales@schirmacher-hf.de?subject=I%20would%20like%20to%20become%20a%20sales%20or%20distribution%20partner%20for%20SCHIRMACHER-HF\">\n\t\t\t\t\t\t<span class=\"elementor-button-content-wrapper\">\n\t\t\t\t\t\t\t\t\t<span class=\"elementor-button-text\">Devenez un partenaire de vente\/service<\/span>\n\t\t\t\t\t<\/span>\n\t\t\t\t\t<\/a>\n\t\t\t\t\t\t\t\t<\/div>\n\t\t\t\t<div class=\"elementor-element elementor-element-f498d7d elementor-widget elementor-widget-spacer\" data-id=\"f498d7d\" data-element_type=\"widget\" data-e-type=\"widget\" data-widget_type=\"spacer.default\">\n\t\t\t\t\t\t\t<div class=\"elementor-spacer\">\n\t\t\t<div class=\"elementor-spacer-inner\"><\/div>\n\t\t<\/div>\n\t\t\t\t\t\t<\/div>\n\t\t\t\t\t<\/div>\n\t\t\t\t<\/div>\n\t\t\t\t<\/div>","protected":false},"excerpt":{"rendered":"<p>Sales- und Servicepartner f\u00fcr SCHIRMACHER Unser weltweites Partnernetzwerk \u2013 N\u00e4he, Vertrauen und Kompetenz Seit jeher leben wir bei SCHIRMACHER den Gedanken des partnerschaftlichen Miteinanders \u2013 mit unseren Kunden, mit unseren Mitarbeitenden und ganz besonders mit unseren Vertriebspartnern. Denn nachhaltiges Wachstum entsteht f\u00fcr uns nicht durch kurzfristige Erfolge, sondern durch vertrauensvolle, langfristige Zusammenarbeit auf Augenh\u00f6he.\u00a0 Um [&hellip;]<\/p>\n","protected":false},"author":1,"featured_media":0,"parent":0,"menu_order":0,"comment_status":"closed","ping_status":"closed","template":"","meta":{"_acf_changed":false,"footnotes":""},"class_list":["post-2893","page","type-page","status-publish","hentry"],"acf":[],"_links":{"self":[{"href":"https:\/\/schirmacher-hf.de\/fr\/wp-json\/wp\/v2\/pages\/2893","targetHints":{"allow":["GET"]}}],"collection":[{"href":"https:\/\/schirmacher-hf.de\/fr\/wp-json\/wp\/v2\/pages"}],"about":[{"href":"https:\/\/schirmacher-hf.de\/fr\/wp-json\/wp\/v2\/types\/page"}],"author":[{"embeddable":true,"href":"https:\/\/schirmacher-hf.de\/fr\/wp-json\/wp\/v2\/users\/1"}],"replies":[{"embeddable":true,"href":"https:\/\/schirmacher-hf.de\/fr\/wp-json\/wp\/v2\/comments?post=2893"}],"version-history":[{"count":1,"href":"https:\/\/schirmacher-hf.de\/fr\/wp-json\/wp\/v2\/pages\/2893\/revisions"}],"predecessor-version":[{"id":3921,"href":"https:\/\/schirmacher-hf.de\/fr\/wp-json\/wp\/v2\/pages\/2893\/revisions\/3921"}],"wp:attachment":[{"href":"https:\/\/schirmacher-hf.de\/fr\/wp-json\/wp\/v2\/media?parent=2893"}],"curies":[{"name":"wp","href":"https:\/\/api.w.org\/{rel}","templated":true}]}}