{"id":2696,"date":"2025-09-03T11:16:11","date_gmt":"2025-09-03T09:16:11","guid":{"rendered":"https:\/\/schirmacher-hf.de\/?page_id=2696"},"modified":"2026-02-11T10:16:41","modified_gmt":"2026-02-11T09:16:41","slug":"carriere","status":"publish","type":"page","link":"https:\/\/schirmacher-hf.de\/fr\/karriere\/","title":{"rendered":"Carri\u00e8re"},"content":{"rendered":"<div data-elementor-type=\"wp-page\" data-elementor-id=\"2696\" class=\"elementor elementor-2696\" data-elementor-post-type=\"page\">\n\t\t\t\t<div class=\"elementor-element elementor-element-8751668 e-flex e-con-boxed e-con e-parent\" data-id=\"8751668\" data-element_type=\"container\" data-e-type=\"container\" data-settings=\"{&quot;background_background&quot;:&quot;classic&quot;}\">\n\t\t\t\t\t<div class=\"e-con-inner\">\n\t\t<div class=\"elementor-element elementor-element-f646b54 e-flex e-con-boxed e-con e-child\" data-id=\"f646b54\" data-element_type=\"container\" data-e-type=\"container\" data-settings=\"{&quot;background_background&quot;:&quot;classic&quot;}\">\n\t\t\t\t\t<div class=\"e-con-inner\">\n\t\t\t\t<div class=\"elementor-element elementor-element-36e94e8 elementor-widget elementor-widget-heading\" data-id=\"36e94e8\" data-element_type=\"widget\" data-e-type=\"widget\" data-widget_type=\"heading.default\">\n\t\t\t\t\t<h1 class=\"elementor-heading-title elementor-size-default\">Carri\u00e8re<\/h1>\t\t\t\t<\/div>\n\t\t\t\t<div class=\"elementor-element elementor-element-f7d685f elementor-widget-divider--view-line elementor-widget elementor-widget-divider\" data-id=\"f7d685f\" data-element_type=\"widget\" data-e-type=\"widget\" data-widget_type=\"divider.default\">\n\t\t\t\t\t\t\t<div class=\"elementor-divider\">\n\t\t\t<span class=\"elementor-divider-separator\">\n\t\t\t\t\t\t<\/span>\n\t\t<\/div>\n\t\t\t\t\t\t<\/div>\n\t\t\t\t\t<\/div>\n\t\t\t\t<\/div>\n\t\t\t\t\t<\/div>\n\t\t\t\t<\/div>\n\t\t<div class=\"elementor-element elementor-element-f62a0a6 e-flex e-con-boxed e-con e-parent\" data-id=\"f62a0a6\" data-element_type=\"container\" data-e-type=\"container\">\n\t\t\t\t\t<div class=\"e-con-inner\">\n\t\t<div class=\"elementor-element elementor-element-1c2e85f e-con-full e-flex e-con e-child\" data-id=\"1c2e85f\" data-element_type=\"container\" data-e-type=\"container\">\n\t\t\t\t<div class=\"elementor-element elementor-element-cfe15c4 fwp_square elementor-invisible elementor-widget elementor-widget-heading\" data-id=\"cfe15c4\" data-element_type=\"widget\" data-e-type=\"widget\" data-settings=\"{&quot;_animation&quot;:&quot;fadeInUp&quot;}\" data-widget_type=\"heading.default\">\n\t\t\t\t\t<h2 class=\"elementor-heading-title elementor-size-default\">Offres d'emploi<\/h2>\t\t\t\t<\/div>\n\t\t\t\t<div class=\"elementor-element elementor-element-a084c87 elementor-widget elementor-widget-image\" data-id=\"a084c87\" data-element_type=\"widget\" data-e-type=\"widget\" data-widget_type=\"image.default\">\n\t\t\t\t\t\t\t\t\t\t\t\t\t\t\t<img fetchpriority=\"high\" decoding=\"async\" width=\"800\" height=\"534\" src=\"https:\/\/schirmacher-hf.de\/wp-content\/uploads\/2025\/08\/IMG_4706-2-1024x683.jpg\" class=\"attachment-large size-large wp-image-2420\" alt=\"\" srcset=\"https:\/\/schirmacher-hf.de\/wp-content\/uploads\/2025\/08\/IMG_4706-2-1024x683.jpg 1024w, https:\/\/schirmacher-hf.de\/wp-content\/uploads\/2025\/08\/IMG_4706-2-300x200.jpg 300w, https:\/\/schirmacher-hf.de\/wp-content\/uploads\/2025\/08\/IMG_4706-2-768x512.jpg 768w, https:\/\/schirmacher-hf.de\/wp-content\/uploads\/2025\/08\/IMG_4706-2-1536x1025.jpg 1536w, https:\/\/schirmacher-hf.de\/wp-content\/uploads\/2025\/08\/IMG_4706-2-18x12.jpg 18w, https:\/\/schirmacher-hf.de\/wp-content\/uploads\/2025\/08\/IMG_4706-2.jpg 2048w\" sizes=\"(max-width: 800px) 100vw, 800px\" \/>\t\t\t\t\t\t\t\t\t\t\t\t\t\t\t<\/div>\n\t\t\t\t<div class=\"elementor-element elementor-element-920b57e elementor-invisible elementor-widget elementor-widget-text-editor\" data-id=\"920b57e\" data-element_type=\"widget\" data-e-type=\"widget\" data-settings=\"{&quot;_animation&quot;:&quot;fadeInUp&quot;}\" data-widget_type=\"text-editor.default\">\n\t\t\t\t\t\t\t\t\t<p>Chez nous, des ing\u00e9nieur(e)s, des technicien(ne)s en \u00e9lectronique et des m\u00e9canicien(ne)s industriels travaillent ensemble sur des machines hautement sp\u00e9cialis\u00e9es dans le domaine de la technologie haute fr\u00e9quence.<\/p><p>Apr\u00e8s une courte phase d\u2019int\u00e9gration ax\u00e9e sur la pratique, vous prenez en charge vos propres domaines de responsabilit\u00e9 et projets \u2013 avec une r\u00e9elle libert\u00e9 de conception et des r\u00e9sultats visibles.<\/p>\t\t\t\t\t\t\t\t<\/div>\n\t\t\t\t<\/div>\n\t\t<div class=\"elementor-element elementor-element-cdab6f3 e-con-full e-flex e-con e-child\" data-id=\"cdab6f3\" data-element_type=\"container\" data-e-type=\"container\">\n\t\t\t\t<div class=\"elementor-element elementor-element-35d5eab fwp_square elementor-invisible elementor-widget elementor-widget-heading\" data-id=\"35d5eab\" data-element_type=\"widget\" data-e-type=\"widget\" data-settings=\"{&quot;_animation&quot;:&quot;fadeInUp&quot;}\" data-widget_type=\"heading.default\">\n\t\t\t\t\t<h2 class=\"elementor-heading-title elementor-size-default\">\u00c9tudiants<\/h2>\t\t\t\t<\/div>\n\t\t\t\t<div class=\"elementor-element elementor-element-3103635 elementor-invisible elementor-widget elementor-widget-text-editor\" data-id=\"3103635\" data-element_type=\"widget\" data-e-type=\"widget\" data-settings=\"{&quot;_animation&quot;:&quot;fadeInRight&quot;}\" data-widget_type=\"text-editor.default\">\n\t\t\t\t\t\t\t\t\t<p>Nous proposons aux \u00e9tudiants et futurs \u00e9tudiants motiv\u00e9s des domaines d'\u00e9tudes suivants\u00a0<strong>G\u00e9nie m\u00e9canique et t\u00e9l\u00e9communications<\/strong>\u00a0la possibilit\u00e9 d'entrer directement dans la pratique. Les \u00e9tudiants sont int\u00e9gr\u00e9s dans le travail quotidien et participent activement \u00e0 nos \u00e9quipes.<\/p><p><strong>Stage<\/strong><\/p><p>Si vous souhaitez effectuer un stage pr\u00e9liminaire ou principal ou si vous cherchez une entreprise o\u00f9 vous pouvez r\u00e9diger votre m\u00e9moire de fin d'\u00e9tudes ax\u00e9 sur la pratique. Heinz Schirmacher GmbH vous offre cette possibilit\u00e9.<\/p><p class=\"head\"><strong>Formation<\/strong><\/p><p>Une formation qualifi\u00e9e reste la meilleure base pour r\u00e9ussir votre carri\u00e8re professionnelle \u2013 encore plus lorsque vous d\u00e9butez dans une entreprise \u00e0 orientation technologique. Nous proposons des postes de formation pour les m\u00e9caniciens industriels et les \u00e9lectroniciens en techniques d\u2019exploitation. Pour en savoir plus sur chaque programme de formation, consultez les sites d\u2019information des Chambres de commerce et d\u2019industrie.<\/p>\t\t\t\t\t\t\t\t<\/div>\n\t\t\t\t<\/div>\n\t\t\t\t\t<\/div>\n\t\t\t\t<\/div>\n\t\t<div class=\"elementor-element elementor-element-44e137b e-flex e-con-boxed e-con e-parent\" data-id=\"44e137b\" data-element_type=\"container\" data-e-type=\"container\">\n\t\t\t\t\t<div class=\"e-con-inner\">\n\t\t<div class=\"elementor-element elementor-element-ae0231b e-flex e-con-boxed e-con e-child\" data-id=\"ae0231b\" data-element_type=\"container\" data-e-type=\"container\">\n\t\t\t\t\t<div class=\"e-con-inner\">\n\t\t\t\t<div class=\"elementor-element elementor-element-b4900ab fwp_square elementor-invisible elementor-widget elementor-widget-heading\" data-id=\"b4900ab\" data-element_type=\"widget\" data-e-type=\"widget\" data-settings=\"{&quot;_animation&quot;:&quot;fadeInUp&quot;}\" data-widget_type=\"heading.default\">\n\t\t\t\t\t<h2 class=\"elementor-heading-title elementor-size-default\">Offres d'emploi actuelles\n<\/h2>\t\t\t\t<\/div>\n\t\t\t\t<div class=\"elementor-element elementor-element-259674b elementor-widget-divider--view-line elementor-widget elementor-widget-divider\" data-id=\"259674b\" data-element_type=\"widget\" data-e-type=\"widget\" data-widget_type=\"divider.default\">\n\t\t\t\t\t\t\t<div class=\"elementor-divider\">\n\t\t\t<span class=\"elementor-divider-separator\">\n\t\t\t\t\t\t<\/span>\n\t\t<\/div>\n\t\t\t\t\t\t<\/div>\n\t\t\t\t\t<\/div>\n\t\t\t\t<\/div>\n\t\t\t\t\t<\/div>\n\t\t\t\t<\/div>\n\t\t<div class=\"elementor-element elementor-element-1ea832a e-flex e-con-boxed e-con e-parent\" data-id=\"1ea832a\" data-element_type=\"container\" data-e-type=\"container\">\n\t\t\t\t\t<div class=\"e-con-inner\">\n\t\t<div class=\"elementor-element elementor-element-225a8df e-con-full e-flex e-con e-child\" data-id=\"225a8df\" data-element_type=\"container\" data-e-type=\"container\">\n\t\t\t\t<div class=\"elementor-element elementor-element-8b8af6c elementor-grid-1 elementor-posts--thumbnail-none elementor-grid-tablet-1 elementor-grid-mobile-1 elementor-card-shadow-yes elementor-posts__hover-gradient elementor-widget elementor-widget-posts\" data-id=\"8b8af6c\" data-element_type=\"widget\" data-e-type=\"widget\" data-settings=\"{&quot;cards_columns&quot;:&quot;1&quot;,&quot;cards_columns_tablet&quot;:&quot;1&quot;,&quot;cards_columns_mobile&quot;:&quot;1&quot;,&quot;cards_row_gap&quot;:{&quot;unit&quot;:&quot;px&quot;,&quot;size&quot;:35,&quot;sizes&quot;:[]},&quot;cards_row_gap_tablet&quot;:{&quot;unit&quot;:&quot;px&quot;,&quot;size&quot;:&quot;&quot;,&quot;sizes&quot;:[]},&quot;cards_row_gap_mobile&quot;:{&quot;unit&quot;:&quot;px&quot;,&quot;size&quot;:&quot;&quot;,&quot;sizes&quot;:[]}}\" data-widget_type=\"posts.cards\">\n\t\t\t\t<div class=\"elementor-widget-container\">\n\t\t\t\t\t\t\t<div class=\"elementor-posts-container elementor-posts elementor-posts--skin-cards elementor-grid\" role=\"list\">\n\t\t\t\t<article class=\"elementor-post elementor-grid-item post-2683 karriere type-karriere status-publish hentry\" role=\"listitem\">\n\t\t\t<div class=\"elementor-post__card\">\n\t\t\t\t<div class=\"elementor-post__text\">\n\t\t\t\t<h3 class=\"elementor-post__title\">\n\t\t\t<a href=\"https:\/\/schirmacher-hf.de\/fr\/karriere\/elektroniker-in-fuer-betriebstechnik-m-w-d\/\" >\n\t\t\t\tElectronicien(ne) en technique d'exploitation (h\/f\/x)\t\t\t<\/a>\n\t\t<\/h3>\n\t\t\n\t\t<a class=\"elementor-post__read-more\" href=\"https:\/\/schirmacher-hf.de\/fr\/karriere\/elektroniker-in-fuer-betriebstechnik-m-w-d\/\" aria-label=\"En savoir plus sur Electronicien\/ne en technique d&#039;exploitation (h\/f\/x)\" tabindex=\"-1\" >\n\t\t\tvers l'offre d'emploi \"\t\t<\/a>\n\n\t\t\t\t<\/div>\n\t\t\t\t\t<\/div>\n\t\t<\/article>\n\t\t\t\t<article class=\"elementor-post elementor-grid-item post-2758 karriere type-karriere status-publish hentry\" role=\"listitem\">\n\t\t\t<div class=\"elementor-post__card\">\n\t\t\t\t<div class=\"elementor-post__text\">\n\t\t\t\t<h3 class=\"elementor-post__title\">\n\t\t\t<a href=\"https:\/\/schirmacher-hf.de\/fr\/karriere\/servicetechniker-m-w-d\/\" >\n\t\t\t\tTechnicien de service (m\/f\/x)\t\t\t<\/a>\n\t\t<\/h3>\n\t\t\n\t\t<a class=\"elementor-post__read-more\" href=\"https:\/\/schirmacher-hf.de\/fr\/karriere\/servicetechniker-m-w-d\/\" aria-label=\"En savoir plus sur Technicien de maintenance (h\/f\/x)\" tabindex=\"-1\" >\n\t\t\tvers l'offre d'emploi \"\t\t<\/a>\n\n\t\t\t\t<\/div>\n\t\t\t\t\t<\/div>\n\t\t<\/article>\n\t\t\t\t<article class=\"elementor-post elementor-grid-item post-2760 karriere type-karriere status-publish hentry\" role=\"listitem\">\n\t\t\t<div class=\"elementor-post__card\">\n\t\t\t\t<div class=\"elementor-post__text\">\n\t\t\t\t<h3 class=\"elementor-post__title\">\n\t\t\t<a href=\"https:\/\/schirmacher-hf.de\/fr\/karriere\/programmierer-in-automatisierungstechnik-m-w-d\/\" >\n\t\t\t\tProgrammeur\/euse en technique d'automatisation (h\/f\/x)\t\t\t<\/a>\n\t\t<\/h3>\n\t\t\n\t\t<a class=\"elementor-post__read-more\" href=\"https:\/\/schirmacher-hf.de\/fr\/karriere\/programmierer-in-automatisierungstechnik-m-w-d\/\" aria-label=\"En savoir plus sur Programmeur\/euse en automation (h\/f\/x)\" tabindex=\"-1\" >\n\t\t\tvers l'offre d'emploi \"\t\t<\/a>\n\n\t\t\t\t<\/div>\n\t\t\t\t\t<\/div>\n\t\t<\/article>\n\t\t\t\t<article class=\"elementor-post elementor-grid-item post-2762 karriere type-karriere status-publish hentry\" role=\"listitem\">\n\t\t\t<div class=\"elementor-post__card\">\n\t\t\t\t<div class=\"elementor-post__text\">\n\t\t\t\t<h3 class=\"elementor-post__title\">\n\t\t\t<a href=\"https:\/\/schirmacher-hf.de\/fr\/karriere\/azubi-elektroniker-fuer-betriebstechnik\/\" >\n\t\t\t\tApprenti \u00e9lectronicien en technique d'exploitation (m\/f)\t\t\t<\/a>\n\t\t<\/h3>\n\t\t\n\t\t<a class=\"elementor-post__read-more\" href=\"https:\/\/schirmacher-hf.de\/fr\/karriere\/azubi-elektroniker-fuer-betriebstechnik\/\" aria-label=\"En savoir plus sur Azubi Elektroniker f\u00fcr Betriebsstechnik (m\/w\/d) (apprenti \u00e9lectronicien en technique d&#039;exploitation)\" tabindex=\"-1\" >\n\t\t\tvers l'offre d'emploi \"\t\t<\/a>\n\n\t\t\t\t<\/div>\n\t\t\t\t\t<\/div>\n\t\t<\/article>\n\t\t\t\t<article class=\"elementor-post elementor-grid-item post-3061 karriere type-karriere status-publish hentry\" role=\"listitem\">\n\t\t\t<div class=\"elementor-post__card\">\n\t\t\t\t<div class=\"elementor-post__text\">\n\t\t\t\t<h3 class=\"elementor-post__title\">\n\t\t\t<a href=\"https:\/\/schirmacher-hf.de\/fr\/karriere\/azubi-industriemechaniker-fachrichtung-maschinen-und-anlagenbau\/\" >\n\t\t\t\tApprenti m\u00e9canicien industriel (m\/f) - Construction de machines et d'installations\t\t\t<\/a>\n\t\t<\/h3>\n\t\t\n\t\t<a class=\"elementor-post__read-more\" href=\"https:\/\/schirmacher-hf.de\/fr\/karriere\/azubi-industriemechaniker-fachrichtung-maschinen-und-anlagenbau\/\" aria-label=\"En savoir plus sur Apprenti m\u00e9canicien industriel (h\/f) - Construction de machines et d&#039;installations\" tabindex=\"-1\" >\n\t\t\tvers l'offre d'emploi \"\t\t<\/a>\n\n\t\t\t\t<\/div>\n\t\t\t\t\t<\/div>\n\t\t<\/article>\n\t\t\t\t<article class=\"elementor-post elementor-grid-item post-3864 karriere type-karriere status-publish hentry\" role=\"listitem\">\n\t\t\t<div class=\"elementor-post__card\">\n\t\t\t\t<div class=\"elementor-post__text\">\n\t\t\t\t<h3 class=\"elementor-post__title\">\n\t\t\t<a href=\"https:\/\/schirmacher-hf.de\/fr\/karriere\/auftragsbearbeitung-im-vertrieb-m-w-x\/\" >\n\t\t\t\tTraitement des commandes dans la distribution (h\/f\/x)\t\t\t<\/a>\n\t\t<\/h3>\n\t\t\n\t\t<a class=\"elementor-post__read-more\" href=\"https:\/\/schirmacher-hf.de\/fr\/karriere\/auftragsbearbeitung-im-vertrieb-m-w-x\/\" aria-label=\"En savoir plus sur Traitement des commandes dans la distribution (h\/f\/x)\" tabindex=\"-1\" >\n\t\t\tvers l'offre d'emploi \"\t\t<\/a>\n\n\t\t\t\t<\/div>\n\t\t\t\t\t<\/div>\n\t\t<\/article>\n\t\t\t\t<article class=\"elementor-post elementor-grid-item post-3876 karriere type-karriere status-publish hentry\" role=\"listitem\">\n\t\t\t<div class=\"elementor-post__card\">\n\t\t\t\t<div class=\"elementor-post__text\">\n\t\t\t\t<h3 class=\"elementor-post__title\">\n\t\t\t<a href=\"https:\/\/schirmacher-hf.de\/fr\/karriere\/azubi-industriekaufleute-m-w-d\/\" >\n\t\t\t\tApprenti agent commercial industriel (m\/f)\t\t\t<\/a>\n\t\t<\/h3>\n\t\t\n\t\t<a class=\"elementor-post__read-more\" href=\"https:\/\/schirmacher-hf.de\/fr\/karriere\/azubi-industriekaufleute-m-w-d\/\" aria-label=\"En savoir plus sur Azubi Industriekaufleute (h\/f)\" tabindex=\"-1\" >\n\t\t\tvers l'offre d'emploi \"\t\t<\/a>\n\n\t\t\t\t<\/div>\n\t\t\t\t\t<\/div>\n\t\t<\/article>\n\t\t\t\t<article class=\"elementor-post elementor-grid-item post-4001 karriere type-karriere status-publish hentry\" role=\"listitem\">\n\t\t\t<div class=\"elementor-post__card\">\n\t\t\t\t<div class=\"elementor-post__text\">\n\t\t\t\t<h3 class=\"elementor-post__title\">\n\t\t\t<a href=\"https:\/\/schirmacher-hf.de\/fr\/karriere\/industriemechaniker-m-w-x-metallfacharbeiter-m-w-x\/\" >\n\t\t\t\tM\u00e9canicien industriel (m\/f\/x) \/ ouvrier qualifi\u00e9 en m\u00e9tallurgie (m\/f\/x)\t\t\t<\/a>\n\t\t<\/h3>\n\t\t\n\t\t<a class=\"elementor-post__read-more\" href=\"https:\/\/schirmacher-hf.de\/fr\/karriere\/industriemechaniker-m-w-x-metallfacharbeiter-m-w-x\/\" aria-label=\"En savoir plus sur M\u00e9canicien industriel (h\/f\/x) \/ Ouvrier qualifi\u00e9 en m\u00e9tallurgie (h\/f\/x)\" tabindex=\"-1\" >\n\t\t\tvers l'offre d'emploi \"\t\t<\/a>\n\n\t\t\t\t<\/div>\n\t\t\t\t\t<\/div>\n\t\t<\/article>\n\t\t\t\t<\/div>\n\t\t\n\t\t\t\t\t\t<\/div>\n\t\t\t\t<\/div>\n\t\t\t\t<\/div>\n\t\t\t\t\t<\/div>\n\t\t\t\t<\/div>\n\t\t\t\t<\/div>","protected":false},"excerpt":{"rendered":"<p>Carri\u00e8re Offres d'emploi Chez nous, des ing\u00e9nieurs, des \u00e9lectroniciens et des m\u00e9caniciens industriels travaillent ensemble sur des machines hautement sp\u00e9cialis\u00e9es pour la technique haute fr\u00e9quence. Apr\u00e8s une br\u00e8ve formation pratique, vous prenez en charge vos propres domaines d'activit\u00e9.<\/p>","protected":false},"author":1,"featured_media":0,"parent":0,"menu_order":0,"comment_status":"closed","ping_status":"closed","template":"","meta":{"_acf_changed":false,"footnotes":""},"class_list":["post-2696","page","type-page","status-publish","hentry"],"acf":[],"_links":{"self":[{"href":"https:\/\/schirmacher-hf.de\/fr\/wp-json\/wp\/v2\/pages\/2696","targetHints":{"allow":["GET"]}}],"collection":[{"href":"https:\/\/schirmacher-hf.de\/fr\/wp-json\/wp\/v2\/pages"}],"about":[{"href":"https:\/\/schirmacher-hf.de\/fr\/wp-json\/wp\/v2\/types\/page"}],"author":[{"embeddable":true,"href":"https:\/\/schirmacher-hf.de\/fr\/wp-json\/wp\/v2\/users\/1"}],"replies":[{"embeddable":true,"href":"https:\/\/schirmacher-hf.de\/fr\/wp-json\/wp\/v2\/comments?post=2696"}],"version-history":[{"count":1,"href":"https:\/\/schirmacher-hf.de\/fr\/wp-json\/wp\/v2\/pages\/2696\/revisions"}],"predecessor-version":[{"id":3925,"href":"https:\/\/schirmacher-hf.de\/fr\/wp-json\/wp\/v2\/pages\/2696\/revisions\/3925"}],"wp:attachment":[{"href":"https:\/\/schirmacher-hf.de\/fr\/wp-json\/wp\/v2\/media?parent=2696"}],"curies":[{"name":"wp","href":"https:\/\/api.w.org\/{rel}","templated":true}]}}