{"id":2579,"date":"2025-09-02T11:26:53","date_gmt":"2025-09-02T09:26:53","guid":{"rendered":"https:\/\/schirmacher-hf.de\/?page_id=2579"},"modified":"2025-10-01T19:25:35","modified_gmt":"2025-10-01T17:25:35","slug":"protection-des-donnees","status":"publish","type":"page","link":"https:\/\/schirmacher-hf.de\/fr\/datenschutz\/","title":{"rendered":"Protection des donn\u00e9es"},"content":{"rendered":"<div data-elementor-type=\"wp-page\" data-elementor-id=\"2579\" class=\"elementor elementor-2579\" data-elementor-post-type=\"page\">\n\t\t\t\t<div class=\"elementor-element elementor-element-8751668 e-flex e-con-boxed e-con e-parent\" data-id=\"8751668\" data-element_type=\"container\" data-e-type=\"container\" data-settings=\"{&quot;background_background&quot;:&quot;classic&quot;}\">\n\t\t\t\t\t<div class=\"e-con-inner\">\n\t\t<div class=\"elementor-element elementor-element-f646b54 e-flex e-con-boxed e-con e-child\" data-id=\"f646b54\" data-element_type=\"container\" data-e-type=\"container\" data-settings=\"{&quot;background_background&quot;:&quot;classic&quot;}\">\n\t\t\t\t\t<div class=\"e-con-inner\">\n\t\t\t\t<div class=\"elementor-element elementor-element-36e94e8 elementor-widget elementor-widget-heading\" data-id=\"36e94e8\" data-element_type=\"widget\" data-e-type=\"widget\" data-widget_type=\"heading.default\">\n\t\t\t\t\t<h1 class=\"elementor-heading-title elementor-size-default\">D\u00e9claration de confidentialit\u00e9<\/h1>\t\t\t\t<\/div>\n\t\t\t\t<div class=\"elementor-element elementor-element-f7d685f elementor-widget-divider--view-line elementor-widget elementor-widget-divider\" data-id=\"f7d685f\" data-element_type=\"widget\" data-e-type=\"widget\" data-widget_type=\"divider.default\">\n\t\t\t\t\t\t\t<div class=\"elementor-divider\">\n\t\t\t<span class=\"elementor-divider-separator\">\n\t\t\t\t\t\t<\/span>\n\t\t<\/div>\n\t\t\t\t\t\t<\/div>\n\t\t\t\t\t<\/div>\n\t\t\t\t<\/div>\n\t\t\t\t\t<\/div>\n\t\t\t\t<\/div>\n\t\t<div class=\"elementor-element elementor-element-c6c5451 e-flex e-con-boxed e-con e-parent\" data-id=\"c6c5451\" data-element_type=\"container\" data-e-type=\"container\">\n\t\t\t\t\t<div class=\"e-con-inner\">\n\t\t\t\t<div class=\"elementor-element elementor-element-c3de670 elementor-widget elementor-widget-text-editor\" data-id=\"c3de670\" data-element_type=\"widget\" data-e-type=\"widget\" data-widget_type=\"text-editor.default\">\n\t\t\t\t\t\t\t\t\t<p><strong>Dans cette d\u00e9claration de protection des donn\u00e9es, vous apprendrez (comme d\u00e9fini ci-dessous) comment Heinz Schirmacher GmbH collecte et utilise vos donn\u00e9es personnelles et comment vous pouvez contr\u00f4ler leur utilisation.<\/strong><\/p>\t\t\t\t\t\t\t\t<\/div>\n\t\t\t\t\t<\/div>\n\t\t\t\t<\/div>\n\t\t<div class=\"elementor-element elementor-element-2dcc5ee e-flex e-con-boxed e-con e-parent\" data-id=\"2dcc5ee\" data-element_type=\"container\" data-e-type=\"container\">\n\t\t\t\t\t<div class=\"e-con-inner\">\n\t\t\t\t<div class=\"elementor-element elementor-element-51f758e elementor-widget elementor-widget-text-editor\" data-id=\"51f758e\" data-element_type=\"widget\" data-e-type=\"widget\" data-widget_type=\"text-editor.default\">\n\t\t\t\t\t\t\t\t\t<p>La soci\u00e9t\u00e9 Heinz Schirmacher GmbH (ci-apr\u00e8s d\u00e9nomm\u00e9e \"Schirmacher\"),<\/p><p>traite les donn\u00e9es personnelles dans le cadre de ses activit\u00e9s commerciales, y compris les donn\u00e9es personnelles des personnes qui utilisent et parcourent le site web de Schirmacher et qui transmettent des informations via le formulaire de contact.<\/p><p>Le service responsable au sens des lois sur la protection des donn\u00e9es, en particulier du r\u00e8glement g\u00e9n\u00e9ral sur la protection des donn\u00e9es (RGPD) de l'UE, est :<\/p><p>Heinz Schirmacher GmbH<\/p><p>T\u00e9l\u00e9phone : +49 \/ 4154 \/ 8616 - 0<\/p><p>T\u00e9l\u00e9copieur : +49 \/ 4154 \/ 3018<\/p><p>Courrier \u00e9lectronique : datenschutz@schirmacher-hf.de<\/p><p>Lien vers les mentions l\u00e9gales : http:\/\/www.schirmacher-hf.de\/en\/impressum.html<\/p><p>repr\u00e9sent\u00e9e par<\/p><p>Directeur g\u00e9n\u00e9ral Sven Kuntschmann<\/p><p>\u00a0<\/p><h3>1) Champ d'application de la pr\u00e9sente d\u00e9claration de confidentialit\u00e9 et droits des personnes concern\u00e9es<\/h3><p>La pr\u00e9sente d\u00e9claration de confidentialit\u00e9 contient les principes et directives en vigueur pour la protection de vos donn\u00e9es personnelles, y compris vos donn\u00e9es personnelles collect\u00e9es via le formulaire de contact.<\/p><p>Les donn\u00e9es \u00e0 caract\u00e8re personnel (\"donn\u00e9es personnelles\") sont toutes les donn\u00e9es qui permettent d'identifier une personne. Les donn\u00e9es non personnelles sont des donn\u00e9es qui ne permettent pas d'identifier une personne.<\/p><p>Schirmacher collecte des donn\u00e9es personnelles en ligne et hors ligne (par exemple via une carte de visite remise spontan\u00e9ment \u00e0 un collaborateur de Schirmacher). La pr\u00e9sente d\u00e9claration de protection des donn\u00e9es s'applique ind\u00e9pendamment de la proc\u00e9dure de collecte.<\/p><p>\u00a0<\/p><h3>2) Droits relatifs \u00e0 la protection des donn\u00e9es \u00e0 caract\u00e8re personnel<\/h3><p>Schirmacher s'assure de mani\u00e8re raisonnable que les donn\u00e9es personnelles collect\u00e9es sont utilis\u00e9es aux fins mentionn\u00e9es dans la pr\u00e9sente d\u00e9claration de confidentialit\u00e9. Vous avez le droit de consulter vos donn\u00e9es personnelles. Vous avez \u00e9galement le droit de demander que vos donn\u00e9es personnelles soient corrig\u00e9es, compl\u00e9t\u00e9es, mises \u00e0 jour et supprim\u00e9es. Vous avez \u00e9galement le droit d'obtenir une copie de vos donn\u00e9es personnelles enregistr\u00e9es chez Schirmacher.<\/p><p><strong>Droits des personnes concern\u00e9es<\/strong><\/p><p>Vous avez le droit d'obtenir la confirmation que les donn\u00e9es concern\u00e9es sont ou ne sont pas trait\u00e9es et d'acc\u00e9der \u00e0 ces donn\u00e9es, ainsi que d'obtenir des informations suppl\u00e9mentaires et une copie des donn\u00e9es conform\u00e9ment \u00e0 l'article 15 du RGPD.<\/p><p>Vous avez le droit, conform\u00e9ment \u00e0. Vous avez le droit, conform\u00e9ment \u00e0 l'article 16 du RGPD, d'exiger que les donn\u00e9es vous concernant soient compl\u00e9t\u00e9es ou que les donn\u00e9es inexactes vous concernant soient rectifi\u00e9es.<\/p><p>Conform\u00e9ment \u00e0 l'article 17 du RGPD, vous avez le droit d'exiger que les donn\u00e9es concern\u00e9es soient imm\u00e9diatement effac\u00e9es ou, \u00e0 d\u00e9faut, conform\u00e9ment \u00e0 l'article 18 du RGPD, d'exiger une limitation du traitement des donn\u00e9es.<\/p><p>Vous avez le droit de demander \u00e0 recevoir les donn\u00e9es vous concernant que vous nous avez fournies, conform\u00e9ment \u00e0 l'article 20 du RGPD, et de demander leur transmission \u00e0 d'autres responsables.<\/p><p>Vous avez \u00e9galement le droit, conform\u00e9ment \u00e0 l'article 77 du RGPD, d'introduire une r\u00e9clamation aupr\u00e8s de l'autorit\u00e9 de contr\u00f4le comp\u00e9tente.<\/p><p><strong>Droit de r\u00e9tractation<\/strong><\/p><p>Si vous avez donn\u00e9 votre consentement, vous pouvez le r\u00e9voquer \u00e0 tout moment avec effet pour l'avenir.<\/p><p><strong>Droit d'opposition<\/strong><\/p><p>Vous pouvez vous opposer \u00e0 tout moment au traitement futur des donn\u00e9es vous concernant, conform\u00e9ment \u00e0 l'article 21 du RGPD.<\/p><p><strong>Contact<\/strong><\/p><p>Dans tous les cas, vous pouvez exercer votre droit d'acc\u00e8s aux donn\u00e9es et de correction des donn\u00e9es en envoyant une<\/p><p>Envoyer un e-mail \u00e0 datenschutz@schirmacher-hf.de<\/p><p>**L'exercice de vos droits en tant que personne concern\u00e9e est en principe gratuit. Toutefois, conform\u00e9ment \u00e0 l'article 12, paragraphe 5, du RGPD, nous nous r\u00e9servons le droit de facturer des frais raisonnables ou de refuser de traiter les demandes qui sont manifestement infond\u00e9es ou excessives. **Schirmacher peut refuser l'acc\u00e8s aux donn\u00e9es \u00e0 caract\u00e8re personnel dans certaines circonstances d\u00e9finies par les lois et r\u00e9glementations applicables.<\/p><p>~~En fonction de l'ampleur de la demande, Schirmacher se r\u00e9serve le droit de facturer une somme raisonnable pour couvrir les frais occasionn\u00e9s par l'acc\u00e8s, la modification et la suppression des donn\u00e9es personnelles.<\/p><p>\u00a0<\/p><h3>3. donn\u00e9es collect\u00e9es<\/h3><p>Les donn\u00e9es personnelles recueillies aupr\u00e8s des personnes qui nous fournissent des informations aux fins indiqu\u00e9es ci-dessous peuvent comprendre les \u00e9l\u00e9ments suivants :<\/p><p>Adresse IP<\/p><p>Contenu des cookies<\/p><p>Titre de civilit\u00e9<\/p><p>Pr\u00e9nom et nom de famille<\/p><p>Adresse postale<\/p><p>Adresse \u00e9lectronique<\/p><p>Num\u00e9ro(s) de t\u00e9l\u00e9phone<\/p><p>Fonction\/activit\u00e9<\/p><p>Branche et sous-branche<\/p><p>d'autres donn\u00e9es qui peuvent \u00eatre n\u00e9cessaires aux fins \u00e9num\u00e9r\u00e9es ci-dessous<\/p><p>Dans tous les cas, seules les donn\u00e9es \u00e0 caract\u00e8re personnel n\u00e9cessaires aux fins mentionn\u00e9es dans la pr\u00e9sente section 3 sont collect\u00e9es.<\/p><p>\u00a0<\/p><h3>4) les finalit\u00e9s du traitement des donn\u00e9es \u00e0 caract\u00e8re personnel<\/h3><p>Schirmacher collecte et utilise vos donn\u00e9es personnelles dans le but de r\u00e9aliser ses<\/p><p>op\u00e9rations effectu\u00e9es conform\u00e9ment aux bases juridiques et aux fins suivantes :<\/p><p>Activit\u00e9s de traitement fond\u00e9es sur l'ex\u00e9cution d'un contrat :<\/p><p>pour permettre \u00e0 Schirmacher de g\u00e9rer ses relations d'affaires, y compris les opportunit\u00e9s de vente, les offres commerciales, les achats, les contrats, les commandes et les factures, qui peuvent inclure des donn\u00e9es de communication (par exemple, des messages de chat, des e-mails et des messages vocaux) ;<\/p><p>pour vous fournir des services commerciaux ou d'assistance ;<\/p><p>pour permettre \u00e0 Schirmacher de g\u00e9rer ses activit\u00e9s de recherche et de d\u00e9veloppement, y compris les demandes de d\u00e9veloppement, les incidents et les contr\u00f4les de stabilit\u00e9 des produits ;<\/p><p>afin de permettre \u00e0 Schirmacher de remplir ses obligations contractuelles d\u00e9coulant de ses contrats de travail ou autres.<\/p><p>Traitement des activit\u00e9s bas\u00e9es sur les int\u00e9r\u00eats l\u00e9gitimes de Schirmacher :<\/p><p>pour traiter une candidature de votre part et g\u00e9rer les sources de recrutement. L'int\u00e9r\u00eat l\u00e9gitime r\u00e9side dans la mise en \u0153uvre d'une gestion efficace des candidatures, qui ne pr\u00e9vaut pas sur vos int\u00e9r\u00eats l\u00e9gitimes.<\/p><p>\u00a0<\/p><h3>5) Transfert et destinataires des donn\u00e9es \u00e0 caract\u00e8re personnel<\/h3><p>Dans certains cas, les donn\u00e9es \u00e0 caract\u00e8re personnel peuvent \u00eatre transmises \u00e0 des entreprises mandat\u00e9es aux fins mentionn\u00e9es \u00e0 la section 3 de la pr\u00e9sente d\u00e9claration de confidentialit\u00e9 et utilis\u00e9es par celles-ci dans le cadre de la d\u00e9claration de confidentialit\u00e9.<\/p><p>Si Schirmacher est inform\u00e9 que des tiers auxquels Schirmacher a transmis des donn\u00e9es personnelles aux fins mentionn\u00e9es dans la section 3 utilisent ou divulguent ces donn\u00e9es personnelles en violation de la pr\u00e9sente d\u00e9claration de confidentialit\u00e9 ou des lois applicables, Schirmacher prendra des mesures raisonnables pour emp\u00eacher ou faire cesser cette utilisation ou cette divulgation.<\/p><p>Schirmacher divulguera \u00e9galement ces informations personnelles si la loi l'exige ou si Schirmacher croit de bonne foi que cela est n\u00e9cessaire dans le cadre d'une proc\u00e9dure l\u00e9gale (par exemple, un mandat de perquisition, une citation \u00e0 compara\u00eetre ou toute autre ordonnance du tribunal) ou pour prot\u00e9ger les droits, la propri\u00e9t\u00e9 ou la s\u00e9curit\u00e9 personnelle de Schirmacher, de nos clients et du public.<\/p><p>Ces transmissions peuvent se faire par Internet, par e-mail, par fax ou par toute autre m\u00e9thode que Schirmacher juge appropri\u00e9e et conforme \u00e0 la loi applicable.<\/p><p>\u00a0<\/p><h3>6) P\u00e9riode de conservation des donn\u00e9es \u00e0 caract\u00e8re personnel<\/h3><p>Schirmacher ne conserve pas vos donn\u00e9es personnelles plus longtemps que n\u00e9cessaire. Les d\u00e9lais de conservation peuvent varier en fonction des cat\u00e9gories de donn\u00e9es et des activit\u00e9s de traitement.<\/p><p>Les d\u00e9lais de conservation concrets suivants s'appliquent en compl\u00e9ment des principes g\u00e9n\u00e9raux mentionn\u00e9s ci-apr\u00e8s :<\/p><ul><li><strong>Fichiers journaux du serveur : 7 jours maximum.<\/strong><\/li><li><strong>Demandes via le formulaire de contact : Les donn\u00e9es sont enregistr\u00e9es jusqu'au traitement final de la demande et supprim\u00e9es au plus tard apr\u00e8s 6 mois, dans la mesure o\u00f9 aucune obligation l\u00e9gale de conservation ne s'y oppose (par ex. en cas de conclusion d'un contrat).<\/strong><\/li><li>Correspondance commerciale et documents relatifs aux contrats : 6 \u00e0 10 ans, conform\u00e9ment aux obligations de conservation pr\u00e9vues par le droit commercial et fiscal (HGB, AO).<\/li><\/ul><p>Lorsque Schirmacher traite et utilise vos donn\u00e9es personnelles conform\u00e9ment aux dispositions l\u00e9gales ou avec votre accord, Schirmacher conserve vos donn\u00e9es personnelles<\/p><p>uniquement pendant la dur\u00e9e n\u00e9cessaire \u00e0 la r\u00e9alisation des finalit\u00e9s susmentionn\u00e9es,<\/p><p>jusqu'\u00e0 ce que vous vous opposiez \u00e0 l'utilisation de vos donn\u00e9es personnelles ou<\/p><p>jusqu'\u00e0 ce que vous retiriez votre consentement donn\u00e9 pr\u00e9c\u00e9demment. Toutefois, lorsque Schirmacher est tenu de conserver vos donn\u00e9es personnelles plus longtemps en vertu de la loi applicable, ou lorsque vos donn\u00e9es personnelles sont n\u00e9cessaires pour faire valoir des droits l\u00e9gaux ou pour se d\u00e9fendre contre de tels droits, Schirmacher conservera vos donn\u00e9es personnelles jusqu'\u00e0 la fin de la p\u00e9riode de conservation correspondante ou jusqu'\u00e0 ce que les droits en question aient \u00e9t\u00e9 r\u00e9solus.<\/p><p>\u00a0<\/p><h3>7. s\u00e9curit\u00e9 des donn\u00e9es<\/h3><p>Schirmacher s'engage \u00e0 assurer la protection et la s\u00e9curit\u00e9 des donn\u00e9es personnelles que vous fournissez, afin de garantir la confidentialit\u00e9 de ces donn\u00e9es et de les prot\u00e9ger contre le vol, les dommages, la destruction ou la divulgation \u00e0 des personnes non autoris\u00e9es.<\/p><p>Schirmacher prend des mesures de s\u00e9curit\u00e9 physiques, \u00e9lectroniques et proc\u00e9durales appropri\u00e9es pour prot\u00e9ger les donn\u00e9es personnelles contre la perte, l'abus et l'acc\u00e8s non autoris\u00e9, la divulgation, la modification et la destruction.<\/p><p>Afin de prot\u00e9ger la s\u00e9curit\u00e9 de vos donn\u00e9es lors de leur transmission par Internet, nous utilisons des proc\u00e9dures de cryptage (par exemple SSL) conformes \u00e0 l'\u00e9tat actuel de la technique via HTTPS.<\/p><p>N\u00e9anmoins, malgr\u00e9 tous les efforts d\u00e9ploy\u00e9s pour prot\u00e9ger vos donn\u00e9es personnelles, Schirmacher ne peut pas garantir une protection totale lors de la transmission de donn\u00e9es personnelles, \u00e9tant donn\u00e9 les risques in\u00e9vitables li\u00e9s \u00e0 la transmission de donn\u00e9es par Internet.<\/p><p>\u00c9tant donn\u00e9 que les donn\u00e9es \u00e0 caract\u00e8re personnel peuvent \u00eatre confidentielles, l'acc\u00e8s est limit\u00e9 aux employ\u00e9s et aux sous-traitants qui ont besoin de ces donn\u00e9es dans l'exercice de leurs fonctions. Toutes les personnes ayant acc\u00e8s \u00e0 vos donn\u00e9es \u00e0 caract\u00e8re personnel sont tenues de les traiter de mani\u00e8re confidentielle ; tout manquement \u00e0 cette obligation est passible de sanctions disciplinaires et\/ou autres.<\/p><p>N\u00e9anmoins, vous devez absolument veiller \u00e0 ce que des personnes non autoris\u00e9es n'aient pas acc\u00e8s \u00e0 vos donn\u00e9es personnelles.<\/p><p>\u00a0<\/p><h3>8. cookies et autres technologies<\/h3><p>Les sites web utilisent des cookies ou d'autres technologies (appel\u00e9s collectivement \"cookies\") qui peuvent collecter ou stocker des informations personnelles. Les cookies sont des fichiers texte qui sont stock\u00e9s et utilis\u00e9s pour collecter des informations non personnelles et personnelles sur vos d\u00e9placements sur les sites web et sur leur utilisation. Les cookies peuvent \u00eatre soit persistants (c'est-\u00e0-dire qu'ils continuent d'exister apr\u00e8s la fermeture de votre navigateur afin de pouvoir \u00eatre utilis\u00e9s lors de vos prochaines visites sur le site), soit transitoires (c'est-\u00e0-dire qu'ils sont supprim\u00e9s d\u00e8s que vous fermez votre navigateur).<\/p><p>Dans la mesure o\u00f9 l'utilisation de cookies (\u00e0 l'exception des cookies techniquement n\u00e9cessaires) ou de technologies comparables pour le stockage d'informations dans votre \u00e9quipement terminal ou l'acc\u00e8s \u00e0 des informations d\u00e9j\u00e0 stock\u00e9es dans votre \u00e9quipement terminal a lieu, cela repose sur votre consentement explicite et r\u00e9vocable \u00e0 tout moment conform\u00e9ment \u00e0 l'article 25, paragraphe 1, de la TTDSG et \u00e0 l'article 6, paragraphe 1, point a), du RGPD. Nous utilisons \u00e0 cet effet un outil de gestion du consentement (CMP) d\u00e9di\u00e9.<\/p><p>~~Schirmacher peut \u00e9galement mesurer et analyser l'efficacit\u00e9 du site Web \u00e0 l'aide de services tiers (par exemple Adobe Analytics, Google Analytics, Piwik, DART, LinkedIn).~~<\/p><p>~~Dans de tels cas, des cookies peuvent \u00eatre utilis\u00e9s et stock\u00e9s par ces fournisseurs tiers. Lors de la transmission des donn\u00e9es g\u00e9n\u00e9r\u00e9es par ces cookies, les param\u00e8tres des cookies garantissent que les adresses IP sont rendues anonymes avant la g\u00e9olocalisation et le stockage. Votre adresse IP n'est alors pas associ\u00e9e \u00e0 d'autres donn\u00e9es enregistr\u00e9es.~~<\/p><p>~~Lorsque vous naviguez sur les sites web, les cookies sont activ\u00e9s par d\u00e9faut et des donn\u00e9es peuvent \u00eatre lues ou enregistr\u00e9es localement sur votre appareil si les param\u00e8tres de votre navigateur le permettent.~~<\/p><p>\u00a0<\/p><h3>9. service d'analyse web Trackboxx<\/h3><p>Nous utilisons sur notre site le service d'analyse web <a href=\"https:\/\/trackboxx.com\" target=\"_blank\" rel=\"noopener\">Trackboxx<\/a>.<\/p><p>Nous \u00e9valuons ainsi statistiquement les acc\u00e8s des visiteurs et analysons l'utilisation de notre site Internet.<\/p><p>Les donn\u00e9es sont stock\u00e9es de mani\u00e8re anonyme sur un serveur en Allemagne dans le but mentionn\u00e9 et sont soumises aux dispositions du RGPD.<\/p><p>Nous n'utilisons pas de cookies et n'enregistrons pas de donn\u00e9es personnelles. Nous utilisons plut\u00f4t ton adresse IP,<\/p><p>de g\u00e9n\u00e9rer un code qui sera ensuite attribu\u00e9 \u00e0 un ID utilisateur anonyme tant que tu navigueras sur notre site.<\/p><p>Ces donn\u00e9es ne peuvent \u00eatre attribu\u00e9es \u00e0 aucune personne en particulier et sont crypt\u00e9es \u00e0 l'aide d'un code qui change chaque jour.<\/p><p>Il n'est donc pas non plus possible de te \"reconna\u00eetre\" lors d'une nouvelle visite sur notre site.<\/p><p>Il n'y a pas de suivi intersites, de combinaison des donn\u00e9es avec d'autres sources ou de transmission des informations \u00e0 des tiers.<\/p><p>La base juridique du traitement est l'article 6, alin\u00e9a 1, lettre f, du RGPD. Notre int\u00e9r\u00eat l\u00e9gitime r\u00e9side dans la conception conforme aux besoins<\/p><p>et l'optimisation de notre pr\u00e9sence sur Internet.<\/p><p>\u00a0<\/p><h3>10. Utilisation de Leedfeeder<\/h3><p>Notre site web utilise les technologies de Dealfront (Dealfront Finland Oy, qui fait partie de Dealfront Group GmbH) pour analyser le comportement des visiteurs. Dans ce processus, l'adresse IP d'un visiteur est trait\u00e9e. Dans ce cadre, l'adresse IP est trait\u00e9e afin de nous aider \u00e0 comprendre quelles entreprises (B2B) visitent notre site web. Dans le cadre du traitement, l'adresse IP est enrichie d'informations connexes telles que le nom de l'entreprise ou le code du secteur. \u00c0 cette fin, au d\u00e9but de la session, l'adresse IP du visiteur du site web et les donn\u00e9es de session correspondantes sont compar\u00e9es \u00e0 une vaste liste blanche d'entreprises connues.<\/p><p>Afin d'augmenter la protection des donn\u00e9es de nos visiteurs, nous avons activ\u00e9 l'\"anonymisation des adresses IP\", de sorte que seules des valeurs abr\u00e9g\u00e9es sont enregistr\u00e9es \u00e0 la place des adresses IP r\u00e9elles et sont associ\u00e9es \u00e0 Dealfront. Lorsque cette fonction est activ\u00e9e, nous n'enregistrons l'adresse IP r\u00e9elle nulle part dans nos syst\u00e8mes, pas m\u00eame dans les journaux. Cette anonymisation rend impossible l'\u00e9tablissement ult\u00e9rieur d'un lien avec des informations d'adresse IP externes, ce qui emp\u00eache l'identification d'une personne individuelle.<\/p><p>Dans le cadre de ce traitement, des cookies dits de premi\u00e8re partie sont utilis\u00e9s par Dealfront afin d'analyser le comportement des visiteurs.<\/p><p>Si nous traitons des donn\u00e9es personnelles dans ce contexte, nous le faisons sur la base de notre int\u00e9r\u00eat l\u00e9gitime (article 6 (1) lettre f du RGPD) \u00e0 optimiser nos produits, nos services, nos ventes et notre marketing. Pour emp\u00eacher ce traitement, les visiteurs du site web peuvent installer et configurer des ad-blockers appropri\u00e9s ou utiliser des plugins no-script dans leur navigateur. Les donn\u00e9es sont supprim\u00e9es d\u00e8s qu'elles ne sont plus n\u00e9cessaires aux fins pr\u00e9vues. Les obligations l\u00e9gales de conservation peuvent toutefois entra\u00eener, le cas \u00e9ch\u00e9ant, une dur\u00e9e de conservation plus longue des donn\u00e9es concern\u00e9es. Nous avons conclu un accord de traitement des donn\u00e9es avec Dealfront afin de garantir le respect des normes en vigueur en mati\u00e8re de protection des donn\u00e9es.<\/p><p>\u00a0<\/p><h3>11. r\u00e8glement des litiges<\/h3><p>Schirmacher a pris des mesures raisonnables pour prot\u00e9ger les donn\u00e9es personnelles, mais il est reconnu qu'il n'existe pas de m\u00e9thode permettant de transf\u00e9rer ou de stocker des donn\u00e9es personnelles de mani\u00e8re totalement s\u00e9curis\u00e9e.<\/p><p>Schirmacher s'est toutefois engag\u00e9 \u00e0 garantir la protection des donn\u00e9es \u00e0 caract\u00e8re personnel. Si, pour une raison quelconque, vous pensez que la s\u00e9curit\u00e9 de vos donn\u00e9es personnelles a \u00e9t\u00e9 compromise ou que ces donn\u00e9es ont fait l'objet d'un usage abusif, veuillez contacter Schirmacher par e-mail \u00e0 l'adresse suivante : datenschutz@schirmacher-hf.de.<\/p><p>Schirmacher examinera le cas et donnera suite aux plaintes concernant l'utilisation et la divulgation des donn\u00e9es personnelles conform\u00e9ment aux principes \u00e9nonc\u00e9s dans la pr\u00e9sente d\u00e9claration de confidentialit\u00e9.<\/p><p>\u00a0<\/p><h3>12\u00c8ME CONTACT<\/h3><p>Si vous avez d'autres questions concernant cette d\u00e9claration de confidentialit\u00e9 ou toute autre pr\u00e9occupation concernant vos droits sur vos donn\u00e9es personnelles, vous pouvez envoyer un e-mail \u00e0 l'adresse suivante : datenschutz@schirmacher-hf.de<\/p><p>\u00a0<\/p><h3>13. DATE D'ENTR\u00c9E EN VIGUEUR DE LA D\u00c9CLARATION DE CONFIDENTIALIT\u00c9 ET DES MODIFICATIONS APPORT\u00c9ES \u00c0 CELLE-CI<\/h3><p>La pr\u00e9sente d\u00e9claration de confidentialit\u00e9 peut \u00eatre mise \u00e0 jour en fonction des exigences et des circonstances de Schirmacher ou des exigences des lois et r\u00e9glementations en vigueur. Il convient donc de v\u00e9rifier r\u00e9guli\u00e8rement si des mises \u00e0 jour ont \u00e9t\u00e9 effectu\u00e9es.<\/p><p>En cas de modifications importantes de la pr\u00e9sente d\u00e9claration de confidentialit\u00e9, Schirmacher peut vous en informer par e-mail ou par le biais d'une notification sur le site web.<\/p><p>Derni\u00e8re modification : cette d\u00e9claration de confidentialit\u00e9 a \u00e9t\u00e9 modifi\u00e9e pour la derni\u00e8re fois le 01 octobre 2025.<\/p><p>\u00a0<\/p>\t\t\t\t\t\t\t\t<\/div>\n\t\t\t\t\t<\/div>\n\t\t\t\t<\/div>\n\t\t\t\t<\/div>","protected":false},"excerpt":{"rendered":"<p>Datenschutzerkl\u00e4rung In dieser Datenschutzerkl\u00e4rung erfahren Sie (wie unten definiert), wie die Heinz Schirmacher GmbH Ihre personenbezogenen Daten erfasst und verwendet und wie Sie deren Verwendung kontrollieren k\u00f6nnen. Die Heinz Schirmacher GmbH (nachfolgend als \u201eSchirmacher\u201c bezeichnet), verarbeitet personenbezogene Daten im Rahmen ihrer Gesch\u00e4ftst\u00e4tigkeit, einschlie\u00dflich der personenbezogenen Daten von Personen, die die Schirmacher Website nutzen und durchsuchen [&hellip;]<\/p>\n","protected":false},"author":1,"featured_media":0,"parent":0,"menu_order":0,"comment_status":"closed","ping_status":"closed","template":"","meta":{"_acf_changed":false,"footnotes":""},"class_list":["post-2579","page","type-page","status-publish","hentry"],"acf":[],"_links":{"self":[{"href":"https:\/\/schirmacher-hf.de\/fr\/wp-json\/wp\/v2\/pages\/2579","targetHints":{"allow":["GET"]}}],"collection":[{"href":"https:\/\/schirmacher-hf.de\/fr\/wp-json\/wp\/v2\/pages"}],"about":[{"href":"https:\/\/schirmacher-hf.de\/fr\/wp-json\/wp\/v2\/types\/page"}],"author":[{"embeddable":true,"href":"https:\/\/schirmacher-hf.de\/fr\/wp-json\/wp\/v2\/users\/1"}],"replies":[{"embeddable":true,"href":"https:\/\/schirmacher-hf.de\/fr\/wp-json\/wp\/v2\/comments?post=2579"}],"version-history":[{"count":0,"href":"https:\/\/schirmacher-hf.de\/fr\/wp-json\/wp\/v2\/pages\/2579\/revisions"}],"wp:attachment":[{"href":"https:\/\/schirmacher-hf.de\/fr\/wp-json\/wp\/v2\/media?parent=2579"}],"curies":[{"name":"wp","href":"https:\/\/api.w.org\/{rel}","templated":true}]}}