{"id":2573,"date":"2025-09-02T11:22:46","date_gmt":"2025-09-02T09:22:46","guid":{"rendered":"https:\/\/schirmacher-hf.de\/?page_id=2573"},"modified":"2025-12-05T17:18:14","modified_gmt":"2025-12-05T16:18:14","slug":"mentions-legales","status":"publish","type":"page","link":"https:\/\/schirmacher-hf.de\/fr\/impressum\/","title":{"rendered":"Mentions l\u00e9gales"},"content":{"rendered":"<div data-elementor-type=\"wp-page\" data-elementor-id=\"2573\" class=\"elementor elementor-2573\" data-elementor-post-type=\"page\">\n\t\t\t\t<div class=\"elementor-element elementor-element-8751668 e-flex e-con-boxed e-con e-parent\" data-id=\"8751668\" data-element_type=\"container\" data-e-type=\"container\" data-settings=\"{&quot;background_background&quot;:&quot;classic&quot;}\">\n\t\t\t\t\t<div class=\"e-con-inner\">\n\t\t<div class=\"elementor-element elementor-element-f646b54 e-flex e-con-boxed e-con e-child\" data-id=\"f646b54\" data-element_type=\"container\" data-e-type=\"container\" data-settings=\"{&quot;background_background&quot;:&quot;classic&quot;}\">\n\t\t\t\t\t<div class=\"e-con-inner\">\n\t\t\t\t<div class=\"elementor-element elementor-element-36e94e8 elementor-widget elementor-widget-heading\" data-id=\"36e94e8\" data-element_type=\"widget\" data-e-type=\"widget\" data-widget_type=\"heading.default\">\n\t\t\t\t\t<h1 class=\"elementor-heading-title elementor-size-default\">Mentions l\u00e9gales<\/h1>\t\t\t\t<\/div>\n\t\t\t\t<div class=\"elementor-element elementor-element-f7d685f elementor-widget-divider--view-line elementor-widget elementor-widget-divider\" data-id=\"f7d685f\" data-element_type=\"widget\" data-e-type=\"widget\" data-widget_type=\"divider.default\">\n\t\t\t\t\t\t\t<div class=\"elementor-divider\">\n\t\t\t<span class=\"elementor-divider-separator\">\n\t\t\t\t\t\t<\/span>\n\t\t<\/div>\n\t\t\t\t\t\t<\/div>\n\t\t\t\t\t<\/div>\n\t\t\t\t<\/div>\n\t\t\t\t<div class=\"elementor-element elementor-element-c66cdb8 elementor-widget elementor-widget-html\" data-id=\"c66cdb8\" data-element_type=\"widget\" data-e-type=\"widget\" data-widget_type=\"html.default\">\n\t\t\t\t\t<!-- Event snippet for Seitenaufruf conversion page -->\r\n<script>\r\n  gtag('event', 'conversion', {\r\n      'send_to': 'AW-17533887468\/6bdBCPuS864bEOzH56hB',\r\n      'value': 1.0,\r\n      'currency': 'EUR'\r\n  });\r\n<\/script>\r\n\r\n\t\t\t\t<\/div>\n\t\t\t\t\t<\/div>\n\t\t\t\t<\/div>\n\t\t<div class=\"elementor-element elementor-element-c6c5451 e-flex e-con-boxed e-con e-parent\" data-id=\"c6c5451\" data-element_type=\"container\" data-e-type=\"container\">\n\t\t\t\t\t<div class=\"e-con-inner\">\n\t\t\t\t<div class=\"elementor-element elementor-element-c3de670 elementor-widget elementor-widget-text-editor\" data-id=\"c3de670\" data-element_type=\"widget\" data-e-type=\"widget\" data-widget_type=\"text-editor.default\">\n\t\t\t\t\t\t\t\t\t<p><strong>Heinz Schirmacher GmbH<\/strong><\/p><p>7, rue Otto-Hahn<br \/>D-22946 Trittau<\/p><p>T\u00e9l\u00e9phone : +49 \/ 4154 \/ 8616 - 0<br \/>T\u00e9l\u00e9copieur : +49 \/ 4154 \/ 3018<br \/>Courrier \u00e9lectronique :\u00a0<a href=\"mailto:info@schirmacher-hf.de\">info@schirmacher-hf.de<\/a><\/p><p><strong>Repr\u00e9sent\u00e9 par :<\/strong><br \/>Directeur g\u00e9n\u00e9ral : Sven Kuntschmann<\/p><p><strong>Inscription au registre :<\/strong><br \/>Inscrite au registre du commerce.<br \/>Cour de registre : Tribunal d'instance de L\u00fcbeck<br \/>Num\u00e9ro d'enregistrement : HRB 133<\/p><p>Administration fiscale de Stormarn n\u00b0 30 292 14 207<\/p><p>Num\u00e9ro d'identification de la taxe sur le chiffre d'affaires DE 135 101 730<\/p>\t\t\t\t\t\t\t\t<\/div>\n\t\t\t\t\t<\/div>\n\t\t\t\t<\/div>\n\t\t<div class=\"elementor-element elementor-element-2dcc5ee e-flex e-con-boxed e-con e-parent\" data-id=\"2dcc5ee\" data-element_type=\"container\" data-e-type=\"container\">\n\t\t\t\t\t<div class=\"e-con-inner\">\n\t\t\t\t<div class=\"elementor-element elementor-element-e7e0d2a elementor-widget elementor-widget-text-editor\" data-id=\"e7e0d2a\" data-element_type=\"widget\" data-e-type=\"widget\" data-widget_type=\"text-editor.default\">\n\t\t\t\t\t\t\t\t\t<p><strong>Vous trouverez nos conditions g\u00e9n\u00e9rales de vente (CGV) ici :\u00a0<span style=\"text-decoration: underline;\"><a href=\"\/wp-content\/uploads\/2025\/09\/AGB20.pdf\">CGV (fichier PDF).\u00a0<\/a><\/span><\/strong><\/p><p>Conception et programmation :\u00a0<a href=\"https:\/\/seofoxx.de\/\" target=\"_blank\" rel=\"noopener\">www.seofoxx.de<\/a><\/p><p>\u00a0<\/p><p><strong>Disclaimer - informations juridiques<\/strong><\/p><p><strong>\u00a71 Avertissement sur le contenu<\/strong><br \/>Les auteurs ne se portent pas garants de l'actualit\u00e9, de l'exactitude, de l'exhaustivit\u00e9 ou de la qualit\u00e9 des informations mises \u00e0 disposition.<\/p><p><strong>\u00a72 Droits d'auteur et droits voisins<\/strong><br \/>Les contenus publi\u00e9s sur ce site Internet sont soumis \u00e0 la l\u00e9gislation allemande sur les droits d'auteur et les droits voisins. Toute reproduction ou utilisation des donn\u00e9es publi\u00e9es est interdite et punissable sans l'accord de Heinz Schirmacher GmbH.<\/p><p><strong>\u00a73 Liens externes<\/strong><br \/>Ce site web peut contenir des liens vers des sites web de tiers (\"liens externes\"). Malgr\u00e9 un contr\u00f4le minutieux du contenu, nous n'assumons aucune responsabilit\u00e9 pour le contenu des liens externes. Seuls les exploitants de ces sites sont responsables de leur contenu.<\/p><p>Lors de la premi\u00e8re mise en place des liens externes, nous avons v\u00e9rifi\u00e9 si les contenus \u00e9trangers pr\u00e9sentaient d'\u00e9ventuelles violations de la loi. \u00c0 ce moment-l\u00e0, aucune violation de la loi n'\u00e9tait visible. Un contr\u00f4le permanent des liens externes ne peut \u00eatre exig\u00e9 sans indication concr\u00e8te de violations de la loi. Toutefois, d\u00e8s la prise de connaissance d'une violation de la loi, les liens externes de ce type seront imm\u00e9diatement supprim\u00e9s.<\/p>\t\t\t\t\t\t\t\t<\/div>\n\t\t\t\t\t<\/div>\n\t\t\t\t<\/div>\n\t\t\t\t<\/div>","protected":false},"excerpt":{"rendered":"<p>Impressum Heinz Schirmacher GmbH Otto-Hahn-Str. 7D-22946 Trittau Telefon: +49 \/ 4154 \/ 8616 \u2013 0Telefax: +49 \/ 4154 \/ 3018E-Mail:\u00a0info@schirmacher-hf.de Vertreten durch:Gesch\u00e4ftsf\u00fchrer: Sven Kuntschmann Registereintrag:Eingetragen im Handelsregister.Registergericht: Amtsgericht L\u00fcbeckRegisternummer: HRB 133 Finanzamt Stormarn Steuer Nr. 30 292 14 207 Umsatzsteuer Identifikationsnummer DE 135 101 730 Unsere Allgemeinen Gesch\u00e4ftsbedingungen (AGB) finden Sie hier:\u00a0AGB (PDF-Datei).\u00a0 Design und [&hellip;]<\/p>\n","protected":false},"author":1,"featured_media":0,"parent":0,"menu_order":0,"comment_status":"closed","ping_status":"closed","template":"","meta":{"_acf_changed":false,"footnotes":""},"class_list":["post-2573","page","type-page","status-publish","hentry"],"acf":[],"_links":{"self":[{"href":"https:\/\/schirmacher-hf.de\/fr\/wp-json\/wp\/v2\/pages\/2573","targetHints":{"allow":["GET"]}}],"collection":[{"href":"https:\/\/schirmacher-hf.de\/fr\/wp-json\/wp\/v2\/pages"}],"about":[{"href":"https:\/\/schirmacher-hf.de\/fr\/wp-json\/wp\/v2\/types\/page"}],"author":[{"embeddable":true,"href":"https:\/\/schirmacher-hf.de\/fr\/wp-json\/wp\/v2\/users\/1"}],"replies":[{"embeddable":true,"href":"https:\/\/schirmacher-hf.de\/fr\/wp-json\/wp\/v2\/comments?post=2573"}],"version-history":[{"count":0,"href":"https:\/\/schirmacher-hf.de\/fr\/wp-json\/wp\/v2\/pages\/2573\/revisions"}],"wp:attachment":[{"href":"https:\/\/schirmacher-hf.de\/fr\/wp-json\/wp\/v2\/media?parent=2573"}],"curies":[{"name":"wp","href":"https:\/\/api.w.org\/{rel}","templated":true}]}}