{"id":3329,"date":"2025-09-16T19:07:28","date_gmt":"2025-09-16T17:07:28","guid":{"rendered":"https:\/\/schirmacher-hf.de\/?page_id=3329"},"modified":"2026-02-11T10:10:00","modified_gmt":"2026-02-11T09:10:00","slug":"noticias","status":"publish","type":"page","link":"https:\/\/schirmacher-hf.de\/es\/news\/","title":{"rendered":"Noticias"},"content":{"rendered":"<div data-elementor-type=\"wp-page\" data-elementor-id=\"3329\" class=\"elementor elementor-3329\" data-elementor-post-type=\"page\">\n\t\t\t\t<div class=\"elementor-element elementor-element-8751668 e-flex e-con-boxed e-con e-parent\" data-id=\"8751668\" data-element_type=\"container\" data-e-type=\"container\" data-settings=\"{&quot;background_background&quot;:&quot;classic&quot;}\">\n\t\t\t\t\t<div class=\"e-con-inner\">\n\t\t<div class=\"elementor-element elementor-element-f646b54 e-flex e-con-boxed e-con e-child\" data-id=\"f646b54\" data-element_type=\"container\" data-e-type=\"container\" data-settings=\"{&quot;background_background&quot;:&quot;classic&quot;}\">\n\t\t\t\t\t<div class=\"e-con-inner\">\n\t\t\t\t<div class=\"elementor-element elementor-element-36e94e8 elementor-widget elementor-widget-heading\" data-id=\"36e94e8\" data-element_type=\"widget\" data-e-type=\"widget\" data-widget_type=\"heading.default\">\n\t\t\t\t\t<h1 class=\"elementor-heading-title elementor-size-default\">Noticias Schirmacher<\/h1>\t\t\t\t<\/div>\n\t\t\t\t<div class=\"elementor-element elementor-element-f7d685f elementor-widget-divider--view-line elementor-widget elementor-widget-divider\" data-id=\"f7d685f\" data-element_type=\"widget\" data-e-type=\"widget\" data-widget_type=\"divider.default\">\n\t\t\t\t\t\t\t<div class=\"elementor-divider\">\n\t\t\t<span class=\"elementor-divider-separator\">\n\t\t\t\t\t\t<\/span>\n\t\t<\/div>\n\t\t\t\t\t\t<\/div>\n\t\t\t\t\t<\/div>\n\t\t\t\t<\/div>\n\t\t\t\t\t<\/div>\n\t\t\t\t<\/div>\n\t\t<div class=\"elementor-element elementor-element-f62a0a6 e-flex e-con-boxed e-con e-parent\" data-id=\"f62a0a6\" data-element_type=\"container\" data-e-type=\"container\">\n\t\t\t\t\t<div class=\"e-con-inner\">\n\t\t<div class=\"elementor-element elementor-element-cdab6f3 e-con-full e-flex e-con e-child\" data-id=\"cdab6f3\" data-element_type=\"container\" data-e-type=\"container\">\n\t\t\t\t<div class=\"elementor-element elementor-element-e4100fe elementor-grid-3 elementor-grid-tablet-2 elementor-grid-mobile-1 elementor-posts--thumbnail-top elementor-posts--show-avatar elementor-card-shadow-yes elementor-posts__hover-gradient load-more-align-center elementor-widget elementor-widget-posts\" data-id=\"e4100fe\" data-element_type=\"widget\" data-e-type=\"widget\" data-settings=\"{&quot;pagination_type&quot;:&quot;load_more_on_click&quot;,&quot;cards_columns&quot;:&quot;3&quot;,&quot;cards_columns_tablet&quot;:&quot;2&quot;,&quot;cards_columns_mobile&quot;:&quot;1&quot;,&quot;cards_row_gap&quot;:{&quot;unit&quot;:&quot;px&quot;,&quot;size&quot;:35,&quot;sizes&quot;:[]},&quot;cards_row_gap_tablet&quot;:{&quot;unit&quot;:&quot;px&quot;,&quot;size&quot;:&quot;&quot;,&quot;sizes&quot;:[]},&quot;cards_row_gap_mobile&quot;:{&quot;unit&quot;:&quot;px&quot;,&quot;size&quot;:&quot;&quot;,&quot;sizes&quot;:[]},&quot;load_more_spinner&quot;:{&quot;value&quot;:&quot;fas fa-spinner&quot;,&quot;library&quot;:&quot;fa-solid&quot;}}\" data-widget_type=\"posts.cards\">\n\t\t\t\t<div class=\"elementor-widget-container\">\n\t\t\t\t\t\t\t<div class=\"elementor-posts-container elementor-posts elementor-posts--skin-cards elementor-grid\" role=\"list\">\n\t\t\t\t<article class=\"elementor-post elementor-grid-item post-4018 post type-post status-publish format-standard has-post-thumbnail hentry category-pressemittteilung tag-frankfurt tag-hf-welding tag-hochfrequenz-schweissen tag-messe tag-rf-welding tag-techtextil\" role=\"listitem\">\n\t\t\t<div class=\"elementor-post__card\">\n\t\t\t\t<a class=\"elementor-post__thumbnail__link\" href=\"https:\/\/schirmacher-hf.de\/es\/techtextil-2026-wir-sind-dabei\/\" tabindex=\"-1\" ><div class=\"elementor-post__thumbnail\"><img fetchpriority=\"high\" decoding=\"async\" width=\"800\" height=\"225\" src=\"https:\/\/schirmacher-hf.de\/wp-content\/uploads\/2026\/04\/Forsstrom-Maschine-1024x288.png\" class=\"attachment-large size-large wp-image-4020\" alt=\"\" srcset=\"https:\/\/schirmacher-hf.de\/wp-content\/uploads\/2026\/04\/Forsstrom-Maschine-1024x288.png 1024w, https:\/\/schirmacher-hf.de\/wp-content\/uploads\/2026\/04\/Forsstrom-Maschine-300x84.png 300w, https:\/\/schirmacher-hf.de\/wp-content\/uploads\/2026\/04\/Forsstrom-Maschine-768x216.png 768w, https:\/\/schirmacher-hf.de\/wp-content\/uploads\/2026\/04\/Forsstrom-Maschine-1536x432.png 1536w, https:\/\/schirmacher-hf.de\/wp-content\/uploads\/2026\/04\/Forsstrom-Maschine-18x5.png 18w, https:\/\/schirmacher-hf.de\/wp-content\/uploads\/2026\/04\/Forsstrom-Maschine.png 1886w\" sizes=\"(max-width: 800px) 100vw, 800px\" \/><\/div><\/a>\n\t\t\t\t<div class=\"elementor-post__badge\">Comunicado de prensa<\/div>\n\t\t\t\t<div class=\"elementor-post__avatar\">\n\t\t\t\t\t<\/div>\n\t\t\t\t<div class=\"elementor-post__text\">\n\t\t\t\t<h3 class=\"elementor-post__title\">\n\t\t\t<a href=\"https:\/\/schirmacher-hf.de\/es\/techtextil-2026-wir-sind-dabei\/\" >\n\t\t\t\tTechtextil 2026 - formamos parte de ella\t\t\t<\/a>\n\t\t<\/h3>\n\t\t\n\t\t<a class=\"elementor-post__read-more\" href=\"https:\/\/schirmacher-hf.de\/es\/techtextil-2026-wir-sind-dabei\/\" aria-label=\"M\u00e1s informaci\u00f3n sobre Techtextil 2026 - we are part of it\" tabindex=\"-1\" >\n\t\t\tLeer m\u00e1s \u00bb\t\t<\/a>\n\n\t\t\t\t<\/div>\n\t\t\t\t<div class=\"elementor-post__meta-data\">\n\t\t\t\t\t<span class=\"elementor-post-date\">\n\t\t\t15 abril 2026\t\t<\/span>\n\t\t\t\t<\/div>\n\t\t\t\t\t<\/div>\n\t\t<\/article>\n\t\t\t\t<article class=\"elementor-post elementor-grid-item post-3951 post type-post status-publish format-standard has-post-thumbnail hentry category-technische-information tag-hf-schweissanlage tag-hf-schweissen tag-hf-welding tag-hochfrequenz-schweissen tag-jahreswartung tag-maintenance tag-retrofit tag-rf-welding tag-service tag-upgrade\" role=\"listitem\">\n\t\t\t<div class=\"elementor-post__card\">\n\t\t\t\t<a class=\"elementor-post__thumbnail__link\" href=\"https:\/\/schirmacher-hf.de\/es\/jahreswartung-von-hf-schweissanlagen-investition-in-verfuegbarkeit-und-prozesssicherheit\/\" tabindex=\"-1\" ><div class=\"elementor-post__thumbnail\"><img decoding=\"async\" width=\"800\" height=\"534\" src=\"https:\/\/schirmacher-hf.de\/wp-content\/uploads\/2026\/02\/Favorit-Service-Seite-3-o.-4-1024x683.jpg\" class=\"attachment-large size-large wp-image-3952\" alt=\"\" srcset=\"https:\/\/schirmacher-hf.de\/wp-content\/uploads\/2026\/02\/Favorit-Service-Seite-3-o.-4-1024x683.jpg 1024w, https:\/\/schirmacher-hf.de\/wp-content\/uploads\/2026\/02\/Favorit-Service-Seite-3-o.-4-300x200.jpg 300w, https:\/\/schirmacher-hf.de\/wp-content\/uploads\/2026\/02\/Favorit-Service-Seite-3-o.-4-768x512.jpg 768w, https:\/\/schirmacher-hf.de\/wp-content\/uploads\/2026\/02\/Favorit-Service-Seite-3-o.-4-1536x1024.jpg 1536w, https:\/\/schirmacher-hf.de\/wp-content\/uploads\/2026\/02\/Favorit-Service-Seite-3-o.-4-2048x1365.jpg 2048w, https:\/\/schirmacher-hf.de\/wp-content\/uploads\/2026\/02\/Favorit-Service-Seite-3-o.-4-18x12.jpg 18w\" sizes=\"(max-width: 800px) 100vw, 800px\" \/><\/div><\/a>\n\t\t\t\t<div class=\"elementor-post__badge\">Informaci\u00f3n t\u00e9cnica<\/div>\n\t\t\t\t<div class=\"elementor-post__avatar\">\n\t\t\t\t\t<\/div>\n\t\t\t\t<div class=\"elementor-post__text\">\n\t\t\t\t<h3 class=\"elementor-post__title\">\n\t\t\t<a href=\"https:\/\/schirmacher-hf.de\/es\/jahreswartung-von-hf-schweissanlagen-investition-in-verfuegbarkeit-und-prozesssicherheit\/\" >\n\t\t\t\tMantenimiento anual de los sistemas de soldadura HF:\t\t\t<\/a>\n\t\t<\/h3>\n\t\t\n\t\t<a class=\"elementor-post__read-more\" href=\"https:\/\/schirmacher-hf.de\/es\/jahreswartung-von-hf-schweissanlagen-investition-in-verfuegbarkeit-und-prozesssicherheit\/\" aria-label=\"M\u00e1s informaci\u00f3n sobre Mantenimiento anual de sistemas de soldadura HF:\" tabindex=\"-1\" >\n\t\t\tLeer m\u00e1s \u00bb\t\t<\/a>\n\n\t\t\t\t<\/div>\n\t\t\t\t<div class=\"elementor-post__meta-data\">\n\t\t\t\t\t<span class=\"elementor-post-date\">\n\t\t\t17 febrero 2026\t\t<\/span>\n\t\t\t\t<\/div>\n\t\t\t\t\t<\/div>\n\t\t<\/article>\n\t\t\t\t<article class=\"elementor-post elementor-grid-item post-3218 post type-post status-publish format-standard has-post-thumbnail hentry category-pressemittteilung\" role=\"listitem\">\n\t\t\t<div class=\"elementor-post__card\">\n\t\t\t\t<a class=\"elementor-post__thumbnail__link\" href=\"https:\/\/schirmacher-hf.de\/es\/bestehende-maschinen-jetzt-automatisieren\/\" tabindex=\"-1\" ><div class=\"elementor-post__thumbnail\"><img decoding=\"async\" width=\"800\" height=\"420\" src=\"https:\/\/schirmacher-hf.de\/wp-content\/uploads\/2025\/09\/cropped-robotics-1024x538.jpg\" class=\"attachment-large size-large wp-image-3221\" alt=\"\" srcset=\"https:\/\/schirmacher-hf.de\/wp-content\/uploads\/2025\/09\/cropped-robotics-1024x538.jpg 1024w, https:\/\/schirmacher-hf.de\/wp-content\/uploads\/2025\/09\/cropped-robotics-300x158.jpg 300w, https:\/\/schirmacher-hf.de\/wp-content\/uploads\/2025\/09\/cropped-robotics-768x403.jpg 768w, https:\/\/schirmacher-hf.de\/wp-content\/uploads\/2025\/09\/cropped-robotics-1536x807.jpg 1536w, https:\/\/schirmacher-hf.de\/wp-content\/uploads\/2025\/09\/cropped-robotics-18x9.jpg 18w, https:\/\/schirmacher-hf.de\/wp-content\/uploads\/2025\/09\/cropped-robotics.jpg 1919w\" sizes=\"(max-width: 800px) 100vw, 800px\" \/><\/div><\/a>\n\t\t\t\t<div class=\"elementor-post__badge\">Comunicado de prensa<\/div>\n\t\t\t\t<div class=\"elementor-post__avatar\">\n\t\t\t\t\t<\/div>\n\t\t\t\t<div class=\"elementor-post__text\">\n\t\t\t\t<h3 class=\"elementor-post__title\">\n\t\t\t<a href=\"https:\/\/schirmacher-hf.de\/es\/bestehende-maschinen-jetzt-automatisieren\/\" >\n\t\t\t\t\u00bfM\u00e1quinas existentes? Automatice ahora\t\t\t<\/a>\n\t\t<\/h3>\n\t\t\n\t\t<a class=\"elementor-post__read-more\" href=\"https:\/\/schirmacher-hf.de\/es\/bestehende-maschinen-jetzt-automatisieren\/\" aria-label=\"M\u00e1s informaci\u00f3n sobre \u00bfM\u00e1quinas existentes? \u00a1Automatizar ahora!\" tabindex=\"-1\" >\n\t\t\tLeer m\u00e1s \u00bb\t\t<\/a>\n\n\t\t\t\t<\/div>\n\t\t\t\t<div class=\"elementor-post__meta-data\">\n\t\t\t\t\t<span class=\"elementor-post-date\">\n\t\t\t8 septiembre 2025\t\t<\/span>\n\t\t\t\t<\/div>\n\t\t\t\t\t<\/div>\n\t\t<\/article>\n\t\t\t\t<article class=\"elementor-post elementor-grid-item post-3126 post type-post status-publish format-standard has-post-thumbnail hentry category-pressemittteilung tag-ausbildung tag-azubis tag-berufsmesse tag-sandesneben\" role=\"listitem\">\n\t\t\t<div class=\"elementor-post__card\">\n\t\t\t\t<a class=\"elementor-post__thumbnail__link\" href=\"https:\/\/schirmacher-hf.de\/es\/berufsmesse-fuer-azubis-2025-in-sandesneben\/\" tabindex=\"-1\" ><div class=\"elementor-post__thumbnail\"><img loading=\"lazy\" decoding=\"async\" width=\"766\" height=\"1024\" src=\"https:\/\/schirmacher-hf.de\/wp-content\/uploads\/2025\/09\/Berufsmesse-2025-766x1024.jpg\" class=\"attachment-large size-large wp-image-3127\" alt=\"\" srcset=\"https:\/\/schirmacher-hf.de\/wp-content\/uploads\/2025\/09\/Berufsmesse-2025-766x1024.jpg 766w, https:\/\/schirmacher-hf.de\/wp-content\/uploads\/2025\/09\/Berufsmesse-2025-224x300.jpg 224w, https:\/\/schirmacher-hf.de\/wp-content\/uploads\/2025\/09\/Berufsmesse-2025-768x1027.jpg 768w, https:\/\/schirmacher-hf.de\/wp-content\/uploads\/2025\/09\/Berufsmesse-2025-9x12.jpg 9w, https:\/\/schirmacher-hf.de\/wp-content\/uploads\/2025\/09\/Berufsmesse-2025.jpg 980w\" sizes=\"(max-width: 766px) 100vw, 766px\" \/><\/div><\/a>\n\t\t\t\t<div class=\"elementor-post__badge\">Comunicado de prensa<\/div>\n\t\t\t\t<div class=\"elementor-post__avatar\">\n\t\t\t\t\t<\/div>\n\t\t\t\t<div class=\"elementor-post__text\">\n\t\t\t\t<h3 class=\"elementor-post__title\">\n\t\t\t<a href=\"https:\/\/schirmacher-hf.de\/es\/berufsmesse-fuer-azubis-2025-in-sandesneben\/\" >\n\t\t\t\tFeria de empleo para becarios 2025 en SANDESNEBEN\t\t\t<\/a>\n\t\t<\/h3>\n\t\t\n\t\t<a class=\"elementor-post__read-more\" href=\"https:\/\/schirmacher-hf.de\/es\/berufsmesse-fuer-azubis-2025-in-sandesneben\/\" aria-label=\"M\u00e1s informaci\u00f3n sobre Feria de empleo para becarios 2025 en SANDESNEBEN\" tabindex=\"-1\" >\n\t\t\tLeer m\u00e1s \u00bb\t\t<\/a>\n\n\t\t\t\t<\/div>\n\t\t\t\t<div class=\"elementor-post__meta-data\">\n\t\t\t\t\t<span class=\"elementor-post-date\">\n\t\t\t5 septiembre 2025\t\t<\/span>\n\t\t\t\t<\/div>\n\t\t\t\t\t<\/div>\n\t\t<\/article>\n\t\t\t\t<article class=\"elementor-post elementor-grid-item post-2655 post type-post status-publish format-standard has-post-thumbnail hentry category-pressemittteilung\" role=\"listitem\">\n\t\t\t<div class=\"elementor-post__card\">\n\t\t\t\t<a class=\"elementor-post__thumbnail__link\" href=\"https:\/\/schirmacher-hf.de\/es\/isa-2025\/\" tabindex=\"-1\" ><div class=\"elementor-post__thumbnail\"><img loading=\"lazy\" decoding=\"async\" width=\"800\" height=\"829\" src=\"https:\/\/schirmacher-hf.de\/wp-content\/uploads\/2025\/09\/IMG_1935-988x1024.jpg\" class=\"attachment-large size-large wp-image-3129\" alt=\"\" srcset=\"https:\/\/schirmacher-hf.de\/wp-content\/uploads\/2025\/09\/IMG_1935-988x1024.jpg 988w, https:\/\/schirmacher-hf.de\/wp-content\/uploads\/2025\/09\/IMG_1935-289x300.jpg 289w, https:\/\/schirmacher-hf.de\/wp-content\/uploads\/2025\/09\/IMG_1935-768x796.jpg 768w, https:\/\/schirmacher-hf.de\/wp-content\/uploads\/2025\/09\/IMG_1935-1482x1536.jpg 1482w, https:\/\/schirmacher-hf.de\/wp-content\/uploads\/2025\/09\/IMG_1935-1976x2048.jpg 1976w, https:\/\/schirmacher-hf.de\/wp-content\/uploads\/2025\/09\/IMG_1935-12x12.jpg 12w\" sizes=\"(max-width: 800px) 100vw, 800px\" \/><\/div><\/a>\n\t\t\t\t<div class=\"elementor-post__badge\">Comunicado de prensa<\/div>\n\t\t\t\t<div class=\"elementor-post__avatar\">\n\t\t\t\t\t<\/div>\n\t\t\t\t<div class=\"elementor-post__text\">\n\t\t\t\t<h3 class=\"elementor-post__title\">\n\t\t\t<a href=\"https:\/\/schirmacher-hf.de\/es\/isa-2025\/\" >\n\t\t\t\tEstamos en la ISA 2025\t\t\t<\/a>\n\t\t<\/h3>\n\t\t\n\t\t<a class=\"elementor-post__read-more\" href=\"https:\/\/schirmacher-hf.de\/es\/isa-2025\/\" aria-label=\"M\u00e1s informaci\u00f3n sobre Estamos en la ISA 2025\" tabindex=\"-1\" >\n\t\t\tLeer m\u00e1s \u00bb\t\t<\/a>\n\n\t\t\t\t<\/div>\n\t\t\t\t<div class=\"elementor-post__meta-data\">\n\t\t\t\t\t<span class=\"elementor-post-date\">\n\t\t\t2 septiembre 2025\t\t<\/span>\n\t\t\t\t<\/div>\n\t\t\t\t\t<\/div>\n\t\t<\/article>\n\t\t\t\t<article class=\"elementor-post elementor-grid-item post-2640 post type-post status-publish format-standard has-post-thumbnail hentry category-pressemittteilung\" role=\"listitem\">\n\t\t\t<div class=\"elementor-post__card\">\n\t\t\t\t<a class=\"elementor-post__thumbnail__link\" href=\"https:\/\/schirmacher-hf.de\/es\/widos-stumpfschweissmaschine\/\" tabindex=\"-1\" ><div class=\"elementor-post__thumbnail\"><img loading=\"lazy\" decoding=\"async\" width=\"223\" height=\"280\" src=\"https:\/\/schirmacher-hf.de\/wp-content\/uploads\/2025\/08\/IMG_1619.jpg\" class=\"attachment-large size-large wp-image-3132\" alt=\"\" srcset=\"https:\/\/schirmacher-hf.de\/wp-content\/uploads\/2025\/08\/IMG_1619.jpg 223w, https:\/\/schirmacher-hf.de\/wp-content\/uploads\/2025\/08\/IMG_1619-10x12.jpg 10w\" sizes=\"(max-width: 223px) 100vw, 223px\" \/><\/div><\/a>\n\t\t\t\t<div class=\"elementor-post__badge\">Comunicado de prensa<\/div>\n\t\t\t\t<div class=\"elementor-post__avatar\">\n\t\t\t\t\t<\/div>\n\t\t\t\t<div class=\"elementor-post__text\">\n\t\t\t\t<h3 class=\"elementor-post__title\">\n\t\t\t<a href=\"https:\/\/schirmacher-hf.de\/es\/widos-stumpfschweissmaschine\/\" >\n\t\t\t\tM\u00e1quina de soldadura a tope WIDOS\t\t\t<\/a>\n\t\t<\/h3>\n\t\t\n\t\t<a class=\"elementor-post__read-more\" href=\"https:\/\/schirmacher-hf.de\/es\/widos-stumpfschweissmaschine\/\" aria-label=\"M\u00e1s informaci\u00f3n sobre M\u00e1quina de fusi\u00f3n de culatas WIDOS\" tabindex=\"-1\" >\n\t\t\tLeer m\u00e1s \u00bb\t\t<\/a>\n\n\t\t\t\t<\/div>\n\t\t\t\t<div class=\"elementor-post__meta-data\">\n\t\t\t\t\t<span class=\"elementor-post-date\">\n\t\t\t28. agosto 2025\t\t<\/span>\n\t\t\t\t<\/div>\n\t\t\t\t\t<\/div>\n\t\t<\/article>\n\t\t\t\t<\/div>\n\t\t\t\t\t<span class=\"e-load-more-spinner\">\n\t\t\t\t<svg aria-hidden=\"true\" class=\"e-font-icon-svg e-fas-spinner\" viewbox=\"0 0 512 512\" xmlns=\"http:\/\/www.w3.org\/2000\/svg\"><path d=\"M304 48c0 26.51-21.49 48-48 48s-48-21.49-48-48 21.49-48 48-48 48 21.49 48 48zm-48 368c-26.51 0-48 21.49-48 48s21.49 48 48 48 48-21.49 48-48-21.49-48-48-48zm208-208c-26.51 0-48 21.49-48 48s21.49 48 48 48 48-21.49 48-48-21.49-48-48-48zM96 256c0-26.51-21.49-48-48-48S0 229.49 0 256s21.49 48 48 48 48-21.49 48-48zm12.922 99.078c-26.51 0-48 21.49-48 48s21.49 48 48 48 48-21.49 48-48c0-26.509-21.491-48-48-48zm294.156 0c-26.51 0-48 21.49-48 48s21.49 48 48 48 48-21.49 48-48c0-26.509-21.49-48-48-48zM108.922 60.922c-26.51 0-48 21.49-48 48s21.49 48 48 48 48-21.49 48-48-21.491-48-48-48z\"><\/path><\/svg>\t\t\t<\/span>\n\t\t\n\t\t\t\t\t\t<\/div>\n\t\t\t\t<\/div>\n\t\t\t\t<\/div>\n\t\t\t\t\t<\/div>\n\t\t\t\t<\/div>\n\t\t\t\t<\/div>","protected":false},"excerpt":{"rendered":"<p>Noticias Schirmacher<\/p>","protected":false},"author":1,"featured_media":0,"parent":0,"menu_order":0,"comment_status":"closed","ping_status":"closed","template":"","meta":{"_acf_changed":false,"footnotes":""},"class_list":["post-3329","page","type-page","status-publish","hentry"],"acf":[],"_links":{"self":[{"href":"https:\/\/schirmacher-hf.de\/es\/wp-json\/wp\/v2\/pages\/3329","targetHints":{"allow":["GET"]}}],"collection":[{"href":"https:\/\/schirmacher-hf.de\/es\/wp-json\/wp\/v2\/pages"}],"about":[{"href":"https:\/\/schirmacher-hf.de\/es\/wp-json\/wp\/v2\/types\/page"}],"author":[{"embeddable":true,"href":"https:\/\/schirmacher-hf.de\/es\/wp-json\/wp\/v2\/users\/1"}],"replies":[{"embeddable":true,"href":"https:\/\/schirmacher-hf.de\/es\/wp-json\/wp\/v2\/comments?post=3329"}],"version-history":[{"count":1,"href":"https:\/\/schirmacher-hf.de\/es\/wp-json\/wp\/v2\/pages\/3329\/revisions"}],"predecessor-version":[{"id":3922,"href":"https:\/\/schirmacher-hf.de\/es\/wp-json\/wp\/v2\/pages\/3329\/revisions\/3922"}],"wp:attachment":[{"href":"https:\/\/schirmacher-hf.de\/es\/wp-json\/wp\/v2\/media?parent=3329"}],"curies":[{"name":"wp","href":"https:\/\/api.w.org\/{rel}","templated":true}]}}