{"id":2696,"date":"2025-09-03T11:16:11","date_gmt":"2025-09-03T09:16:11","guid":{"rendered":"https:\/\/schirmacher-hf.de\/?page_id=2696"},"modified":"2026-02-11T10:16:41","modified_gmt":"2026-02-11T09:16:41","slug":"carrera","status":"publish","type":"page","link":"https:\/\/schirmacher-hf.de\/es\/karriere\/","title":{"rendered":"Empleo"},"content":{"rendered":"<div data-elementor-type=\"wp-page\" data-elementor-id=\"2696\" class=\"elementor elementor-2696\" data-elementor-post-type=\"page\">\n\t\t\t\t<div class=\"elementor-element elementor-element-8751668 e-flex e-con-boxed e-con e-parent\" data-id=\"8751668\" data-element_type=\"container\" data-e-type=\"container\" data-settings=\"{&quot;background_background&quot;:&quot;classic&quot;}\">\n\t\t\t\t\t<div class=\"e-con-inner\">\n\t\t<div class=\"elementor-element elementor-element-f646b54 e-flex e-con-boxed e-con e-child\" data-id=\"f646b54\" data-element_type=\"container\" data-e-type=\"container\" data-settings=\"{&quot;background_background&quot;:&quot;classic&quot;}\">\n\t\t\t\t\t<div class=\"e-con-inner\">\n\t\t\t\t<div class=\"elementor-element elementor-element-36e94e8 elementor-widget elementor-widget-heading\" data-id=\"36e94e8\" data-element_type=\"widget\" data-e-type=\"widget\" data-widget_type=\"heading.default\">\n\t\t\t\t\t<h1 class=\"elementor-heading-title elementor-size-default\">Empleo<\/h1>\t\t\t\t<\/div>\n\t\t\t\t<div class=\"elementor-element elementor-element-f7d685f elementor-widget-divider--view-line elementor-widget elementor-widget-divider\" data-id=\"f7d685f\" data-element_type=\"widget\" data-e-type=\"widget\" data-widget_type=\"divider.default\">\n\t\t\t\t\t\t\t<div class=\"elementor-divider\">\n\t\t\t<span class=\"elementor-divider-separator\">\n\t\t\t\t\t\t<\/span>\n\t\t<\/div>\n\t\t\t\t\t\t<\/div>\n\t\t\t\t\t<\/div>\n\t\t\t\t<\/div>\n\t\t\t\t\t<\/div>\n\t\t\t\t<\/div>\n\t\t<div class=\"elementor-element elementor-element-f62a0a6 e-flex e-con-boxed e-con e-parent\" data-id=\"f62a0a6\" data-element_type=\"container\" data-e-type=\"container\">\n\t\t\t\t\t<div class=\"e-con-inner\">\n\t\t<div class=\"elementor-element elementor-element-1c2e85f e-con-full e-flex e-con e-child\" data-id=\"1c2e85f\" data-element_type=\"container\" data-e-type=\"container\">\n\t\t\t\t<div class=\"elementor-element elementor-element-cfe15c4 fwp_square elementor-invisible elementor-widget elementor-widget-heading\" data-id=\"cfe15c4\" data-element_type=\"widget\" data-e-type=\"widget\" data-settings=\"{&quot;_animation&quot;:&quot;fadeInUp&quot;}\" data-widget_type=\"heading.default\">\n\t\t\t\t\t<h2 class=\"elementor-heading-title elementor-size-default\">Vacantes<\/h2>\t\t\t\t<\/div>\n\t\t\t\t<div class=\"elementor-element elementor-element-a084c87 elementor-widget elementor-widget-image\" data-id=\"a084c87\" data-element_type=\"widget\" data-e-type=\"widget\" data-widget_type=\"image.default\">\n\t\t\t\t\t\t\t\t\t\t\t\t\t\t\t<img fetchpriority=\"high\" decoding=\"async\" width=\"800\" height=\"534\" src=\"https:\/\/schirmacher-hf.de\/wp-content\/uploads\/2025\/08\/IMG_4706-2-1024x683.jpg\" class=\"attachment-large size-large wp-image-2420\" alt=\"\" srcset=\"https:\/\/schirmacher-hf.de\/wp-content\/uploads\/2025\/08\/IMG_4706-2-1024x683.jpg 1024w, https:\/\/schirmacher-hf.de\/wp-content\/uploads\/2025\/08\/IMG_4706-2-300x200.jpg 300w, https:\/\/schirmacher-hf.de\/wp-content\/uploads\/2025\/08\/IMG_4706-2-768x512.jpg 768w, https:\/\/schirmacher-hf.de\/wp-content\/uploads\/2025\/08\/IMG_4706-2-1536x1025.jpg 1536w, https:\/\/schirmacher-hf.de\/wp-content\/uploads\/2025\/08\/IMG_4706-2-18x12.jpg 18w, https:\/\/schirmacher-hf.de\/wp-content\/uploads\/2025\/08\/IMG_4706-2.jpg 2048w\" sizes=\"(max-width: 800px) 100vw, 800px\" \/>\t\t\t\t\t\t\t\t\t\t\t\t\t\t\t<\/div>\n\t\t\t\t<div class=\"elementor-element elementor-element-920b57e elementor-invisible elementor-widget elementor-widget-text-editor\" data-id=\"920b57e\" data-element_type=\"widget\" data-e-type=\"widget\" data-settings=\"{&quot;_animation&quot;:&quot;fadeInUp&quot;}\" data-widget_type=\"text-editor.default\">\n\t\t\t\t\t\t\t\t\t<p>En nuestra empresa, ingenieros\/as, t\u00e9cnicos\/as en electr\u00f3nica y mec\u00e1nicos\/as industriales trabajan conjuntamente en m\u00e1quinas altamente especializadas para la tecnolog\u00eda de alta frecuencia.<\/p><p>Tras una breve fase de incorporaci\u00f3n pr\u00e1ctica, asumir\u00e1 sus propias \u00e1reas de responsabilidad y proyectos, con un verdadero margen de dise\u00f1o y resultados visibles.<\/p>\t\t\t\t\t\t\t\t<\/div>\n\t\t\t\t<\/div>\n\t\t<div class=\"elementor-element elementor-element-cdab6f3 e-con-full e-flex e-con e-child\" data-id=\"cdab6f3\" data-element_type=\"container\" data-e-type=\"container\">\n\t\t\t\t<div class=\"elementor-element elementor-element-35d5eab fwp_square elementor-invisible elementor-widget elementor-widget-heading\" data-id=\"35d5eab\" data-element_type=\"widget\" data-e-type=\"widget\" data-settings=\"{&quot;_animation&quot;:&quot;fadeInUp&quot;}\" data-widget_type=\"heading.default\">\n\t\t\t\t\t<h2 class=\"elementor-heading-title elementor-size-default\">Estudiantes<\/h2>\t\t\t\t<\/div>\n\t\t\t\t<div class=\"elementor-element elementor-element-3103635 elementor-invisible elementor-widget elementor-widget-text-editor\" data-id=\"3103635\" data-element_type=\"widget\" data-e-type=\"widget\" data-settings=\"{&quot;_animation&quot;:&quot;fadeInRight&quot;}\" data-widget_type=\"text-editor.default\">\n\t\t\t\t\t\t\t\t\t<p>Ofrecemos a estudiantes y futuros estudiantes motivados los siguientes campos de estudio\u00a0<strong>Ingenier\u00eda mec\u00e1nica e ingenier\u00eda de comunicaciones<\/strong>\u00a0la oportunidad de pasar directamente a la pr\u00e1ctica. Los estudiantes se integran en el trabajo diario y participan activamente en nuestros equipos.<\/p><p><strong>Pr\u00e1cticas<\/strong><\/p><p>Si desea realizar unas pr\u00e1cticas preliminares o principales o busca una empresa en la que realizar su tesina pr\u00e1ctica. Heinz Schirmacher GmbH le ofrece esta oportunidad.<\/p><p class=\"head\"><strong>Educaci\u00f3n<\/strong><\/p><p>Una formaci\u00f3n cualificada sigue siendo la mejor base para su \u00e9xito profesional. M\u00e1s a\u00fan si empiezas en una empresa de orientaci\u00f3n tecnol\u00f3gica. Ofrecemos programas de formaci\u00f3n para mec\u00e1nicos industriales y t\u00e9cnicos electr\u00f3nicos en ingenier\u00eda industrial. Puede obtener m\u00e1s informaci\u00f3n sobre los distintos programas de formaci\u00f3n en las p\u00e1ginas de informaci\u00f3n de las c\u00e1maras de industria y comercio.<\/p>\t\t\t\t\t\t\t\t<\/div>\n\t\t\t\t<\/div>\n\t\t\t\t\t<\/div>\n\t\t\t\t<\/div>\n\t\t<div class=\"elementor-element elementor-element-44e137b e-flex e-con-boxed e-con e-parent\" data-id=\"44e137b\" data-element_type=\"container\" data-e-type=\"container\">\n\t\t\t\t\t<div class=\"e-con-inner\">\n\t\t<div class=\"elementor-element elementor-element-ae0231b e-flex e-con-boxed e-con e-child\" data-id=\"ae0231b\" data-element_type=\"container\" data-e-type=\"container\">\n\t\t\t\t\t<div class=\"e-con-inner\">\n\t\t\t\t<div class=\"elementor-element elementor-element-b4900ab fwp_square elementor-invisible elementor-widget elementor-widget-heading\" data-id=\"b4900ab\" data-element_type=\"widget\" data-e-type=\"widget\" data-settings=\"{&quot;_animation&quot;:&quot;fadeInUp&quot;}\" data-widget_type=\"heading.default\">\n\t\t\t\t\t<h2 class=\"elementor-heading-title elementor-size-default\">Puestos vacantes\n<\/h2>\t\t\t\t<\/div>\n\t\t\t\t<div class=\"elementor-element elementor-element-259674b elementor-widget-divider--view-line elementor-widget elementor-widget-divider\" data-id=\"259674b\" data-element_type=\"widget\" data-e-type=\"widget\" data-widget_type=\"divider.default\">\n\t\t\t\t\t\t\t<div class=\"elementor-divider\">\n\t\t\t<span class=\"elementor-divider-separator\">\n\t\t\t\t\t\t<\/span>\n\t\t<\/div>\n\t\t\t\t\t\t<\/div>\n\t\t\t\t\t<\/div>\n\t\t\t\t<\/div>\n\t\t\t\t\t<\/div>\n\t\t\t\t<\/div>\n\t\t<div class=\"elementor-element elementor-element-1ea832a e-flex e-con-boxed e-con e-parent\" data-id=\"1ea832a\" data-element_type=\"container\" data-e-type=\"container\">\n\t\t\t\t\t<div class=\"e-con-inner\">\n\t\t<div class=\"elementor-element elementor-element-225a8df e-con-full e-flex e-con e-child\" data-id=\"225a8df\" data-element_type=\"container\" data-e-type=\"container\">\n\t\t\t\t<div class=\"elementor-element elementor-element-8b8af6c elementor-grid-1 elementor-posts--thumbnail-none elementor-grid-tablet-1 elementor-grid-mobile-1 elementor-card-shadow-yes elementor-posts__hover-gradient elementor-widget elementor-widget-posts\" data-id=\"8b8af6c\" data-element_type=\"widget\" data-e-type=\"widget\" data-settings=\"{&quot;cards_columns&quot;:&quot;1&quot;,&quot;cards_columns_tablet&quot;:&quot;1&quot;,&quot;cards_columns_mobile&quot;:&quot;1&quot;,&quot;cards_row_gap&quot;:{&quot;unit&quot;:&quot;px&quot;,&quot;size&quot;:35,&quot;sizes&quot;:[]},&quot;cards_row_gap_tablet&quot;:{&quot;unit&quot;:&quot;px&quot;,&quot;size&quot;:&quot;&quot;,&quot;sizes&quot;:[]},&quot;cards_row_gap_mobile&quot;:{&quot;unit&quot;:&quot;px&quot;,&quot;size&quot;:&quot;&quot;,&quot;sizes&quot;:[]}}\" data-widget_type=\"posts.cards\">\n\t\t\t\t<div class=\"elementor-widget-container\">\n\t\t\t\t\t\t\t<div class=\"elementor-posts-container elementor-posts elementor-posts--skin-cards elementor-grid\" role=\"list\">\n\t\t\t\t<article class=\"elementor-post elementor-grid-item post-2683 karriere type-karriere status-publish hentry\" role=\"listitem\">\n\t\t\t<div class=\"elementor-post__card\">\n\t\t\t\t<div class=\"elementor-post__text\">\n\t\t\t\t<h3 class=\"elementor-post__title\">\n\t\t\t<a href=\"https:\/\/schirmacher-hf.de\/es\/karriere\/elektroniker-in-fuer-betriebstechnik-m-w-d\/\" >\n\t\t\t\tT\u00e9cnico en electr\u00f3nica para ingenier\u00eda industrial (h\/m\/x)\t\t\t<\/a>\n\t\t<\/h3>\n\t\t\n\t\t<a class=\"elementor-post__read-more\" href=\"https:\/\/schirmacher-hf.de\/es\/karriere\/elektroniker-in-fuer-betriebstechnik-m-w-d\/\" aria-label=\"M\u00e1s informaci\u00f3n sobre T\u00e9cnico en electr\u00f3nica para ingenier\u00eda industrial (h\/m\/x)\" tabindex=\"-1\" >\n\t\t\tal anuncio de empleo \u00bb\t\t<\/a>\n\n\t\t\t\t<\/div>\n\t\t\t\t\t<\/div>\n\t\t<\/article>\n\t\t\t\t<article class=\"elementor-post elementor-grid-item post-2758 karriere type-karriere status-publish hentry\" role=\"listitem\">\n\t\t\t<div class=\"elementor-post__card\">\n\t\t\t\t<div class=\"elementor-post__text\">\n\t\t\t\t<h3 class=\"elementor-post__title\">\n\t\t\t<a href=\"https:\/\/schirmacher-hf.de\/es\/karriere\/servicetechniker-m-w-d\/\" >\n\t\t\t\tT\u00e9cnico de servicio (h\/m\/x)\t\t\t<\/a>\n\t\t<\/h3>\n\t\t\n\t\t<a class=\"elementor-post__read-more\" href=\"https:\/\/schirmacher-hf.de\/es\/karriere\/servicetechniker-m-w-d\/\" aria-label=\"M\u00e1s informaci\u00f3n sobre Service Technician (m\/f\/x)\" tabindex=\"-1\" >\n\t\t\tal anuncio de empleo \u00bb\t\t<\/a>\n\n\t\t\t\t<\/div>\n\t\t\t\t\t<\/div>\n\t\t<\/article>\n\t\t\t\t<article class=\"elementor-post elementor-grid-item post-2760 karriere type-karriere status-publish hentry\" role=\"listitem\">\n\t\t\t<div class=\"elementor-post__card\">\n\t\t\t\t<div class=\"elementor-post__text\">\n\t\t\t\t<h3 class=\"elementor-post__title\">\n\t\t\t<a href=\"https:\/\/schirmacher-hf.de\/es\/karriere\/programmierer-in-automatisierungstechnik-m-w-d\/\" >\n\t\t\t\tProgramador de tecnolog\u00eda de automatizaci\u00f3n (h\/m\/x)\t\t\t<\/a>\n\t\t<\/h3>\n\t\t\n\t\t<a class=\"elementor-post__read-more\" href=\"https:\/\/schirmacher-hf.de\/es\/karriere\/programmierer-in-automatisierungstechnik-m-w-d\/\" aria-label=\"M\u00e1s informaci\u00f3n sobre Programmer Automation Technology (m\/f\/x)\" tabindex=\"-1\" >\n\t\t\tal anuncio de empleo \u00bb\t\t<\/a>\n\n\t\t\t\t<\/div>\n\t\t\t\t\t<\/div>\n\t\t<\/article>\n\t\t\t\t<article class=\"elementor-post elementor-grid-item post-2762 karriere type-karriere status-publish hentry\" role=\"listitem\">\n\t\t\t<div class=\"elementor-post__card\">\n\t\t\t\t<div class=\"elementor-post__text\">\n\t\t\t\t<h3 class=\"elementor-post__title\">\n\t\t\t<a href=\"https:\/\/schirmacher-hf.de\/es\/karriere\/azubi-elektroniker-fuer-betriebstechnik\/\" >\n\t\t\t\tAprendiz de t\u00e9cnico electr\u00f3nico para ingenier\u00eda industrial (h\/m\/d)\t\t\t<\/a>\n\t\t<\/h3>\n\t\t\n\t\t<a class=\"elementor-post__read-more\" href=\"https:\/\/schirmacher-hf.de\/es\/karriere\/azubi-elektroniker-fuer-betriebstechnik\/\" aria-label=\"M\u00e1s informaci\u00f3n sobre Aprendiz de t\u00e9cnico electr\u00f3nico para ingenier\u00eda industrial (m\/f\/d)\" tabindex=\"-1\" >\n\t\t\tal anuncio de empleo \u00bb\t\t<\/a>\n\n\t\t\t\t<\/div>\n\t\t\t\t\t<\/div>\n\t\t<\/article>\n\t\t\t\t<article class=\"elementor-post elementor-grid-item post-3061 karriere type-karriere status-publish hentry\" role=\"listitem\">\n\t\t\t<div class=\"elementor-post__card\">\n\t\t\t\t<div class=\"elementor-post__text\">\n\t\t\t\t<h3 class=\"elementor-post__title\">\n\t\t\t<a href=\"https:\/\/schirmacher-hf.de\/es\/karriere\/azubi-industriemechaniker-fachrichtung-maschinen-und-anlagenbau\/\" >\n\t\t\t\tAprendiz de mec\u00e1nico industrial (h\/m\/d) - Ingenier\u00eda mec\u00e1nica y de instalaciones\t\t\t<\/a>\n\t\t<\/h3>\n\t\t\n\t\t<a class=\"elementor-post__read-more\" href=\"https:\/\/schirmacher-hf.de\/es\/karriere\/azubi-industriemechaniker-fachrichtung-maschinen-und-anlagenbau\/\" aria-label=\"M\u00e1s informaci\u00f3n sobre Trainee Industrial Mechanic (m\/f\/d) - Mechanical and Plant Engineering\" tabindex=\"-1\" >\n\t\t\tal anuncio de empleo \u00bb\t\t<\/a>\n\n\t\t\t\t<\/div>\n\t\t\t\t\t<\/div>\n\t\t<\/article>\n\t\t\t\t<article class=\"elementor-post elementor-grid-item post-3864 karriere type-karriere status-publish hentry\" role=\"listitem\">\n\t\t\t<div class=\"elementor-post__card\">\n\t\t\t\t<div class=\"elementor-post__text\">\n\t\t\t\t<h3 class=\"elementor-post__title\">\n\t\t\t<a href=\"https:\/\/schirmacher-hf.de\/es\/karriere\/auftragsbearbeitung-im-vertrieb-m-w-x\/\" >\n\t\t\t\tTramitaci\u00f3n de pedidos en ventas (h\/m\/x)\t\t\t<\/a>\n\t\t<\/h3>\n\t\t\n\t\t<a class=\"elementor-post__read-more\" href=\"https:\/\/schirmacher-hf.de\/es\/karriere\/auftragsbearbeitung-im-vertrieb-m-w-x\/\" aria-label=\"M\u00e1s informaci\u00f3n sobre Order processing in sales (m\/f\/x)\" tabindex=\"-1\" >\n\t\t\tal anuncio de empleo \u00bb\t\t<\/a>\n\n\t\t\t\t<\/div>\n\t\t\t\t\t<\/div>\n\t\t<\/article>\n\t\t\t\t<article class=\"elementor-post elementor-grid-item post-3876 karriere type-karriere status-publish hentry\" role=\"listitem\">\n\t\t\t<div class=\"elementor-post__card\">\n\t\t\t\t<div class=\"elementor-post__text\">\n\t\t\t\t<h3 class=\"elementor-post__title\">\n\t\t\t<a href=\"https:\/\/schirmacher-hf.de\/es\/karriere\/azubi-industriekaufleute-m-w-d\/\" >\n\t\t\t\tAdministrativo industrial en pr\u00e1cticas (h\/m\/d)\t\t\t<\/a>\n\t\t<\/h3>\n\t\t\n\t\t<a class=\"elementor-post__read-more\" href=\"https:\/\/schirmacher-hf.de\/es\/karriere\/azubi-industriekaufleute-m-w-d\/\" aria-label=\"M\u00e1s informaci\u00f3n sobre Trainee Industrial Clerk (m\/f\/d)\" tabindex=\"-1\" >\n\t\t\tal anuncio de empleo \u00bb\t\t<\/a>\n\n\t\t\t\t<\/div>\n\t\t\t\t\t<\/div>\n\t\t<\/article>\n\t\t\t\t<article class=\"elementor-post elementor-grid-item post-4001 karriere type-karriere status-publish hentry\" role=\"listitem\">\n\t\t\t<div class=\"elementor-post__card\">\n\t\t\t\t<div class=\"elementor-post__text\">\n\t\t\t\t<h3 class=\"elementor-post__title\">\n\t\t\t<a href=\"https:\/\/schirmacher-hf.de\/es\/karriere\/industriemechaniker-m-w-x-metallfacharbeiter-m-w-x\/\" >\n\t\t\t\tMec\u00e1nico industrial (h\/m\/x) \/ trabajador cualificado del metal (h\/m\/x)\t\t\t<\/a>\n\t\t<\/h3>\n\t\t\n\t\t<a class=\"elementor-post__read-more\" href=\"https:\/\/schirmacher-hf.de\/es\/karriere\/industriemechaniker-m-w-x-metallfacharbeiter-m-w-x\/\" aria-label=\"M\u00e1s informaci\u00f3n sobre Industrial Mechanic (m\/f\/x) \/ Metalworker (m\/f\/x)\" tabindex=\"-1\" >\n\t\t\tal anuncio de empleo \u00bb\t\t<\/a>\n\n\t\t\t\t<\/div>\n\t\t\t\t\t<\/div>\n\t\t<\/article>\n\t\t\t\t<\/div>\n\t\t\n\t\t\t\t\t\t<\/div>\n\t\t\t\t<\/div>\n\t\t\t\t<\/div>\n\t\t\t\t\t<\/div>\n\t\t\t\t<\/div>\n\t\t\t\t<\/div>","protected":false},"excerpt":{"rendered":"<p>Ofertas de empleo Ingenieros, t\u00e9cnicos electr\u00f3nicos y mec\u00e1nicos industriales trabajan juntos en m\u00e1quinas altamente especializadas para la tecnolog\u00eda de alta frecuencia. Tras una breve iniciaci\u00f3n pr\u00e1ctica, asumir\u00e1 sus propias \u00e1reas de responsabilidad.<\/p>","protected":false},"author":1,"featured_media":0,"parent":0,"menu_order":0,"comment_status":"closed","ping_status":"closed","template":"","meta":{"_acf_changed":false,"footnotes":""},"class_list":["post-2696","page","type-page","status-publish","hentry"],"acf":[],"_links":{"self":[{"href":"https:\/\/schirmacher-hf.de\/es\/wp-json\/wp\/v2\/pages\/2696","targetHints":{"allow":["GET"]}}],"collection":[{"href":"https:\/\/schirmacher-hf.de\/es\/wp-json\/wp\/v2\/pages"}],"about":[{"href":"https:\/\/schirmacher-hf.de\/es\/wp-json\/wp\/v2\/types\/page"}],"author":[{"embeddable":true,"href":"https:\/\/schirmacher-hf.de\/es\/wp-json\/wp\/v2\/users\/1"}],"replies":[{"embeddable":true,"href":"https:\/\/schirmacher-hf.de\/es\/wp-json\/wp\/v2\/comments?post=2696"}],"version-history":[{"count":1,"href":"https:\/\/schirmacher-hf.de\/es\/wp-json\/wp\/v2\/pages\/2696\/revisions"}],"predecessor-version":[{"id":3925,"href":"https:\/\/schirmacher-hf.de\/es\/wp-json\/wp\/v2\/pages\/2696\/revisions\/3925"}],"wp:attachment":[{"href":"https:\/\/schirmacher-hf.de\/es\/wp-json\/wp\/v2\/media?parent=2696"}],"curies":[{"name":"wp","href":"https:\/\/api.w.org\/{rel}","templated":true}]}}