{"id":2579,"date":"2025-09-02T11:26:53","date_gmt":"2025-09-02T09:26:53","guid":{"rendered":"https:\/\/schirmacher-hf.de\/?page_id=2579"},"modified":"2025-10-01T19:25:35","modified_gmt":"2025-10-01T17:25:35","slug":"proteccion-de-datos","status":"publish","type":"page","link":"https:\/\/schirmacher-hf.de\/es\/datenschutz\/","title":{"rendered":"Protecci\u00f3n de datos"},"content":{"rendered":"<div data-elementor-type=\"wp-page\" data-elementor-id=\"2579\" class=\"elementor elementor-2579\" data-elementor-post-type=\"page\">\n\t\t\t\t<div class=\"elementor-element elementor-element-8751668 e-flex e-con-boxed e-con e-parent\" data-id=\"8751668\" data-element_type=\"container\" data-e-type=\"container\" data-settings=\"{&quot;background_background&quot;:&quot;classic&quot;}\">\n\t\t\t\t\t<div class=\"e-con-inner\">\n\t\t<div class=\"elementor-element elementor-element-f646b54 e-flex e-con-boxed e-con e-child\" data-id=\"f646b54\" data-element_type=\"container\" data-e-type=\"container\" data-settings=\"{&quot;background_background&quot;:&quot;classic&quot;}\">\n\t\t\t\t\t<div class=\"e-con-inner\">\n\t\t\t\t<div class=\"elementor-element elementor-element-36e94e8 elementor-widget elementor-widget-heading\" data-id=\"36e94e8\" data-element_type=\"widget\" data-e-type=\"widget\" data-widget_type=\"heading.default\">\n\t\t\t\t\t<h1 class=\"elementor-heading-title elementor-size-default\">Pol\u00edtica de privacidad<\/h1>\t\t\t\t<\/div>\n\t\t\t\t<div class=\"elementor-element elementor-element-f7d685f elementor-widget-divider--view-line elementor-widget elementor-widget-divider\" data-id=\"f7d685f\" data-element_type=\"widget\" data-e-type=\"widget\" data-widget_type=\"divider.default\">\n\t\t\t\t\t\t\t<div class=\"elementor-divider\">\n\t\t\t<span class=\"elementor-divider-separator\">\n\t\t\t\t\t\t<\/span>\n\t\t<\/div>\n\t\t\t\t\t\t<\/div>\n\t\t\t\t\t<\/div>\n\t\t\t\t<\/div>\n\t\t\t\t\t<\/div>\n\t\t\t\t<\/div>\n\t\t<div class=\"elementor-element elementor-element-c6c5451 e-flex e-con-boxed e-con e-parent\" data-id=\"c6c5451\" data-element_type=\"container\" data-e-type=\"container\">\n\t\t\t\t\t<div class=\"e-con-inner\">\n\t\t\t\t<div class=\"elementor-element elementor-element-c3de670 elementor-widget elementor-widget-text-editor\" data-id=\"c3de670\" data-element_type=\"widget\" data-e-type=\"widget\" data-widget_type=\"text-editor.default\">\n\t\t\t\t\t\t\t\t\t<p><strong>La presente Pol\u00edtica de Privacidad (tal y como se define a continuaci\u00f3n) le informa de c\u00f3mo Heinz Schirmacher GmbH recopila y utiliza sus datos personales y de c\u00f3mo usted puede controlar su uso.<\/strong><\/p>\t\t\t\t\t\t\t\t<\/div>\n\t\t\t\t\t<\/div>\n\t\t\t\t<\/div>\n\t\t<div class=\"elementor-element elementor-element-2dcc5ee e-flex e-con-boxed e-con e-parent\" data-id=\"2dcc5ee\" data-element_type=\"container\" data-e-type=\"container\">\n\t\t\t\t\t<div class=\"e-con-inner\">\n\t\t\t\t<div class=\"elementor-element elementor-element-51f758e elementor-widget elementor-widget-text-editor\" data-id=\"51f758e\" data-element_type=\"widget\" data-e-type=\"widget\" data-widget_type=\"text-editor.default\">\n\t\t\t\t\t\t\t\t\t<p>Heinz Schirmacher GmbH (en lo sucesivo, \u201eSchirmacher\u201c),<\/p><p>procesa datos personales en el curso de sus actividades comerciales, incluidos los datos personales de las personas que utilizan y navegan por el sitio web de Schirmacher y env\u00edan informaci\u00f3n a trav\u00e9s del formulario de contacto.<\/p><p>El responsable del tratamiento en el sentido de la legislaci\u00f3n sobre protecci\u00f3n de datos, en particular el Reglamento general de protecci\u00f3n de datos (RGPD) de la UE, es<\/p><p>Heinz Schirmacher GmbH<\/p><p>Tel\u00e9fono: +49 \/ 4154 \/ 8616 - 0<\/p><p>Fax: +49 \/ 4154 \/ 3018<\/p><p>Correo electr\u00f3nico: datenschutz@schirmacher-hf.de<\/p><p>Enlace al pie de imprenta: http:\/\/www.schirmacher-hf.de\/en\/impressum.html<\/p><p>representado por<\/p><p>Director General Sven Kuntschmann<\/p><p>\u00a0<\/p><h3>1 \u00c1mbito de aplicaci\u00f3n de esta pol\u00edtica de privacidad y derechos de los interesados<\/h3><p>Esta pol\u00edtica de privacidad contiene los principios y directrices aplicables para la protecci\u00f3n de sus datos personales, incluidos los datos personales recogidos a trav\u00e9s del formulario de contacto.<\/p><p>Los datos personales (\u201edatos personales\u201c) son todos los datos que pueden conducir a la identificaci\u00f3n de una persona. Los datos no personales son aquellos que no permiten identificar a una persona.<\/p><p>Schirmacher recopila datos personales en l\u00ednea y fuera de l\u00ednea (por ejemplo, a trav\u00e9s de una tarjeta de visita entregada a un empleado de Schirmacher sin que \u00e9ste se lo pida). Esta declaraci\u00f3n de protecci\u00f3n de datos se aplica independientemente del procedimiento de recogida.<\/p><p>\u00a0<\/p><h3>2. derechos a la protecci\u00f3n de datos personales<\/h3><p>Schirmacher tomar\u00e1 medidas razonables para garantizar que los datos personales recogidos se utilicen para los fines establecidos en esta pol\u00edtica de privacidad. Usted tiene derecho a acceder a sus datos personales. Tambi\u00e9n tiene derecho a solicitar la correcci\u00f3n, modificaci\u00f3n, actualizaci\u00f3n y supresi\u00f3n de sus datos personales. Tambi\u00e9n tiene derecho a recibir una copia de sus datos personales almacenados por Schirmacher.<\/p><p><strong>Derechos de los interesados<\/strong><\/p><p>Tiene derecho a solicitar confirmaci\u00f3n sobre si se est\u00e1n tratando los datos en cuesti\u00f3n y a solicitar informaci\u00f3n sobre los mismos, as\u00ed como informaci\u00f3n adicional y una copia de los datos, de conformidad con el art\u00edculo 15 del RGPD.<\/p><p>Usted tiene en consecuencia. Art. 16 GDPR, tiene derecho a solicitar que se completen los datos que le conciernen o que se rectifiquen los datos inexactos que le conciernen.<\/p><p>De conformidad con el art\u00edculo 17 del RGPD, usted tiene derecho a exigir que los datos en cuesti\u00f3n se supriman inmediatamente o, alternativamente, a exigir que se restrinja el tratamiento de los datos de conformidad con el art\u00edculo 18 del RGPD.<\/p><p>Tiene derecho a solicitar que se le comuniquen los datos que le conciernen que nos haya facilitado de conformidad con el art\u00edculo 20 del RGPD y a solicitar que se transfieran a otros responsables del tratamiento de datos.<\/p><p>De conformidad con el art\u00edculo 77 del RGPD, tambi\u00e9n tiene derecho a presentar una reclamaci\u00f3n ante la autoridad de control competente.<\/p><p><strong>Derecho de anulaci\u00f3n<\/strong><\/p><p>Si ha dado su consentimiento, puede revocarlo en cualquier momento con efectos para el futuro.<\/p><p><strong>Derecho de oposici\u00f3n<\/strong><\/p><p>Puede oponerse al tratamiento futuro de los datos que le conciernen en cualquier momento, de conformidad con el art\u00edculo 21 del RGPD.<\/p><p><strong>Contacto<\/strong><\/p><p>En cualquier caso, puede ejercer su derecho de acceso y rectificaci\u00f3n de sus datos envi\u00e1ndonos un<\/p><p>Env\u00ede un correo electr\u00f3nico a datenschutz@schirmacher-hf.de.<\/p><p>**En general, el ejercicio de sus derechos como interesado es gratuito. No obstante, de conformidad con el art\u00edculo 12, apartado 5, del RGPD, nos reservamos el derecho a cobrar una tasa razonable o a negarnos a tramitar solicitudes que sean manifiestamente infundadas o excesivas. **Schirmacher podr\u00e1 denegar el acceso a los datos personales en determinadas circunstancias definidas por las leyes y reglamentos aplicables.<\/p><p>~~Seg\u00fan el alcance de la solicitud, Schirmacher se reserva el derecho a cobrar una tarifa razonable para cubrir los costes derivados del acceso, modificaci\u00f3n y supresi\u00f3n de los datos personales.<\/p><p>\u00a0<\/p><h3>3. datos registrados<\/h3><p>Los datos personales recogidos de las personas que nos facilitan informaci\u00f3n para los fines enumerados a continuaci\u00f3n pueden incluir los siguientes:<\/p><p>Direcci\u00f3n IP<\/p><p>Contenido de las cookies<\/p><p>Saludo<\/p><p>Nombre y apellidos<\/p><p>Direcci\u00f3n postal<\/p><p>Correo electr\u00f3nico<\/p><p>N\u00famero(s) de tel\u00e9fono<\/p><p>Funci\u00f3n\/actividad<\/p><p>Sector y subsector<\/p><p>otros datos que puedan ser necesarios para los fines enumerados a continuaci\u00f3n<\/p><p>En cualquier caso, s\u00f3lo se recopilar\u00e1n los datos personales necesarios para los fines indicados en la secci\u00f3n 3.<\/p><p>\u00a0<\/p><h3>4. fines del tratamiento de datos personales<\/h3><p>Schirmacher recoge y utiliza sus datos personales para llevar a cabo sus actividades comerciales.<\/p><p>Transacciones con arreglo a las siguientes bases jur\u00eddicas y para los siguientes fines:<\/p><p>Actividades de tratamiento basadas en el cumplimiento del contrato:<\/p><p>para permitir a Schirmacher gestionar sus relaciones comerciales, incluyendo oportunidades de venta, ofertas comerciales, compras, contratos, pedidos y facturas, que tambi\u00e9n pueden incluir datos de comunicaci\u00f3n (por ejemplo, mensajes de chat, correos electr\u00f3nicos y mensajes de voz);<\/p><p>para prestarle servicios comerciales o de apoyo;<\/p><p>permitir a Schirmacher gestionar sus actividades de investigaci\u00f3n y desarrollo, incluidos los requisitos de desarrollo, las incidencias y los controles de estabilidad de los productos;<\/p><p>para que Schirmacher pueda cumplir con sus obligaciones contractuales derivadas de la relaci\u00f3n de trabajo u otras relaciones laborales.<\/p><p>Actividades de tratamiento basadas en los intereses leg\u00edtimos de Schirmacher:<\/p><p>tramitar una solicitud suya y gestionar las fuentes de contrataci\u00f3n. El inter\u00e9s leg\u00edtimo reside en la aplicaci\u00f3n de una gesti\u00f3n eficiente de los solicitantes, que no prevalece sobre sus intereses leg\u00edtimos.<\/p><p>\u00a0<\/p><h3>5. transferencia y destinatarios de los datos personales<\/h3><p>En casos individuales, los datos personales pueden ser transmitidos a empresas contratadas para los fines especificados en la Secci\u00f3n 3 de esta Pol\u00edtica de Privacidad y utilizados por ellas dentro del \u00e1mbito de la Pol\u00edtica de Privacidad.<\/p><p>Si Schirmacher tiene conocimiento de que terceros a los que Schirmacher ha revelado datos personales para los fines enumerados en la Secci\u00f3n 3 est\u00e1n utilizando o revelando dichos datos personales contraviniendo esta Pol\u00edtica de Privacidad o las leyes aplicables, Schirmacher tomar\u00e1 medidas razonables para prevenir o detener dicho uso o revelaci\u00f3n.<\/p><p>Schirmacher tambi\u00e9n divulgar\u00e1 dicha informaci\u00f3n personal si as\u00ed lo exige la ley o si cree de buena fe que dicha acci\u00f3n es necesaria para cumplir con un proceso legal (por ejemplo, una orden de registro, citaci\u00f3n u otra orden judicial) o para proteger los derechos, la propiedad o la seguridad personal de Schirmacher, nuestros clientes o el p\u00fablico.<\/p><p>Dichas transmisiones podr\u00e1n realizarse a trav\u00e9s de Internet, por correo electr\u00f3nico, por fax o por cualquier otro m\u00e9todo que Schirmacher considere apropiado y de conformidad con la legislaci\u00f3n aplicable.<\/p><p>\u00a0<\/p><h3>6. periodo de conservaci\u00f3n de los datos personales<\/h3><p>Schirmacher no almacena sus datos personales durante m\u00e1s tiempo del necesario. Los periodos de conservaci\u00f3n pueden variar en funci\u00f3n de las categor\u00edas de datos y las actividades de tratamiento.<\/p><p>Adem\u00e1s de los principios generales expuestos a continuaci\u00f3n, se aplican los siguientes periodos de conservaci\u00f3n espec\u00edficos:<\/p><ul><li><strong>Archivos de registro del servidor: 7 d\u00edas como m\u00e1ximo.<\/strong><\/li><li><strong>Consultas a trav\u00e9s del formulario de contacto: Los datos se almacenar\u00e1n hasta que se haya tramitado definitivamente la consulta y se suprimir\u00e1n transcurridos 6 meses como m\u00e1ximo, siempre que no exista obligaci\u00f3n legal de conservaci\u00f3n en sentido contrario (por ejemplo, tras la celebraci\u00f3n de un contrato).<\/strong><\/li><li>Correspondencia comercial y documentos relacionados con contratos: de 6 a 10 a\u00f1os, de acuerdo con las obligaciones de conservaci\u00f3n previstas en la legislaci\u00f3n mercantil y fiscal (HGB, AO).<\/li><\/ul><p>Si Schirmacher procesa y utiliza sus datos personales de conformidad con las disposiciones legales o con su consentimiento, Schirmacher almacena sus datos personales<\/p><p>s\u00f3lo durante el tiempo necesario para cumplir los fines mencionados,<\/p><p>hasta que se oponga al uso de sus datos personales o<\/p><p>hasta que usted retire su consentimiento previamente otorgado. No obstante, cuando la legislaci\u00f3n aplicable obligue a Schirmacher a conservar sus datos personales durante m\u00e1s tiempo, o cuando sus datos personales sean necesarios para el establecimiento, ejercicio o defensa de reclamaciones legales, Schirmacher conservar\u00e1 sus datos personales hasta el final del periodo de conservaci\u00f3n correspondiente o hasta que se hayan resuelto las reclamaciones en cuesti\u00f3n.<\/p><p>\u00a0<\/p><h3>7. seguridad de los datos<\/h3><p>Schirmacher se compromete a garantizar la protecci\u00f3n y seguridad de los datos personales que usted facilite con el fin de salvaguardar la confidencialidad de los mismos y protegerlos contra robo, da\u00f1o, destrucci\u00f3n o divulgaci\u00f3n a personas no autorizadas.<\/p><p>Schirmacher toma las precauciones de seguridad f\u00edsicas, electr\u00f3nicas y relacionadas con el proceso adecuadas para proteger los datos personales de la p\u00e9rdida, el uso indebido y el acceso no autorizado, la divulgaci\u00f3n, la alteraci\u00f3n y la destrucci\u00f3n.<\/p><p>Para proteger la seguridad de sus datos durante la transmisi\u00f3n a trav\u00e9s de Internet, utilizamos m\u00e9todos de cifrado de \u00faltima generaci\u00f3n (por ejemplo, SSL) mediante HTTPS.<\/p><p>Sin embargo, a pesar de todos los esfuerzos para proteger sus datos personales, Schirmacher no puede garantizar una protecci\u00f3n completa durante la transmisi\u00f3n de datos personales en vista de los riesgos inevitables de la transmisi\u00f3n de datos a trav\u00e9s de Internet.<\/p><p>Dado que los datos personales pueden ser confidenciales, el acceso est\u00e1 restringido a los empleados y contratistas que necesiten estos datos en el desempe\u00f1o de sus funciones. Todas las personas que tengan acceso a sus datos personales est\u00e1n obligadas a tratarlos con confidencialidad; las infracciones de esta norma se castigar\u00e1n con sanciones disciplinarias y\/o de otro tipo.<\/p><p>No obstante, debe asegurarse de que las personas no autorizadas no accedan a sus datos personales.<\/p><p>\u00a0<\/p><h3>8. cookies y otras tecnolog\u00edas<\/h3><p>Los sitios web utilizan cookies u otras tecnolog\u00edas (denominadas colectivamente \u201ecookies\u201c) que pueden recoger o almacenar datos personales. Las cookies son archivos de texto que se almacenan y utilizan para recopilar informaci\u00f3n no personal y personal sobre sus movimientos en los sitios web y el uso que hace de ellos. Las cookies pueden ser persistentes (es decir, siguen existiendo despu\u00e9s de que usted cierre su navegador para que puedan utilizarse en sus pr\u00f3ximas visitas al sitio web) o pueden ser transitorias (es decir, se eliminan en cuanto usted cierra su navegador).<\/p><p>En la medida en que se utilicen cookies (a excepci\u00f3n de las cookies t\u00e9cnicamente necesarias) o tecnolog\u00edas comparables para almacenar informaci\u00f3n en su equipo terminal o para acceder a informaci\u00f3n ya almacenada en su equipo terminal, esto se basa en su consentimiento expreso, que puede revocarse en cualquier momento, de conformidad con el art\u00edculo 25, apartado 1, de la TTDSG y el art\u00edculo 6, apartado 1, letra a), del GDPR. Para ello utilizamos una Herramienta de Gesti\u00f3n del Consentimiento (CMP) espec\u00edfica.<\/p><p>~~Schirmacher tambi\u00e9n puede utilizar servicios de terceros (por ejemplo, Adobe Analytics, Google Analytics, Piwik, DART, LinkedIn) para medir y analizar la eficacia del sitio web.<\/p><p>~~En tales casos, estos terceros proveedores pueden utilizar y almacenar cookies. Cuando se transmiten los datos generados por estas cookies, la configuraci\u00f3n de las cookies garantiza que las direcciones IP se anonimizan antes de la geolocalizaci\u00f3n y el almacenamiento. Su direcci\u00f3n IP no se vincula a otros datos almacenados.<\/p><p>~~Cuando navega por los sitios web, las cookies est\u00e1n activadas por defecto y los datos pueden ser le\u00eddos o almacenados localmente en su dispositivo si la configuraci\u00f3n de su navegador lo permite.<\/p><p>\u00a0<\/p><h3>9. servicio de an\u00e1lisis web Trackboxx<\/h3><p>Utilizamos el servicio de an\u00e1lisis web en nuestro sitio web <a href=\"https:\/\/trackboxx.com\" target=\"_blank\" rel=\"noopener\">Trackboxx<\/a>.<\/p><p>La utilizamos para evaluar estad\u00edsticamente el acceso de los visitantes y analizar el uso de nuestro sitio web.<\/p><p>Los datos se almacenan de forma an\u00f3nima en un servidor en Alemania para este fin y est\u00e1n sujetos a las disposiciones del GDPR.<\/p><p>No utilizamos cookies ni almacenamos datos personales. En su lugar, se utiliza su direcci\u00f3n IP para este fin,<\/p><p>generan un c\u00f3digo que se asigna a un identificador de usuario an\u00f3nimo mientras permanezca en nuestro sitio web.<\/p><p>Estos datos no pueden asignarse a una persona concreta y est\u00e1n encriptados con un c\u00f3digo que cambia a diario.<\/p><p>Por lo tanto, no es posible \u201ereconocerle\u201c cuando vuelva a visitar nuestro sitio web.<\/p><p>No hay rastreo entre sitios, vinculaci\u00f3n de datos con otras fuentes ni env\u00edo de informaci\u00f3n a terceros.<\/p><p>La base jur\u00eddica del tratamiento es el art\u00edculo 6, apartado 1, letra f, del GDPR. Nuestro inter\u00e9s leg\u00edtimo reside en el dise\u00f1o basado en las necesidades<\/p><p>y optimizaci\u00f3n de nuestra presencia en Internet.<\/p><p>\u00a0<\/p><h3>10. utilizar Leedfeeder<\/h3><p>Nuestro sitio web utiliza las tecnolog\u00edas de Dealfront (Dealfront Finland Oy como parte de Dealfront Group GmbH) para analizar el comportamiento de los visitantes. En este proceso, se procesa la direcci\u00f3n IP de un visitante. La direcci\u00f3n IP se procesa para ayudarnos a comprender qu\u00e9 empresas (B2B) visitan nuestro sitio web. Como parte del procesamiento, la direcci\u00f3n IP se enriquece con informaci\u00f3n asociada, como el nombre de la empresa o el c\u00f3digo del sector. Para ello, la direcci\u00f3n IP del visitante del sitio web y los datos de sesi\u00f3n correspondientes se comparan con una amplia lista blanca de empresas conocidas al inicio de la sesi\u00f3n.<\/p><p>Con el fin de aumentar la protecci\u00f3n de datos de nuestros visitantes, hemos activado la \u201eanonimizaci\u00f3n de la direcci\u00f3n IP\u201c para que s\u00f3lo se guarden los valores acortados en lugar de las direcciones IP reales y se muestren con Dealfront. Cuando esta funci\u00f3n est\u00e1 activada, no almacenamos la direcci\u00f3n IP real en ning\u00fan lugar de nuestros sistemas, ni siquiera en los registros. Esta anonimizaci\u00f3n hace que sea imposible establecer posteriormente una conexi\u00f3n con la informaci\u00f3n de la direcci\u00f3n IP externa, lo que impide la identificaci\u00f3n de una persona individual.<\/p><p>Como parte de este procesamiento, Dealfront utiliza las denominadas cookies de origen para analizar el comportamiento de los visitantes.<\/p><p>Si procesamos datos personales en este contexto, se hace sobre la base de nuestro inter\u00e9s leg\u00edtimo (Art. 6 (1) lit. f GDPR) en la optimizaci\u00f3n de nuestros productos, servicios, ventas y marketing. Para evitar este tratamiento, los visitantes del sitio web pueden instalar y configurar bloqueadores de anuncios adecuados o utilizar plugins sin script en su navegador. Los datos se suprimen en cuanto dejan de ser necesarios para los fines previstos. No obstante, las obligaciones legales de conservaci\u00f3n pueden conllevar un periodo de conservaci\u00f3n m\u00e1s largo para los datos en cuesti\u00f3n. Hemos firmado un acuerdo de procesamiento de datos con Dealfront para garantizar el cumplimiento de las normas de protecci\u00f3n de datos aplicables.<\/p><p>\u00a0<\/p><h3>11. resoluci\u00f3n de litigios<\/h3><p>Schirmacher ha tomado precauciones razonables para proteger los datos personales, pero se reconoce que no existe ning\u00fan m\u00e9todo de transferencia o almacenamiento de datos personales que sea completamente seguro.<\/p><p>No obstante, Schirmacher se compromete a garantizar la protecci\u00f3n de los datos personales. Si por cualquier motivo cree que la seguridad de sus datos personales se ha visto comprometida o que se ha hecho un uso indebido de los mismos, p\u00f3ngase en contacto con Schirmacher por correo electr\u00f3nico en la direcci\u00f3n datenschutz@schirmacher-hf.de.<\/p><p>Schirmacher investigar\u00e1 el caso y har\u00e1 un seguimiento de las reclamaciones relativas al uso y divulgaci\u00f3n de datos personales de conformidad con los principios establecidos en la presente Pol\u00edtica de Privacidad.<\/p><p>\u00a0<\/p><h3>12. CONTACTO<\/h3><p>Si tiene m\u00e1s preguntas sobre esta pol\u00edtica de privacidad o cualquier otra duda sobre sus derechos sobre sus datos personales, puede enviar un correo electr\u00f3nico a la siguiente direcci\u00f3n: datenschutz@schirmacher-hf.de<\/p><p>\u00a0<\/p><h3>13. FECHA DE ENTRADA EN VIGOR DE LA POL\u00cdTICA DE PRIVACIDAD Y DE SUS MODIFICACIONES<\/h3><p>Esta Pol\u00edtica de Privacidad puede ser actualizada de acuerdo con los requisitos y circunstancias de Schirmacher o de acuerdo con los requisitos de las leyes y reglamentos aplicables. Por lo tanto, le rogamos que compruebe peri\u00f3dicamente las actualizaciones.<\/p><p>En caso de cambios importantes en esta pol\u00edtica de privacidad, Schirmacher podr\u00e1 informarle al respecto por correo electr\u00f3nico o mediante una notificaci\u00f3n en el sitio web.<\/p><p>\u00daltima modificaci\u00f3n: Esta pol\u00edtica de privacidad se modific\u00f3 por \u00faltima vez el 01 de octubre de 2025.<\/p><p>\u00a0<\/p>\t\t\t\t\t\t\t\t<\/div>\n\t\t\t\t\t<\/div>\n\t\t\t\t<\/div>\n\t\t\t\t<\/div>","protected":false},"excerpt":{"rendered":"<p>Datenschutzerkl\u00e4rung In dieser Datenschutzerkl\u00e4rung erfahren Sie (wie unten definiert), wie die Heinz Schirmacher GmbH Ihre personenbezogenen Daten erfasst und verwendet und wie Sie deren Verwendung kontrollieren k\u00f6nnen. Die Heinz Schirmacher GmbH (nachfolgend als \u201eSchirmacher\u201c bezeichnet), verarbeitet personenbezogene Daten im Rahmen ihrer Gesch\u00e4ftst\u00e4tigkeit, einschlie\u00dflich der personenbezogenen Daten von Personen, die die Schirmacher Website nutzen und durchsuchen [&hellip;]<\/p>\n","protected":false},"author":1,"featured_media":0,"parent":0,"menu_order":0,"comment_status":"closed","ping_status":"closed","template":"","meta":{"_acf_changed":false,"footnotes":""},"class_list":["post-2579","page","type-page","status-publish","hentry"],"acf":[],"_links":{"self":[{"href":"https:\/\/schirmacher-hf.de\/es\/wp-json\/wp\/v2\/pages\/2579","targetHints":{"allow":["GET"]}}],"collection":[{"href":"https:\/\/schirmacher-hf.de\/es\/wp-json\/wp\/v2\/pages"}],"about":[{"href":"https:\/\/schirmacher-hf.de\/es\/wp-json\/wp\/v2\/types\/page"}],"author":[{"embeddable":true,"href":"https:\/\/schirmacher-hf.de\/es\/wp-json\/wp\/v2\/users\/1"}],"replies":[{"embeddable":true,"href":"https:\/\/schirmacher-hf.de\/es\/wp-json\/wp\/v2\/comments?post=2579"}],"version-history":[{"count":0,"href":"https:\/\/schirmacher-hf.de\/es\/wp-json\/wp\/v2\/pages\/2579\/revisions"}],"wp:attachment":[{"href":"https:\/\/schirmacher-hf.de\/es\/wp-json\/wp\/v2\/media?parent=2579"}],"curies":[{"name":"wp","href":"https:\/\/api.w.org\/{rel}","templated":true}]}}