{"id":2573,"date":"2025-09-02T11:22:46","date_gmt":"2025-09-02T09:22:46","guid":{"rendered":"https:\/\/schirmacher-hf.de\/?page_id=2573"},"modified":"2025-12-05T17:18:14","modified_gmt":"2025-12-05T16:18:14","slug":"imprimir","status":"publish","type":"page","link":"https:\/\/schirmacher-hf.de\/es\/impressum\/","title":{"rendered":"Pie de imprenta"},"content":{"rendered":"<div data-elementor-type=\"wp-page\" data-elementor-id=\"2573\" class=\"elementor elementor-2573\" data-elementor-post-type=\"page\">\n\t\t\t\t<div class=\"elementor-element elementor-element-8751668 e-flex e-con-boxed e-con e-parent\" data-id=\"8751668\" data-element_type=\"container\" data-e-type=\"container\" data-settings=\"{&quot;background_background&quot;:&quot;classic&quot;}\">\n\t\t\t\t\t<div class=\"e-con-inner\">\n\t\t<div class=\"elementor-element elementor-element-f646b54 e-flex e-con-boxed e-con e-child\" data-id=\"f646b54\" data-element_type=\"container\" data-e-type=\"container\" data-settings=\"{&quot;background_background&quot;:&quot;classic&quot;}\">\n\t\t\t\t\t<div class=\"e-con-inner\">\n\t\t\t\t<div class=\"elementor-element elementor-element-36e94e8 elementor-widget elementor-widget-heading\" data-id=\"36e94e8\" data-element_type=\"widget\" data-e-type=\"widget\" data-widget_type=\"heading.default\">\n\t\t\t\t\t<h1 class=\"elementor-heading-title elementor-size-default\">Pie de imprenta<\/h1>\t\t\t\t<\/div>\n\t\t\t\t<div class=\"elementor-element elementor-element-f7d685f elementor-widget-divider--view-line elementor-widget elementor-widget-divider\" data-id=\"f7d685f\" data-element_type=\"widget\" data-e-type=\"widget\" data-widget_type=\"divider.default\">\n\t\t\t\t\t\t\t<div class=\"elementor-divider\">\n\t\t\t<span class=\"elementor-divider-separator\">\n\t\t\t\t\t\t<\/span>\n\t\t<\/div>\n\t\t\t\t\t\t<\/div>\n\t\t\t\t\t<\/div>\n\t\t\t\t<\/div>\n\t\t\t\t<div class=\"elementor-element elementor-element-c66cdb8 elementor-widget elementor-widget-html\" data-id=\"c66cdb8\" data-element_type=\"widget\" data-e-type=\"widget\" data-widget_type=\"html.default\">\n\t\t\t\t\t<!-- Event snippet for Seitenaufruf conversion page -->\r\n<script>\r\n  gtag('event', 'conversion', {\r\n      'send_to': 'AW-17533887468\/6bdBCPuS864bEOzH56hB',\r\n      'value': 1.0,\r\n      'currency': 'EUR'\r\n  });\r\n<\/script>\r\n\r\n\t\t\t\t<\/div>\n\t\t\t\t\t<\/div>\n\t\t\t\t<\/div>\n\t\t<div class=\"elementor-element elementor-element-c6c5451 e-flex e-con-boxed e-con e-parent\" data-id=\"c6c5451\" data-element_type=\"container\" data-e-type=\"container\">\n\t\t\t\t\t<div class=\"e-con-inner\">\n\t\t\t\t<div class=\"elementor-element elementor-element-c3de670 elementor-widget elementor-widget-text-editor\" data-id=\"c3de670\" data-element_type=\"widget\" data-e-type=\"widget\" data-widget_type=\"text-editor.default\">\n\t\t\t\t\t\t\t\t\t<p><strong>Heinz Schirmacher GmbH<\/strong><\/p><p>Otto-Hahn-Str. 7<br \/>D-22946 Trittau<\/p><p>Tel\u00e9fono: +49 \/ 4154 \/ 8616 - 0<br \/>Fax: +49 \/ 4154 \/ 3018<br \/>correo electr\u00f3nico:\u00a0<a href=\"mailto:info@schirmacher-hf.de\">info@schirmacher-hf.de<\/a><\/p><p><strong>Representado por:<\/strong><br \/>Director General: Sven Kuntschmann<\/p><p><strong>Registre su entrada:<\/strong><br \/>Inscrita en el registro mercantil.<br \/>Tribunal de registro: Juzgado de Primera Instancia de L\u00fcbeck<br \/>N\u00famero de registro: HRB 133<\/p><p>Agencia Tributaria de Stormarn N\u00famero de identificaci\u00f3n fiscal 30 292 14 207<\/p><p>N\u00famero de identificaci\u00f3n fiscal DE 135 101 730<\/p>\t\t\t\t\t\t\t\t<\/div>\n\t\t\t\t\t<\/div>\n\t\t\t\t<\/div>\n\t\t<div class=\"elementor-element elementor-element-2dcc5ee e-flex e-con-boxed e-con e-parent\" data-id=\"2dcc5ee\" data-element_type=\"container\" data-e-type=\"container\">\n\t\t\t\t\t<div class=\"e-con-inner\">\n\t\t\t\t<div class=\"elementor-element elementor-element-e7e0d2a elementor-widget elementor-widget-text-editor\" data-id=\"e7e0d2a\" data-element_type=\"widget\" data-e-type=\"widget\" data-widget_type=\"text-editor.default\">\n\t\t\t\t\t\t\t\t\t<p><strong>Puede consultar nuestras Condiciones Generales de Contrataci\u00f3n (CGC) aqu\u00ed:\u00a0<span style=\"text-decoration: underline;\"><a href=\"\/wp-content\/uploads\/2025\/09\/AGB20.pdf\">AGB (archivo PDF).\u00a0<\/a><\/span><\/strong><\/p><p>Dise\u00f1o y programaci\u00f3n:\u00a0<a href=\"https:\/\/seofoxx.de\/\" target=\"_blank\" rel=\"noopener\">www.seofoxx.de<\/a><\/p><p>\u00a0<\/p><p><strong>Aviso legal<\/strong><\/p><p><strong>\u00a71 Advertencia sobre el contenido<\/strong><br \/>Los autores no asumen responsabilidad alguna por la actualidad, exactitud, integridad o calidad de la informaci\u00f3n facilitada.<\/p><p><strong>\u00a72 Derechos de autor y derechos afines<\/strong><br \/>El contenido publicado en este sitio web est\u00e1 sujeto a la legislaci\u00f3n alemana sobre derechos de autor y derechos conexos. La reproducci\u00f3n o utilizaci\u00f3n de los datos publicados no est\u00e1 permitida sin el consentimiento de Heinz Schirmacher GmbH y est\u00e1 penada por la ley.<\/p><p><strong>\u00a73 Enlaces externos<\/strong><br \/>Este sitio web puede contener enlaces a sitios web de terceros (\u201eenlaces externos\u201c). A pesar de comprobar cuidadosamente el contenido, no asumimos ninguna responsabilidad por el contenido de los enlaces externos. Los operadores de los sitios enlazados son los \u00fanicos responsables de su contenido.<\/p><p>Cuando se crearon por primera vez los enlaces externos, comprobamos si los contenidos de terceros infring\u00edan la ley. En aquel momento no se detect\u00f3 ninguna infracci\u00f3n. La supervisi\u00f3n constante de los enlaces externos no es razonable sin pruebas concretas de infracciones legales. Sin embargo, si tenemos conocimiento de alguna infracci\u00f3n legal, dichos enlaces externos se eliminar\u00e1n inmediatamente.<\/p>\t\t\t\t\t\t\t\t<\/div>\n\t\t\t\t\t<\/div>\n\t\t\t\t<\/div>\n\t\t\t\t<\/div>","protected":false},"excerpt":{"rendered":"<p>Impressum Heinz Schirmacher GmbH Otto-Hahn-Str. 7D-22946 Trittau Telefon: +49 \/ 4154 \/ 8616 \u2013 0Telefax: +49 \/ 4154 \/ 3018E-Mail:\u00a0info@schirmacher-hf.de Vertreten durch:Gesch\u00e4ftsf\u00fchrer: Sven Kuntschmann Registereintrag:Eingetragen im Handelsregister.Registergericht: Amtsgericht L\u00fcbeckRegisternummer: HRB 133 Finanzamt Stormarn Steuer Nr. 30 292 14 207 Umsatzsteuer Identifikationsnummer DE 135 101 730 Unsere Allgemeinen Gesch\u00e4ftsbedingungen (AGB) finden Sie hier:\u00a0AGB (PDF-Datei).\u00a0 Design und [&hellip;]<\/p>\n","protected":false},"author":1,"featured_media":0,"parent":0,"menu_order":0,"comment_status":"closed","ping_status":"closed","template":"","meta":{"_acf_changed":false,"footnotes":""},"class_list":["post-2573","page","type-page","status-publish","hentry"],"acf":[],"_links":{"self":[{"href":"https:\/\/schirmacher-hf.de\/es\/wp-json\/wp\/v2\/pages\/2573","targetHints":{"allow":["GET"]}}],"collection":[{"href":"https:\/\/schirmacher-hf.de\/es\/wp-json\/wp\/v2\/pages"}],"about":[{"href":"https:\/\/schirmacher-hf.de\/es\/wp-json\/wp\/v2\/types\/page"}],"author":[{"embeddable":true,"href":"https:\/\/schirmacher-hf.de\/es\/wp-json\/wp\/v2\/users\/1"}],"replies":[{"embeddable":true,"href":"https:\/\/schirmacher-hf.de\/es\/wp-json\/wp\/v2\/comments?post=2573"}],"version-history":[{"count":0,"href":"https:\/\/schirmacher-hf.de\/es\/wp-json\/wp\/v2\/pages\/2573\/revisions"}],"wp:attachment":[{"href":"https:\/\/schirmacher-hf.de\/es\/wp-json\/wp\/v2\/media?parent=2573"}],"curies":[{"name":"wp","href":"https:\/\/api.w.org\/{rel}","templated":true}]}}