{"id":851,"date":"2025-03-07T15:38:06","date_gmt":"2025-03-07T14:38:06","guid":{"rendered":"https:\/\/schirmacher-hf.de\/?page_id=851"},"modified":"2025-12-01T12:57:40","modified_gmt":"2025-12-01T11:57:40","slug":"other_welding_processes","status":"publish","type":"page","link":"https:\/\/schirmacher-hf.de\/en\/weitere_schweissverfahren\/","title":{"rendered":"Other welding processes"},"content":{"rendered":"\t\t<div data-elementor-type=\"wp-page\" data-elementor-id=\"851\" class=\"elementor elementor-851\" data-elementor-post-type=\"page\">\n\t\t\t\t<div class=\"elementor-element elementor-element-4725287 e-flex e-con-boxed e-con e-parent\" data-id=\"4725287\" data-element_type=\"container\" data-e-type=\"container\" data-settings=\"{&quot;background_background&quot;:&quot;classic&quot;}\">\n\t\t\t\t\t<div class=\"e-con-inner\">\n\t\t<div class=\"elementor-element elementor-element-f5e924f e-flex e-con-boxed e-con e-child\" data-id=\"f5e924f\" data-element_type=\"container\" data-e-type=\"container\" data-settings=\"{&quot;background_background&quot;:&quot;classic&quot;}\">\n\t\t\t\t\t<div class=\"e-con-inner\">\n\t\t\t\t<div class=\"elementor-element elementor-element-bfeeb61 elementor-widget elementor-widget-heading\" data-id=\"bfeeb61\" data-element_type=\"widget\" data-e-type=\"widget\" data-widget_type=\"heading.default\">\n\t\t\t\t\t<h1 class=\"elementor-heading-title elementor-size-default\">Weitere Schwei\u00dfverfahren<\/h1>\t\t\t\t<\/div>\n\t\t\t\t\t<\/div>\n\t\t\t\t<\/div>\n\t\t\t\t\t<\/div>\n\t\t\t\t<\/div>\n\t\t<div class=\"elementor-element elementor-element-70ff632 e-flex e-con-boxed e-con e-parent\" data-id=\"70ff632\" data-element_type=\"container\" data-e-type=\"container\" data-settings=\"{&quot;background_background&quot;:&quot;classic&quot;,&quot;sticky&quot;:&quot;top&quot;,&quot;sticky_on&quot;:[&quot;desktop&quot;,&quot;tablet&quot;],&quot;sticky_offset&quot;:90,&quot;sticky_effects_offset&quot;:0,&quot;sticky_anchor_link_offset&quot;:0}\">\n\t\t\t\t\t<div class=\"e-con-inner\">\n\t\t<div class=\"elementor-element elementor-element-e5001b1 e-con-full e-flex e-con e-child\" data-id=\"e5001b1\" data-element_type=\"container\" data-e-type=\"container\">\n\t\t\t\t<div class=\"elementor-element elementor-element-c7094c9 elementor-widget elementor-widget-button\" data-id=\"c7094c9\" data-element_type=\"widget\" data-e-type=\"widget\" data-widget_type=\"button.default\">\n\t\t\t\t\t\t\t\t\t\t<a class=\"elementor-button elementor-button-link elementor-size-sm elementor-animation-grow\" href=\"#was-ist-wi-schweissen\">\n\t\t\t\t\t\t<span class=\"elementor-button-content-wrapper\">\n\t\t\t\t\t\t\t\t\t<span class=\"elementor-button-text\">Was ist WI-Schwei\u00dfen<\/span>\n\t\t\t\t\t<\/span>\n\t\t\t\t\t<\/a>\n\t\t\t\t\t\t\t\t<\/div>\n\t\t\t\t<\/div>\n\t\t<div class=\"elementor-element elementor-element-1d87107 e-con-full e-flex e-con e-child\" data-id=\"1d87107\" data-element_type=\"container\" data-e-type=\"container\">\n\t\t\t\t<div class=\"elementor-element elementor-element-8252a0b elementor-widget elementor-widget-button\" data-id=\"8252a0b\" data-element_type=\"widget\" data-e-type=\"widget\" data-widget_type=\"button.default\">\n\t\t\t\t\t\t\t\t\t\t<a class=\"elementor-button elementor-button-link elementor-size-sm elementor-animation-grow\" href=\"#was-ist-waerme-kontakt-schweissen\">\n\t\t\t\t\t\t<span class=\"elementor-button-content-wrapper\">\n\t\t\t\t\t\t\t\t\t<span class=\"elementor-button-text\">Was ist W\u00e4rme-Kontakt-Schwei\u00dfen<\/span>\n\t\t\t\t\t<\/span>\n\t\t\t\t\t<\/a>\n\t\t\t\t\t\t\t\t<\/div>\n\t\t\t\t<\/div>\n\t\t<div class=\"elementor-element elementor-element-63daedf e-con-full e-flex e-con e-child\" data-id=\"63daedf\" data-element_type=\"container\" data-e-type=\"container\">\n\t\t\t\t<div class=\"elementor-element elementor-element-a8ab069 elementor-widget elementor-widget-button\" data-id=\"a8ab069\" data-element_type=\"widget\" data-e-type=\"widget\" data-widget_type=\"button.default\">\n\t\t\t\t\t\t\t\t\t\t<a class=\"elementor-button elementor-button-link elementor-size-sm elementor-animation-grow\" href=\"#was-ist-us-schweissen\">\n\t\t\t\t\t\t<span class=\"elementor-button-content-wrapper\">\n\t\t\t\t\t\t\t\t\t<span class=\"elementor-button-text\">Was ist USS-Schwei\u00dfen<\/span>\n\t\t\t\t\t<\/span>\n\t\t\t\t\t<\/a>\n\t\t\t\t\t\t\t\t<\/div>\n\t\t\t\t<\/div>\n\t\t\t\t\t<\/div>\n\t\t\t\t<\/div>\n\t\t<div class=\"elementor-element elementor-element-a25c28c e-flex e-con-boxed e-con e-parent\" data-id=\"a25c28c\" data-element_type=\"container\" data-e-type=\"container\" id=\"was-ist-wi-schweissen\">\n\t\t\t\t\t<div class=\"e-con-inner\">\n\t\t<div class=\"elementor-element elementor-element-6da0c49 e-flex e-con-boxed e-con e-child\" data-id=\"6da0c49\" data-element_type=\"container\" data-e-type=\"container\">\n\t\t\t\t\t<div class=\"e-con-inner\">\n\t\t\t\t<div class=\"elementor-element elementor-element-f1f9487 fwp_square elementor-invisible elementor-widget elementor-widget-heading\" data-id=\"f1f9487\" data-element_type=\"widget\" data-e-type=\"widget\" data-settings=\"{&quot;_animation&quot;:&quot;fadeInUp&quot;}\" data-widget_type=\"heading.default\">\n\t\t\t\t\t<h2 class=\"elementor-heading-title elementor-size-default\">Was ist WI-Schwei\u00dfen\n<\/h2>\t\t\t\t<\/div>\n\t\t\t\t<div class=\"elementor-element elementor-element-d4bb869 elementor-widget-divider--view-line elementor-widget elementor-widget-divider\" data-id=\"d4bb869\" data-element_type=\"widget\" data-e-type=\"widget\" data-widget_type=\"divider.default\">\n\t\t\t\t\t\t\t<div class=\"elementor-divider\">\n\t\t\t<span class=\"elementor-divider-separator\">\n\t\t\t\t\t\t<\/span>\n\t\t<\/div>\n\t\t\t\t\t\t<\/div>\n\t\t\t\t\t<\/div>\n\t\t\t\t<\/div>\n\t\t\t\t\t<\/div>\n\t\t\t\t<\/div>\n\t\t<div class=\"elementor-element elementor-element-733a721 e-flex e-con-boxed e-con e-parent\" data-id=\"733a721\" data-element_type=\"container\" data-e-type=\"container\">\n\t\t\t\t\t<div class=\"e-con-inner\">\n\t\t<div class=\"elementor-element elementor-element-2bbd20e e-con-full e-flex e-con e-child\" data-id=\"2bbd20e\" data-element_type=\"container\" data-e-type=\"container\">\n\t\t\t\t<div class=\"elementor-element elementor-element-681b6c6 elementor-widget elementor-widget-image\" data-id=\"681b6c6\" data-element_type=\"widget\" data-e-type=\"widget\" data-widget_type=\"image.default\">\n\t\t\t\t\t\t\t\t\t\t\t\t\t\t\t<img fetchpriority=\"high\" decoding=\"async\" width=\"800\" height=\"534\" src=\"https:\/\/schirmacher-hf.de\/wp-content\/uploads\/2025\/08\/D9.2-Was-ist-Waerme-Impuls-Schweissen-1024x683.jpg\" class=\"attachment-large size-large wp-image-2108\" alt=\"\" srcset=\"https:\/\/schirmacher-hf.de\/wp-content\/uploads\/2025\/08\/D9.2-Was-ist-Waerme-Impuls-Schweissen-1024x683.jpg 1024w, https:\/\/schirmacher-hf.de\/wp-content\/uploads\/2025\/08\/D9.2-Was-ist-Waerme-Impuls-Schweissen-300x200.jpg 300w, https:\/\/schirmacher-hf.de\/wp-content\/uploads\/2025\/08\/D9.2-Was-ist-Waerme-Impuls-Schweissen-768x512.jpg 768w, https:\/\/schirmacher-hf.de\/wp-content\/uploads\/2025\/08\/D9.2-Was-ist-Waerme-Impuls-Schweissen-1536x1024.jpg 1536w, https:\/\/schirmacher-hf.de\/wp-content\/uploads\/2025\/08\/D9.2-Was-ist-Waerme-Impuls-Schweissen-2048x1365.jpg 2048w, https:\/\/schirmacher-hf.de\/wp-content\/uploads\/2025\/08\/D9.2-Was-ist-Waerme-Impuls-Schweissen-18x12.jpg 18w\" sizes=\"(max-width: 800px) 100vw, 800px\" \/>\t\t\t\t\t\t\t\t\t\t\t\t\t\t\t<\/div>\n\t\t\t\t<\/div>\n\t\t<div class=\"elementor-element elementor-element-f6b0274 e-con-full e-flex e-con e-child\" data-id=\"f6b0274\" data-element_type=\"container\" data-e-type=\"container\">\n\t\t\t\t<div class=\"elementor-element elementor-element-585c497 elementor-widget elementor-widget-text-editor\" data-id=\"585c497\" data-element_type=\"widget\" data-e-type=\"widget\" data-widget_type=\"text-editor.default\">\n\t\t\t\t\t\t\t\t\t<p>W\u00e4rme-Impuls-Schwei\u00dfen: Alternative Verbindungstechnologie<\/p><p>Das W\u00e4rme-Impuls-Schwei\u00dfen ist ein etabliertes Verfahren zur Verbindung thermoplastischer Materialien, das insbesondere in der Verpackungs-, Automobil- und Medizintechnik Anwendung findet. Es basiert auf der gezielten Erw\u00e4rmung des Materials durch elektrisch beheizte Schwei\u00dfb\u00e4nder oder -dr\u00e4hte, die nach Erreichen der Schwei\u00dftemperatur wieder abk\u00fchlen, um eine belastbare und dichte Naht zu erzeugen.<\/p><p>Funktionsweise des W\u00e4rme-Impuls-Schwei\u00dfverfahrens<\/p><p>Beim Impulsschwei\u00dfen erfolgt die Erw\u00e4rmung nur f\u00fcr eine definierte Zeitspanne, wodurch der Energieeintrag sehr gezielt gesteuert werden kann. Die Schwei\u00dfdr\u00e4hte oder -b\u00e4nder erw\u00e4rmen das Material genau an der Verbindungsstelle, w\u00e4hrend die restliche Struktur geschont bleibt. Anschlie\u00dfend sorgt eine geregelte Abk\u00fchlphase unter Druck f\u00fcr eine homogene, dichte und stabile Schwei\u00dfnaht.<\/p>\t\t\t\t\t\t\t\t<\/div>\n\t\t\t\t<\/div>\n\t\t\t\t\t<\/div>\n\t\t\t\t<\/div>\n\t\t<div class=\"elementor-element elementor-element-d3387f3 e-flex e-con-boxed e-con e-parent\" data-id=\"d3387f3\" data-element_type=\"container\" data-e-type=\"container\">\n\t\t\t\t\t<div class=\"e-con-inner\">\n\t\t\t\t<div class=\"elementor-element elementor-element-bcf124f elementor-widget elementor-widget-text-editor\" data-id=\"bcf124f\" data-element_type=\"widget\" data-e-type=\"widget\" data-widget_type=\"text-editor.default\">\n\t\t\t\t\t\t\t\t\t<p>Vorteile des W\u00e4rme-Impuls-Schwei\u00dfens:<\/p><ul><li><p>Punktgenaue Energieeinbringung f\u00fcr materialschonendes Schwei\u00dfen<\/p><\/li><li><p>Schnelles Aufheizen und Abk\u00fchlen erm\u00f6glicht kurze Taktzeiten<\/p><\/li><li><p>Hohe Nahtqualit\u00e4t durch gleichm\u00e4\u00dfige Temperaturkontrolle<\/p><\/li><li><p>Energieeffizientes Verfahren, da die Heizung nur w\u00e4hrend der Impulsphase aktiv ist<\/p><\/li><li><p>Vielf\u00e4ltige Materialkompatibilit\u00e4t, insbesondere f\u00fcr Folien, Membranen und Textilien<\/p><\/li><\/ul><p><br \/><br \/><br \/>Einsatzbereiche des Impuls-Schwei\u00dfverfahrens<br \/><br \/>Das Impuls-W\u00e4rmeschwei\u00dfen wird in vielen Branchen verwendet:<\/p><ul><li><p>Verpackungsindustrie: Herstellung von Beuteln, Blistern und Folienverpackungen<\/p><\/li><li><p>Medizintechnik: Produktion von sterilen Verpackungen und Schutzh\u00fcllen<\/p><\/li><li><p>Automobilindustrie: Verbindung von thermoplastischen Innenraummaterialien<\/p><\/li><li><p>Textilindustrie: Schwei\u00dfen von beschichteten Geweben, Planen und Schutzkleidung<\/p><\/li><\/ul><p>Dank moderner Steuerungstechnologien ist das W\u00e4rme-Impuls-Schwei\u00dfen eine zukunftssichere Methode, die h\u00f6chste Qualit\u00e4t, Energieeffizienz und Materialvielfalt bietet.<\/p>\t\t\t\t\t\t\t\t<\/div>\n\t\t\t\t\t<\/div>\n\t\t\t\t<\/div>\n\t\t<div class=\"elementor-element elementor-element-7fd7db7 e-flex e-con-boxed e-con e-parent\" data-id=\"7fd7db7\" data-element_type=\"container\" data-e-type=\"container\" id=\"was-ist-waerme-kontakt-schweissen\">\n\t\t\t\t\t<div class=\"e-con-inner\">\n\t\t<div class=\"elementor-element elementor-element-0d0ebc1 e-flex e-con-boxed e-con e-child\" data-id=\"0d0ebc1\" data-element_type=\"container\" data-e-type=\"container\">\n\t\t\t\t\t<div class=\"e-con-inner\">\n\t\t\t\t<div class=\"elementor-element elementor-element-89ce73f fwp_square elementor-invisible elementor-widget elementor-widget-heading\" data-id=\"89ce73f\" data-element_type=\"widget\" data-e-type=\"widget\" data-settings=\"{&quot;_animation&quot;:&quot;fadeInUp&quot;}\" data-widget_type=\"heading.default\">\n\t\t\t\t\t<h2 class=\"elementor-heading-title elementor-size-default\">Was ist W\u00e4rme-Kontakt-Schwei\u00dfen\n<\/h2>\t\t\t\t<\/div>\n\t\t\t\t<div class=\"elementor-element elementor-element-ff6982f elementor-widget-divider--view-line elementor-widget elementor-widget-divider\" data-id=\"ff6982f\" data-element_type=\"widget\" data-e-type=\"widget\" data-widget_type=\"divider.default\">\n\t\t\t\t\t\t\t<div class=\"elementor-divider\">\n\t\t\t<span class=\"elementor-divider-separator\">\n\t\t\t\t\t\t<\/span>\n\t\t<\/div>\n\t\t\t\t\t\t<\/div>\n\t\t\t\t\t<\/div>\n\t\t\t\t<\/div>\n\t\t\t\t\t<\/div>\n\t\t\t\t<\/div>\n\t\t<div class=\"elementor-element elementor-element-8ac7df5 e-flex e-con-boxed e-con e-parent\" data-id=\"8ac7df5\" data-element_type=\"container\" data-e-type=\"container\">\n\t\t\t\t\t<div class=\"e-con-inner\">\n\t\t<div class=\"elementor-element elementor-element-3f425ce e-con-full e-flex e-con e-child\" data-id=\"3f425ce\" data-element_type=\"container\" data-e-type=\"container\">\n\t\t\t\t<div class=\"elementor-element elementor-element-5e7073d elementor-widget elementor-widget-image\" data-id=\"5e7073d\" data-element_type=\"widget\" data-e-type=\"widget\" data-widget_type=\"image.default\">\n\t\t\t\t\t\t\t\t\t\t\t\t\t\t\t<img decoding=\"async\" width=\"800\" height=\"534\" src=\"https:\/\/schirmacher-hf.de\/wp-content\/uploads\/2025\/08\/D9.3b-Was-ist-Waerme-Kontakt-Schweissen-1024x683.jpg\" class=\"attachment-large size-large wp-image-2109\" alt=\"\" srcset=\"https:\/\/schirmacher-hf.de\/wp-content\/uploads\/2025\/08\/D9.3b-Was-ist-Waerme-Kontakt-Schweissen-1024x683.jpg 1024w, https:\/\/schirmacher-hf.de\/wp-content\/uploads\/2025\/08\/D9.3b-Was-ist-Waerme-Kontakt-Schweissen-300x200.jpg 300w, https:\/\/schirmacher-hf.de\/wp-content\/uploads\/2025\/08\/D9.3b-Was-ist-Waerme-Kontakt-Schweissen-768x512.jpg 768w, https:\/\/schirmacher-hf.de\/wp-content\/uploads\/2025\/08\/D9.3b-Was-ist-Waerme-Kontakt-Schweissen-1536x1024.jpg 1536w, https:\/\/schirmacher-hf.de\/wp-content\/uploads\/2025\/08\/D9.3b-Was-ist-Waerme-Kontakt-Schweissen-2048x1365.jpg 2048w, https:\/\/schirmacher-hf.de\/wp-content\/uploads\/2025\/08\/D9.3b-Was-ist-Waerme-Kontakt-Schweissen-18x12.jpg 18w\" sizes=\"(max-width: 800px) 100vw, 800px\" \/>\t\t\t\t\t\t\t\t\t\t\t\t\t\t\t<\/div>\n\t\t\t\t<\/div>\n\t\t<div class=\"elementor-element elementor-element-336304a e-con-full e-flex e-con e-child\" data-id=\"336304a\" data-element_type=\"container\" data-e-type=\"container\">\n\t\t\t\t<div class=\"elementor-element elementor-element-c408ad5 elementor-widget elementor-widget-text-editor\" data-id=\"c408ad5\" data-element_type=\"widget\" data-e-type=\"widget\" data-widget_type=\"text-editor.default\">\n\t\t\t\t\t\t\t\t\t<p>W\u00e4rme-Kontakt-Schwei\u00dfen: Einfache Verbindung durch direkte W\u00e4rmeeinwirkung<\/p><p>Das W\u00e4rme-Kontakt-Schwei\u00dfen ist eine bew\u00e4hrte Technologie zur dauerhaften Verbindung von thermoplastischen Materialien. Dieses Verfahren nutzt beheizte Schwei\u00dfwerkzeuge, um die Kunststoffoberfl\u00e4chen direkt aufzuschmelzen und miteinander zu verbinden. Es wird vor allem in der Automobil-, Verpackungs- und Elektrotechnikindustrie eingesetzt.<\/p><p>Funktionsweise des W\u00e4rme-Kontakt-Schwei\u00dfverfahrens<\/p><p>Beim W\u00e4rme-Kontakt-Schwei\u00dfen erfolgt die Erw\u00e4rmung des Materials durch hei\u00dfe Werkzeuge, die mit kontrollierter Temperatur und definiertem Druck auf die Verbindungsstelle aufgebracht werden. Sobald das Material aufgeschmolzen ist, werden die Werkzeuge entfernt und das Werkst\u00fcck unter Druck abgek\u00fchlt, um eine stabile und belastbare Schwei\u00dfnaht zu erzeugen.<\/p>\t\t\t\t\t\t\t\t<\/div>\n\t\t\t\t<\/div>\n\t\t\t\t\t<\/div>\n\t\t\t\t<\/div>\n\t\t<div class=\"elementor-element elementor-element-5a51c77 e-flex e-con-boxed e-con e-parent\" data-id=\"5a51c77\" data-element_type=\"container\" data-e-type=\"container\">\n\t\t\t\t\t<div class=\"e-con-inner\">\n\t\t\t\t<div class=\"elementor-element elementor-element-9ca7c38 elementor-widget elementor-widget-text-editor\" data-id=\"9ca7c38\" data-element_type=\"widget\" data-e-type=\"widget\" data-widget_type=\"text-editor.default\">\n\t\t\t\t\t\t\t\t\t<p>Vorteile des W\u00e4rme-Kontakt-Schwei\u00dfens:<\/p><ul><li><p>Einfachstes Verfahren: Kosteng\u00fcnstigstes Verfahren zum Verschwei\u00dfen von einfachen Materialien<\/p><\/li><li><p>Breite Materialkompatibilit\u00e4t, u. a. f\u00fcr PP, PE, ABS, PVC und PA<\/p><\/li><li><p>Automatisierbar f\u00fcr industrielle Serienfertigung<\/p><\/li><li><p>Freie Kontur: Schwei\u00dfkontur kann frei gew\u00e4hlt werden<\/p><\/li><\/ul><p>\u00a0<\/p><p>Einsatzbereiche des W\u00e4rme-Kontakt-Schwei\u00dfverfahrens<\/p><p>Das Kontakt-W\u00e4rmeschwei\u00dfen wird h\u00e4ufig in folgenden Industrien verwendet:<\/p><ul><li><p>Automobilindustrie: Herstellung von Kunststoffkomponenten f\u00fcr Innen- und Au\u00dfenbereiche<\/p><\/li><li><p>Verpackungsindustrie: Versiegelung von Blisterverpackungen und Beh\u00e4ltern<\/p><\/li><li><p>Elektrotechnik: Verbindung von Kunststoffgeh\u00e4usen und Steckverbindern<\/p><\/li><li><p>Haushalts- und Konsumg\u00fcter: Schwei\u00dfen von Geh\u00e4usen und funktionalen Bauteilen<\/p><\/li><\/ul><p>Durch den Einsatz moderner Steuerungs- und Automatisierungstechnologien bietet das W\u00e4rme-Kontakt-Schwei\u00dfen eine hohe Prozesssicherheit, Energieeffizienz und qualitative Best\u00e4ndigkeit f\u00fcr zahlreiche industrielle Anwendungen.<\/p>\t\t\t\t\t\t\t\t<\/div>\n\t\t\t\t\t<\/div>\n\t\t\t\t<\/div>\n\t\t<div class=\"elementor-element elementor-element-f4de641 e-flex e-con-boxed e-con e-parent\" data-id=\"f4de641\" data-element_type=\"container\" data-e-type=\"container\" id=\"was-ist-uf-schweissen\">\n\t\t\t\t\t<div class=\"e-con-inner\">\n\t\t<div class=\"elementor-element elementor-element-640e6fe e-flex e-con-boxed e-con e-child\" data-id=\"640e6fe\" data-element_type=\"container\" data-e-type=\"container\">\n\t\t\t\t\t<div class=\"e-con-inner\">\n\t\t\t\t<div class=\"elementor-element elementor-element-9e23b61 fwp_square elementor-invisible elementor-widget elementor-widget-heading\" data-id=\"9e23b61\" data-element_type=\"widget\" data-e-type=\"widget\" data-settings=\"{&quot;_animation&quot;:&quot;fadeInUp&quot;}\" data-widget_type=\"heading.default\">\n\t\t\t\t\t<h2 class=\"elementor-heading-title elementor-size-default\">Was ist Ultraschallschwei\u00dfen\n<\/h2>\t\t\t\t<\/div>\n\t\t\t\t<div class=\"elementor-element elementor-element-e7453c3 elementor-widget-divider--view-line elementor-widget elementor-widget-divider\" data-id=\"e7453c3\" data-element_type=\"widget\" data-e-type=\"widget\" data-widget_type=\"divider.default\">\n\t\t\t\t\t\t\t<div class=\"elementor-divider\">\n\t\t\t<span class=\"elementor-divider-separator\">\n\t\t\t\t\t\t<\/span>\n\t\t<\/div>\n\t\t\t\t\t\t<\/div>\n\t\t\t\t\t<\/div>\n\t\t\t\t<\/div>\n\t\t\t\t\t<\/div>\n\t\t\t\t<\/div>\n\t\t<div class=\"elementor-element elementor-element-92b9c4f e-flex e-con-boxed e-con e-parent\" data-id=\"92b9c4f\" data-element_type=\"container\" data-e-type=\"container\">\n\t\t\t\t\t<div class=\"e-con-inner\">\n\t\t<div class=\"elementor-element elementor-element-40e1b0b e-con-full e-flex e-con e-child\" data-id=\"40e1b0b\" data-element_type=\"container\" data-e-type=\"container\">\n\t\t\t\t<div class=\"elementor-element elementor-element-44d2cf2 elementor-widget elementor-widget-image\" data-id=\"44d2cf2\" data-element_type=\"widget\" data-e-type=\"widget\" data-widget_type=\"image.default\">\n\t\t\t\t\t\t\t\t\t\t\t\t\t\t\t<img decoding=\"async\" width=\"800\" height=\"448\" src=\"https:\/\/schirmacher-hf.de\/wp-content\/uploads\/2025\/09\/AdobeStock_1216274589-1024x574.jpeg\" class=\"attachment-large size-large wp-image-2999\" alt=\"\" srcset=\"https:\/\/schirmacher-hf.de\/wp-content\/uploads\/2025\/09\/AdobeStock_1216274589-1024x574.jpeg 1024w, https:\/\/schirmacher-hf.de\/wp-content\/uploads\/2025\/09\/AdobeStock_1216274589-300x168.jpeg 300w, https:\/\/schirmacher-hf.de\/wp-content\/uploads\/2025\/09\/AdobeStock_1216274589-768x431.jpeg 768w, https:\/\/schirmacher-hf.de\/wp-content\/uploads\/2025\/09\/AdobeStock_1216274589-1536x861.jpeg 1536w, https:\/\/schirmacher-hf.de\/wp-content\/uploads\/2025\/09\/AdobeStock_1216274589-2048x1148.jpeg 2048w, https:\/\/schirmacher-hf.de\/wp-content\/uploads\/2025\/09\/AdobeStock_1216274589-18x10.jpeg 18w\" sizes=\"(max-width: 800px) 100vw, 800px\" \/>\t\t\t\t\t\t\t\t\t\t\t\t\t\t\t<\/div>\n\t\t\t\t<\/div>\n\t\t<div class=\"elementor-element elementor-element-acbf515 e-con-full e-flex e-con e-child\" data-id=\"acbf515\" data-element_type=\"container\" data-e-type=\"container\">\n\t\t\t\t<div class=\"elementor-element elementor-element-b93266a elementor-widget elementor-widget-text-editor\" data-id=\"b93266a\" data-element_type=\"widget\" data-e-type=\"widget\" data-widget_type=\"text-editor.default\">\n\t\t\t\t\t\t\t\t\t<p>Alternative Ultraschall-Schwei\u00dfen?<\/p><p>Neben dem Hochfrequenz-Schwei\u00dfen wird auch das Ultraschall-Schwei\u00dfen als Verfahren zur Verbindung thermoplastischer Materialien eingesetzt. Beide Technologien haben spezifische Vorteile, doch je nach Anwendung und Material kann das Hochfrequenz-Schwei\u00dfen eine \u00fcberlegene Alternative sein.<\/p><p>Was ist Ultraschall-Schwei\u00dfen?<\/p><p>Beim Ultraschall-Schwei\u00dfen werden hochfrequente mechanische Schwingungen genutzt, um die Molek\u00fcle im Material in Bewegung zu versetzen und durch Reibung W\u00e4rme zu erzeugen. Diese lokale Erw\u00e4rmung bringt das Material in einen plastischen Zustand, sodass es unter Druck verbunden werden kann. Der Prozess ist besonders schnell und erfordert keine zus\u00e4tzlichen Klebstoffe oder Heizquellen.<\/p>\t\t\t\t\t\t\t\t<\/div>\n\t\t\t\t<\/div>\n\t\t\t\t\t<\/div>\n\t\t\t\t<\/div>\n\t\t<div class=\"elementor-element elementor-element-9d9acfa e-flex e-con-boxed e-con e-parent\" data-id=\"9d9acfa\" data-element_type=\"container\" data-e-type=\"container\">\n\t\t\t\t\t<div class=\"e-con-inner\">\n\t\t\t\t<div class=\"elementor-element elementor-element-c3835de elementor-widget elementor-widget-text-editor\" data-id=\"c3835de\" data-element_type=\"widget\" data-e-type=\"widget\" data-widget_type=\"text-editor.default\">\n\t\t\t\t\t\t\t\t\t<p>Warum ist Hochfrequenz-Schwei\u00dfen oft die bessere Wahl?<\/p><p>Obwohl das Ultraschall-Schwei\u00dfen in vielen Anwendungen gut funktioniert, st\u00f6\u00dft es bei bestimmten Materialdicken, gr\u00f6\u00dferen Schwei\u00dffl\u00e4chen und speziellen Anforderungen an die Nahtfestigkeit an Grenzen. Das Hochfrequenz-Schwei\u00dfen nutzt elektromagnetische Energie, um die W\u00e4rme direkt im Material zu erzeugen, was eine besonders gleichm\u00e4\u00dfige und tiefgehende Erw\u00e4rmung erm\u00f6glicht. Dadurch k\u00f6nnen auch dickere oder mehrlagige Materialien effizient verbunden werden.<\/p><p>\u00a0<\/p><p>Vorteile des Hochfrequenz-Schwei\u00dfens im Vergleich zum Ultraschall-Schwei\u00dfen:<\/p><ul><li><p>Gleichm\u00e4\u00dfige Energieeinbringung f\u00fcr stabile und belastbare Schwei\u00dfn\u00e4hte<\/p><\/li><li><p>Besonders gut f\u00fcr gr\u00f6\u00dfere Fl\u00e4chen und komplexe Konturen geeignet<\/p><\/li><li><p>Hohe Nahtqualit\u00e4t durch pr\u00e4zise Temperaturkontrolle<\/p><\/li><li><p>Kein Materialabrieb oder Partikelbildung w\u00e4hrend des Schwei\u00dfprozesses<\/p><\/li><li><p>Besonders effizient f\u00fcr Materialien wie PVC, TPU oder bestimmte Polyester<\/p><\/li><\/ul><p>W\u00e4hrend das Ultraschall-Schwei\u00dfen seine St\u00e4rken bei sehr d\u00fcnnen Materialien und feinen Strukturen hat, bietet das Hochfrequenz-Schwei\u00dfen eine \u00fcberlegene Qualit\u00e4t und Haltbarkeit f\u00fcr anspruchsvollere Anwendungen. Die Wahl der richtigen Verbindungstechnologie h\u00e4ngt somit von den spezifischen Anforderungen der Anwendung ab. In vielen industriellen Bereichen, in denen h\u00f6chste Nahtqualit\u00e4t und starke Verbindungen gefragt sind, wird daher bevorzugt auf das HF-Schwei\u00dfen gesetzt.<\/p>\t\t\t\t\t\t\t\t<\/div>\n\t\t\t\t\t<\/div>\n\t\t\t\t<\/div>\n\t\t\t\t<\/div>\n\t\t","protected":false},"excerpt":{"rendered":"<p>Weitere Schwei\u00dfverfahren Was ist WI-Schwei\u00dfen Was ist W\u00e4rme-Kontakt-Schwei\u00dfen Was ist USS-Schwei\u00dfen Was ist WI-Schwei\u00dfen W\u00e4rme-Impuls-Schwei\u00dfen: Alternative Verbindungstechnologie Das W\u00e4rme-Impuls-Schwei\u00dfen ist ein etabliertes Verfahren zur Verbindung thermoplastischer Materialien, das insbesondere in der Verpackungs-, Automobil- und Medizintechnik Anwendung findet. Es basiert auf der gezielten Erw\u00e4rmung des Materials durch elektrisch beheizte Schwei\u00dfb\u00e4nder oder -dr\u00e4hte, die nach Erreichen der [&hellip;]<\/p>\n","protected":false},"author":1,"featured_media":0,"parent":0,"menu_order":0,"comment_status":"closed","ping_status":"closed","template":"","meta":{"_acf_changed":false,"footnotes":""},"class_list":["post-851","page","type-page","status-publish","hentry"],"acf":[],"_links":{"self":[{"href":"https:\/\/schirmacher-hf.de\/en\/wp-json\/wp\/v2\/pages\/851","targetHints":{"allow":["GET"]}}],"collection":[{"href":"https:\/\/schirmacher-hf.de\/en\/wp-json\/wp\/v2\/pages"}],"about":[{"href":"https:\/\/schirmacher-hf.de\/en\/wp-json\/wp\/v2\/types\/page"}],"author":[{"embeddable":true,"href":"https:\/\/schirmacher-hf.de\/en\/wp-json\/wp\/v2\/users\/1"}],"replies":[{"embeddable":true,"href":"https:\/\/schirmacher-hf.de\/en\/wp-json\/wp\/v2\/comments?post=851"}],"version-history":[{"count":0,"href":"https:\/\/schirmacher-hf.de\/en\/wp-json\/wp\/v2\/pages\/851\/revisions"}],"wp:attachment":[{"href":"https:\/\/schirmacher-hf.de\/en\/wp-json\/wp\/v2\/media?parent=851"}],"curies":[{"name":"wp","href":"https:\/\/api.w.org\/{rel}","templated":true}]}}